{"id":13955,"date":"2022-05-30T19:34:06","date_gmt":"2022-05-30T17:34:06","guid":{"rendered":"https:\/\/www.diasen.com\/cobertura\/"},"modified":"2022-07-14T10:20:42","modified_gmt":"2022-07-14T08:20:42","slug":"cobertura","status":"publish","type":"page","link":"https:\/\/www.diasen.com\/pt-pt\/cobertura\/","title":{"rendered":"Cobertura"},"content":{"rendered":"[vc_row type=&#8221;in_container&#8221; full_screen_row_position=&#8221;middle&#8221; column_margin=&#8221;default&#8221; scene_position=&#8221;center&#8221; text_color=&#8221;dark&#8221; text_align=&#8221;left&#8221; top_padding=&#8221;50&#8243; bottom_padding=&#8221;50&#8243; overlay_strength=&#8221;0.3&#8243; shape_divider_position=&#8221;bottom&#8221; bg_image_animation=&#8221;none&#8221; shape_type=&#8221;&#8221;][vc_column column_padding=&#8221;no-extra-padding&#8221; column_padding_position=&#8221;all&#8221; background_color_opacity=&#8221;1&#8243; background_hover_color_opacity=&#8221;1&#8243; column_link_target=&#8221;_self&#8221; column_shadow=&#8221;none&#8221; column_border_radius=&#8221;none&#8221; width=&#8221;1\/6&#8243; tablet_width_inherit=&#8221;default&#8221; tablet_text_alignment=&#8221;default&#8221; phone_text_alignment=&#8221;default&#8221; overlay_strength=&#8221;0.3&#8243; column_border_width=&#8221;none&#8221; column_border_style=&#8221;solid&#8221; bg_image_animation=&#8221;none&#8221;][\/vc_column][vc_column centered_text=&#8221;true&#8221; column_padding=&#8221;no-extra-padding&#8221; column_padding_position=&#8221;all&#8221; background_color_opacity=&#8221;1&#8243; background_hover_color_opacity=&#8221;1&#8243; column_link_target=&#8221;_self&#8221; column_shadow=&#8221;none&#8221; column_border_radius=&#8221;none&#8221; width=&#8221;2\/3&#8243; tablet_width_inherit=&#8221;default&#8221; tablet_text_alignment=&#8221;default&#8221; phone_text_alignment=&#8221;default&#8221; overlay_strength=&#8221;0.3&#8243; column_border_width=&#8221;none&#8221; column_border_style=&#8221;solid&#8221; bg_image_animation=&#8221;none&#8221;][vc_column_text css=&#8221;.vc_custom_1610125037695{padding-top: 0px !important;padding-bottom: 30px !important;}&#8221;]\n<h3 style=\"text-align: center;\">Ambientes<\/h3>\n<h2 style=\"text-align: center;\">Coberturas<\/h2>\n<h3 style=\"text-align: center;\">A cobertura, seja plana ou inclinada, apresenta geralmente problemas relacionados com as infiltra\u00e7\u00f5es de \u00e1gua. As solu\u00e7\u00f5es impermeabilizantes da Diasen permitem impermeabilizar de forma r\u00e1pida e definitiva qualquer tipo de cobertura, com a possibilidade de intervir tamb\u00e9m em superf\u00edcies j\u00e1 impermeabilizadas com as telas betuminosas asf\u00e1lticas tradicionais, evitando desta forma os custos de elimina\u00e7\u00e3o.<\/h3>\n[\/vc_column_text][image_with_animation image_url=&#8221;2346&#8243; alignment=&#8221;center&#8221; animation=&#8221;None&#8221; hover_animation=&#8221;none&#8221; border_radius=&#8221;none&#8221; box_shadow=&#8221;none&#8221; image_loading=&#8221;default&#8221; max_width=&#8221;100%&#8221; max_width_mobile=&#8221;default&#8221;][\/vc_column][vc_column column_padding=&#8221;no-extra-padding&#8221; column_padding_position=&#8221;all&#8221; background_color_opacity=&#8221;1&#8243; background_hover_color_opacity=&#8221;1&#8243; column_link_target=&#8221;_self&#8221; column_shadow=&#8221;none&#8221; column_border_radius=&#8221;none&#8221; width=&#8221;1\/6&#8243; tablet_width_inherit=&#8221;default&#8221; tablet_text_alignment=&#8221;default&#8221; phone_text_alignment=&#8221;default&#8221; overlay_strength=&#8221;0.3&#8243; column_border_width=&#8221;none&#8221; column_border_style=&#8221;solid&#8221; bg_image_animation=&#8221;none&#8221;][\/vc_column][\/vc_row][vc_row type=&#8221;in_container&#8221; full_screen_row_position=&#8221;middle&#8221; column_margin=&#8221;default&#8221; scene_position=&#8221;center&#8221; text_color=&#8221;dark&#8221; text_align=&#8221;left&#8221; bottom_padding=&#8221;50&#8243; overlay_strength=&#8221;0.3&#8243; shape_divider_position=&#8221;bottom&#8221; bg_image_animation=&#8221;none&#8221; shape_type=&#8221;&#8221;][vc_column column_padding=&#8221;no-extra-padding&#8221; column_padding_position=&#8221;all&#8221; background_color_opacity=&#8221;1&#8243; background_hover_color_opacity=&#8221;1&#8243; column_link_target=&#8221;_self&#8221; column_shadow=&#8221;none&#8221; column_border_radius=&#8221;none&#8221; width=&#8221;1\/2&#8243; tablet_width_inherit=&#8221;default&#8221; tablet_text_alignment=&#8221;default&#8221; phone_text_alignment=&#8221;default&#8221; overlay_strength=&#8221;0.3&#8243; column_border_width=&#8221;none&#8221; column_border_style=&#8221;solid&#8221; bg_image_animation=&#8221;none&#8221;][vc_column_text]Os revestimentos multifuncionais tamb\u00e9m permitem criar superf\u00edcies adequadas a uma grande variedade de utiliza\u00e7\u00f5es \u2014 revestimentos adequados \u00e0 circula\u00e7\u00e3o de ve\u00edculos revestimentos para zonas pedonais, revestimentos ultrarrefletores \u2014 que podem ser utilizados tanto para reduzir os efeitos da radia\u00e7\u00e3o solar como para aumentar a efici\u00eancia dos pain\u00e9is fotovoltaicos, que s\u00e3o cada vez mais instalados nos telhados dos edif\u00edcios.[\/vc_column_text][\/vc_column][vc_column column_padding=&#8221;no-extra-padding&#8221; column_padding_position=&#8221;all&#8221; background_color_opacity=&#8221;1&#8243; background_hover_color_opacity=&#8221;1&#8243; column_link_target=&#8221;_self&#8221; column_shadow=&#8221;none&#8221; column_border_radius=&#8221;none&#8221; width=&#8221;1\/2&#8243; tablet_width_inherit=&#8221;default&#8221; tablet_text_alignment=&#8221;default&#8221; phone_text_alignment=&#8221;default&#8221; overlay_strength=&#8221;0.3&#8243; column_border_width=&#8221;none&#8221; column_border_style=&#8221;solid&#8221; bg_image_animation=&#8221;none&#8221;][vc_column_text]Tamb\u00e9m as necessidades de isolamento t\u00e9rmico podem encontrar uma solu\u00e7\u00e3o atrav\u00e9s da utiliza\u00e7\u00e3o dos sistemas Diasen: as betonilhas termoisolantes Diasen permitem alcan\u00e7ar os par\u00e2metros exigidos pelos regulamentos atuais sem o risco de tornar o telhado demasiado pesado.[\/vc_column_text][\/vc_column][\/vc_row][vc_row type=&#8221;in_container&#8221; full_screen_row_position=&#8221;middle&#8221; column_margin=&#8221;default&#8221; scene_position=&#8221;center&#8221; text_color=&#8221;dark&#8221; text_align=&#8221;left&#8221; overlay_strength=&#8221;0.3&#8243; shape_divider_position=&#8221;bottom&#8221; bg_image_animation=&#8221;none&#8221;][vc_column column_padding=&#8221;no-extra-padding&#8221; column_padding_position=&#8221;all&#8221; background_color_opacity=&#8221;1&#8243; background_hover_color_opacity=&#8221;1&#8243; column_link_target=&#8221;_self&#8221; column_shadow=&#8221;none&#8221; column_border_radius=&#8221;none&#8221; width=&#8221;1\/1&#8243; tablet_width_inherit=&#8221;default&#8221; tablet_text_alignment=&#8221;default&#8221; phone_text_alignment=&#8221;default&#8221; overlay_strength=&#8221;0.3&#8243; column_border_width=&#8221;none&#8221; column_border_style=&#8221;solid&#8221; bg_image_animation=&#8221;none&#8221;][vc_column_text]<div class=\"filter-sistemi\"><div class=\"filter-label\">Filtra per:<\/div><div class=\"select\"><select name=\"funzioni\"><option value=\"0\">Funzioni<\/option><option value=\"353\" >Constru\u00e7\u00e3o de um campo de t\u00e9nis profissional<\/option><option value=\"354\" >Constru\u00e7\u00e3o de um campo desportivo polivalente<\/option><option value=\"372\" >Cria\u00e7\u00e3o de revestimento anticondensa\u00e7\u00e3o<\/option><option value=\"350\" >Cria\u00e7\u00e3o de revestimento de zonas pedonais<\/option><option value=\"349\" >Cria\u00e7\u00e3o de uma ciclovia<\/option><option value=\"383\" >Elimina\u00e7\u00e3o da humidade<\/option><option value=\"373\" >Elimina\u00e7\u00e3o do bolor<\/option><option value=\"392\" >Encapsulamento do amianto<\/option><option value=\"359\" >Impermeabiliza\u00e7\u00e3o<\/option><option value=\"386\" >Impermeabiliza\u00e7\u00e3o antes do jato<\/option><option value=\"367\" >Impermeabiliza\u00e7\u00e3o de pontos cr\u00edticos<\/option><option value=\"385\" >Isolamento ac\u00fastico<\/option><option value=\"368\" >Prepara\u00e7\u00e3o de superf\u00edcies<\/option><option value=\"376\" >Realiza\u00e7\u00e3o de revestimento que permite a circula\u00e7\u00e3o de ve\u00edculos<\/option><option value=\"381\" >Realiza\u00e7\u00e3o de revestimento ultrarrefletor<\/option><option value=\"370\" >Repara\u00e7\u00e3o de fendas em telas betuminosas asf\u00e1lticas<\/option><option value=\"380\" >Revestimento de prote\u00e7\u00e3o<\/option><\/select><\/div><div class=\"select\"><select name=\"supporto\"><option value=\"0\">Supporto<\/option><option value=\"388\" >Acr\u00edlico<\/option><option value=\"393\" >Alvenaria<\/option><option value=\"351\" >Bet\u00e3o<\/option><option value=\"390\" >Bet\u00e3o e alvenaria<\/option><option value=\"347\" >Betuminoso<\/option><option value=\"363\" >Cer\u00e2mica<\/option><option value=\"352\" >Ciment\u00edcio<\/option><option value=\"391\" >Cimento armado<\/option><option value=\"365\" >Cl\u00ednquer<\/option><option value=\"366\" >Gr\u00e9s<\/option><option value=\"389\" >Metal<\/option><option value=\"362\" >Pedra<\/option><option value=\"360\" >Reboco<\/option><option value=\"387\" >Terra<\/option><option value=\"364\" >Terracota<\/option><option value=\"361\" >Tijolo<\/option><option value=\"371\" >Tintas para interiores<\/option><option value=\"394\" >Tufo<\/option><\/select><\/div><div><button id=\"filter_reset\">Azzera tutti i filtri<\/button><\/div><\/div><div class=\"sistemi-list\"><div class=\"vc_col-sm-4 referenza\"><a href=\"https:\/\/www.diasen.com\/pt-pt\/sistemi\/sistema-de-betonilha-termoacustica\/\"><div class=\"post-title\">Sistema de betonilha termoac\u00fastica<\/div><div class=\"post-excerpt\">Realiza\u00e7\u00e3o de betonilha isolante termoac\u00fastica pr\u00e9-misturada.<\/div><\/div><\/a><div class=\"vc_col-sm-4 referenza\"><a href=\"https:\/\/www.diasen.com\/pt-pt\/sistemi\/sistema-de-encapsulamento-permanente-do-amianto\/\"><div class=\"post-title\">Sistema de encapsulamento permanente do amianto<\/div><div class=\"post-excerpt\">Encapsulamento definitivo para coberturas e estruturas de cimento-amianto. Sistema certificado de acordo com o Decreto Ministerial 20\/08\/1999<\/div><\/div><\/a><div class=\"vc_col-sm-4 referenza\"><a href=\"https:\/\/www.diasen.com\/pt-pt\/sistemi\/sistema-impermeabilizante-smart-drying-technology-para-restauro-de-telas-betuminosas-asfalticas\/\"><div class=\"post-title\">Sistema impermeabilizante Smart Drying Technology para restauro de telas betuminosas asf\u00e1lticas<\/div><div class=\"post-excerpt\">Impermeabiliza\u00e7\u00e3o e revestimento de telas betuminosas asf\u00e1lticas ou com ard\u00f3sia.<\/div><\/div><\/a><div class=\"clearfix\"><\/div><div class=\"vc_col-sm-4 referenza\"><a href=\"https:\/\/www.diasen.com\/pt-pt\/sistemi\/sistema-impermeabilizante-smart-drying-technology-para-telhados-de-betao\/\"><div class=\"post-title\">Sistema impermeabilizante Smart Drying Technology para telhados de bet\u00e3o<\/div><div class=\"post-excerpt\">Impermeabiliza\u00e7\u00e3o por press\u00e3o positiva em bet\u00e3o para varandas e terra\u00e7os, telhados e caleiras, espa\u00e7os interiores tais como casas de banho ou zonas h\u00famidas.<\/div><\/div><\/a><div class=\"vc_col-sm-4 referenza\"><a href=\"https:\/\/www.diasen.com\/pt-pt\/sistemi\/sistema-impermeabilizante-liquido-ultrarrefletor\/\"><div class=\"post-title\">Sistema impermeabilizante l\u00edquido ultrarrefletor<\/div><div class=\"post-excerpt\">Impermeabiliza\u00e7\u00e3o ultrarrefletora por press\u00e3o positiva altamente el\u00e1stica.<\/div><\/div><\/a><div class=\"vc_col-sm-4 referenza\"><a href=\"https:\/\/www.diasen.com\/pt-pt\/sistemi\/sistema-impermeabilizante-liquido-para-aplicacoes-sob-betonilha\/\"><div class=\"post-title\">Sistema impermeabilizante l\u00edquido para aplica\u00e7\u00f5es sob betonilha<\/div><div class=\"post-excerpt\">Impermeabiliza\u00e7\u00e3o betuminosa por press\u00e3o positiva. Para aplica\u00e7\u00f5es sob betonilha. Sistema alternativo \u00e0 tradicional tela betuminosa asf\u00e1ltica.<\/div><\/div><\/a><div class=\"clearfix\"><\/div><div class=\"vc_col-sm-4 referenza\"><a href=\"https:\/\/www.diasen.com\/pt-pt\/sistemi\/sistema-impermeabilizante-liquido-reforcado-com-fibras-adequado-a-zonas-pedonais-para-superficies-ladrilhadas\/\"><div class=\"post-title\">Sistema impermeabilizante l\u00edquido refor\u00e7ado com fibras adequado a zonas pedonais para superf\u00edcies ladrilhadas<\/div><div class=\"post-excerpt\">Impermeabiliza\u00e7\u00e3o de zonas pedonais j\u00e1 pavimentadas de amplitude n\u00e3o superior a 20\u00a0m\u00b2. N\u00e3o necessita de malhas de arma\u00e7\u00e3o.<\/div><\/div><\/a><div class=\"vc_col-sm-4 referenza\"><a href=\"https:\/\/www.diasen.com\/pt-pt\/sistemi\/sistema-impermeabilizante-liquido-reforcado-com-fibras-adequado-a-zonas-pedonais-para-telas-betuminosas-asfalticas\/\"><div class=\"post-title\">Sistema impermeabilizante l\u00edquido refor\u00e7ado com fibras adequado a zonas pedonais para telas betuminosas asf\u00e1lticas<\/div><div class=\"post-excerpt\">Impermeabiliza\u00e7\u00e3o de zonas pedonais de superf\u00edcies exteriores j\u00e1 revestidas com telas betuminosas asf\u00e1lticas.<\/div><\/div><\/a><div class=\"vc_col-sm-4 referenza\"><a href=\"https:\/\/www.diasen.com\/pt-pt\/sistemi\/sistema-impermeabilizante-liquido-reforcado-com-fibras-para-zonas-pedonais\/\"><div class=\"post-title\">Sistema impermeabilizante l\u00edquido refor\u00e7ado com fibras para zonas pedonais<\/div><div class=\"post-excerpt\">Impermeabiliza\u00e7\u00e3o de zonas pedonais de amplitude n\u00e3o superior a 20\u00a0m\u00b2. N\u00e3o necessita de malhas de arma\u00e7\u00e3o.<\/div><\/div><\/a><div class=\"clearfix\"><\/div><div class=\"vc_col-sm-4 referenza\"><a href=\"https:\/\/www.diasen.com\/pt-pt\/sistemi\/sistema-impermeabilizante-liquido-para-zonas-de-circulacao-de-veiculos\/\"><div class=\"post-title\">Sistema impermeabilizante l\u00edquido para zonas de circula\u00e7\u00e3o de ve\u00edculos<\/div><div class=\"post-excerpt\">Impermeabiliza\u00e7\u00e3o para zonas de circula\u00e7\u00e3o de ve\u00edculos por press\u00e3o positiva altamente el\u00e1stica.<\/div><\/div><\/a><div class=\"vc_col-sm-4 referenza\"><a href=\"https:\/\/www.diasen.com\/pt-pt\/sistemi\/sistema-impermeabilizante-liquido\/\"><div class=\"post-title\">Sistema impermeabilizante l\u00edquido<\/div><div class=\"post-excerpt\">Impermeabiliza\u00e7\u00e3o por press\u00e3o positiva altamente el\u00e1stica para todas as superf\u00edcies.<\/div><\/div><\/a><div class=\"vc_col-sm-4 referenza\"><a href=\"https:\/\/www.diasen.com\/pt-pt\/sistemi\/revestimento-de-protecao-ultrarrefletor-para-telas-betuminosas-asfalticas-e-com-ardosia\/\"><div class=\"post-title\">Revestimento de prote\u00e7\u00e3o ultrarrefletor para telas betuminosas asf\u00e1lticas e com ard\u00f3sia<\/div><div class=\"post-excerpt\">Reimpermeabiliza\u00e7\u00e3o e prote\u00e7\u00e3o ultrarrefletora para todas as telas betuminosas asf\u00e1lticas ou com ard\u00f3sia, novas ou existentes.<\/div><\/div><\/a><div class=\"clearfix\"><\/div><div class=\"vc_col-sm-4 referenza\"><a href=\"https:\/\/www.diasen.com\/pt-pt\/sistemi\/restauro-de-telas-com-impermeabilizante-betuminoso-smart-drying-technology\/\"><div class=\"post-title\">Restauro de telas com impermeabilizante betuminoso Smart Drying Technology<\/div><div class=\"post-excerpt\">Restauro de telas com impermeabilizante betuminoso Smart Drying Technology<\/div><\/div><\/a><div class=\"vc_col-sm-4 referenza\"><a href=\"https:\/\/www.diasen.com\/pt-pt\/sistemi\/impermeabilizante-liquido-transparente-para-superficies-ladrilhadas\/\"><div class=\"post-title\">Impermeabilizante l\u00edquido transparente para superf\u00edcies ladrilhadas<\/div><div class=\"post-excerpt\">Tratamento impermeabilizante antichuva transparente para superf\u00edcies ladrilhadas<\/div><\/div><\/a><div class=\"vc_col-sm-4 referenza\"><a href=\"https:\/\/www.diasen.com\/pt-pt\/sistemi\/rivestimento-protettivo-per-guaine-bituminose\/\"><div class=\"post-title\">Rivestimento protettivo per guaine bituminose<\/div><div class=\"post-excerpt\">Re-impermeabilizzazione e protezione per guaine bituminose o ardesiate.<\/div><\/div><\/a><\/div>\n\n        <script>\n            jQuery(document).ready(function() {\n\n                jQuery(\"select\").change(function() {\n\n                    var ambiente = \"\";\n                    var funzioni = \"\";\n                    var supporto = \"\";\n\n                    if(jQuery(this).attr(\"name\") == \"ambiente\") {\n                        ambiente = jQuery(this).attr(\"value\");\n                    }\n\n                    if(jQuery(this).attr(\"name\") == \"funzioni\") {\n                        funzioni = jQuery(this).attr(\"value\");\n                    }\n\n                    if(jQuery(this).attr(\"name\") == \"supporto\") {\n                        supporto = jQuery(this).attr(\"value\");\n                    }\n\n                    url = \"https:\/\/www.diasen.com\/pt-pt\/cobertura\/?funzioni=\" + funzioni + \"&supporto=\" + supporto + \"&ambiente=\" + ambiente;\n\n                    window.location.href = url;\n                    \n                });\n\n                jQuery(\"button#filter_reset\").click(function() {\n                    url = \"https:\/\/www.diasen.com\/pt-pt\/cobertura\/\";\n                    window.location.href = url;\n                });\n\n            });\n        <\/script>\n        \n        [\/vc_column_text][\/vc_column][\/vc_row]\n","protected":false},"excerpt":{"rendered":"<p>[vc_row type=&#8221;in_container&#8221; full_screen_row_position=&#8221;middle&#8221; column_margin=&#8221;default&#8221; scene_position=&#8221;center&#8221; text_color=&#8221;dark&#8221; text_align=&#8221;left&#8221; top_padding=&#8221;50&#8243; bottom_padding=&#8221;50&#8243; overlay_strength=&#8221;0.3&#8243; shape_divider_position=&#8221;bottom&#8221; bg_image_animation=&#8221;none&#8221; shape_type=&#8221;&#8221;][vc_column column_padding=&#8221;no-extra-padding&#8221; column_padding_position=&#8221;all&#8221; background_color_opacity=&#8221;1&#8243; background_hover_color_opacity=&#8221;1&#8243; column_link_target=&#8221;_self&#8221; column_shadow=&#8221;none&#8221; column_border_radius=&#8221;none&#8221; width=&#8221;1\/6&#8243; tablet_width_inherit=&#8221;default&#8221; tablet_text_alignment=&#8221;default&#8221; phone_text_alignment=&#8221;default&#8221; overlay_strength=&#8221;0.3&#8243; column_border_width=&#8221;none&#8221; column_border_style=&#8221;solid&#8221; bg_image_animation=&#8221;none&#8221;][\/vc_column][vc_column centered_text=&#8221;true&#8221; column_padding=&#8221;no-extra-padding&#8221;&#8230;<\/p>\n","protected":false},"author":3,"featured_media":0,"parent":0,"menu_order":0,"comment_status":"closed","ping_status":"closed","template":"","meta":{"_acf_changed":false,"content-type":"","inline_featured_image":false,"_price":"","_stock":"","_tribe_ticket_header":"","_tribe_default_ticket_provider":"","_tribe_ticket_capacity":"0","_ticket_start_date":"","_ticket_end_date":"","_tribe_ticket_show_description":"","_tribe_ticket_show_not_going":false,"_tribe_ticket_use_global_stock":"","_tribe_ticket_global_stock_level":"","_global_stock_mode":"","_global_stock_cap":"","_tribe_rsvp_for_event":"","_tribe_ticket_going_count":"","_tribe_ticket_not_going_count":"","_tribe_tickets_list":"[]","_tribe_ticket_has_attendee_info_fields":false,"footnotes":"","_tec_slr_enabled":"","_tec_slr_layout":""},"class_list":["post-13955","page","type-page","status-publish"],"acf":[],"yoast_head":"<!-- This site is optimized with the Yoast SEO plugin v27.4 - https:\/\/yoast.com\/product\/yoast-seo-wordpress\/ -->\n<title>Cobertura - Diasen<\/title>\n<meta name=\"description\" content=\"As solu\u00e7\u00f5es impermeabilizantes da Diasen permitem impermeabilizar de forma r\u00e1pida e definitiva qualquer tipo de cobertura.\" \/>\n<meta name=\"robots\" content=\"index, follow, max-snippet:-1, max-image-preview:large, max-video-preview:-1\" \/>\n<link rel=\"canonical\" href=\"https:\/\/diasen.com\/pt-pt\/cobertura\/\" \/>\n<meta property=\"og:locale\" content=\"pt_PT\" \/>\n<meta property=\"og:type\" content=\"article\" \/>\n<meta property=\"og:title\" content=\"Cobertura - Diasen\" \/>\n<meta property=\"og:description\" content=\"As solu\u00e7\u00f5es impermeabilizantes da Diasen permitem impermeabilizar de forma r\u00e1pida e definitiva qualquer tipo de cobertura.\" \/>\n<meta property=\"og:url\" content=\"https:\/\/diasen.com\/pt-pt\/cobertura\/\" \/>\n<meta property=\"og:site_name\" content=\"Diasen\" \/>\n<meta property=\"article:modified_time\" content=\"2022-07-14T08:20:42+00:00\" \/>\n<meta name=\"twitter:card\" content=\"summary_large_image\" \/>\n<meta name=\"twitter:label1\" content=\"Tempo estimado de leitura\" \/>\n\t<meta name=\"twitter:data1\" content=\"3 minutos\" \/>\n<script type=\"application\/ld+json\" class=\"yoast-schema-graph\">{\"@context\":\"https:\\\/\\\/schema.org\",\"@graph\":[{\"@type\":\"WebPage\",\"@id\":\"https:\\\/\\\/diasen.com\\\/pt-pt\\\/cobertura\\\/\",\"url\":\"https:\\\/\\\/diasen.com\\\/pt-pt\\\/cobertura\\\/\",\"name\":\"Cobertura - Diasen\",\"isPartOf\":{\"@id\":\"https:\\\/\\\/diasen.com\\\/#website\"},\"datePublished\":\"2022-05-30T17:34:06+00:00\",\"dateModified\":\"2022-07-14T08:20:42+00:00\",\"description\":\"As solu\u00e7\u00f5es impermeabilizantes da Diasen permitem impermeabilizar de forma r\u00e1pida e definitiva qualquer tipo de cobertura.\",\"breadcrumb\":{\"@id\":\"https:\\\/\\\/diasen.com\\\/pt-pt\\\/cobertura\\\/#breadcrumb\"},\"inLanguage\":\"pt-PT\",\"potentialAction\":[{\"@type\":\"ReadAction\",\"target\":[\"https:\\\/\\\/diasen.com\\\/pt-pt\\\/cobertura\\\/\"]}]},{\"@type\":\"BreadcrumbList\",\"@id\":\"https:\\\/\\\/diasen.com\\\/pt-pt\\\/cobertura\\\/#breadcrumb\",\"itemListElement\":[{\"@type\":\"ListItem\",\"position\":1,\"name\":\"Home\",\"item\":\"https:\\\/\\\/www.diasen.com\\\/\"},{\"@type\":\"ListItem\",\"position\":2,\"name\":\"Cobertura\"}]},{\"@type\":\"WebSite\",\"@id\":\"https:\\\/\\\/diasen.com\\\/#website\",\"url\":\"https:\\\/\\\/diasen.com\\\/\",\"name\":\"Diasen\",\"description\":\"\",\"publisher\":{\"@id\":\"https:\\\/\\\/diasen.com\\\/#organization\"},\"potentialAction\":[{\"@type\":\"SearchAction\",\"target\":{\"@type\":\"EntryPoint\",\"urlTemplate\":\"https:\\\/\\\/diasen.com\\\/?s={search_term_string}\"},\"query-input\":{\"@type\":\"PropertyValueSpecification\",\"valueRequired\":true,\"valueName\":\"search_term_string\"}}],\"inLanguage\":\"pt-PT\"},{\"@type\":\"Organization\",\"@id\":\"https:\\\/\\\/diasen.com\\\/#organization\",\"name\":\"Diasen\",\"url\":\"https:\\\/\\\/diasen.com\\\/\",\"logo\":{\"@type\":\"ImageObject\",\"inLanguage\":\"pt-PT\",\"@id\":\"https:\\\/\\\/diasen.com\\\/#\\\/schema\\\/logo\\\/image\\\/\",\"url\":\"https:\\\/\\\/www.diasen.com\\\/wp-content\\\/uploads\\\/2026\\\/04\\\/logo_diasen.png\",\"contentUrl\":\"https:\\\/\\\/www.diasen.com\\\/wp-content\\\/uploads\\\/2026\\\/04\\\/logo_diasen.png\",\"width\":300,\"height\":160,\"caption\":\"Diasen\"},\"image\":{\"@id\":\"https:\\\/\\\/diasen.com\\\/#\\\/schema\\\/logo\\\/image\\\/\"}}]}<\/script>\n<!-- \/ Yoast SEO plugin. -->","yoast_head_json":{"title":"Cobertura - Diasen","description":"As solu\u00e7\u00f5es impermeabilizantes da Diasen permitem impermeabilizar de forma r\u00e1pida e definitiva qualquer tipo de cobertura.","robots":{"index":"index","follow":"follow","max-snippet":"max-snippet:-1","max-image-preview":"max-image-preview:large","max-video-preview":"max-video-preview:-1"},"canonical":"https:\/\/diasen.com\/pt-pt\/cobertura\/","og_locale":"pt_PT","og_type":"article","og_title":"Cobertura - Diasen","og_description":"As solu\u00e7\u00f5es impermeabilizantes da Diasen permitem impermeabilizar de forma r\u00e1pida e definitiva qualquer tipo de cobertura.","og_url":"https:\/\/diasen.com\/pt-pt\/cobertura\/","og_site_name":"Diasen","article_modified_time":"2022-07-14T08:20:42+00:00","twitter_card":"summary_large_image","twitter_misc":{"Tempo estimado de leitura":"3 minutos"},"schema":{"@context":"https:\/\/schema.org","@graph":[{"@type":"WebPage","@id":"https:\/\/diasen.com\/pt-pt\/cobertura\/","url":"https:\/\/diasen.com\/pt-pt\/cobertura\/","name":"Cobertura - Diasen","isPartOf":{"@id":"https:\/\/diasen.com\/#website"},"datePublished":"2022-05-30T17:34:06+00:00","dateModified":"2022-07-14T08:20:42+00:00","description":"As solu\u00e7\u00f5es impermeabilizantes da Diasen permitem impermeabilizar de forma r\u00e1pida e definitiva qualquer tipo de cobertura.","breadcrumb":{"@id":"https:\/\/diasen.com\/pt-pt\/cobertura\/#breadcrumb"},"inLanguage":"pt-PT","potentialAction":[{"@type":"ReadAction","target":["https:\/\/diasen.com\/pt-pt\/cobertura\/"]}]},{"@type":"BreadcrumbList","@id":"https:\/\/diasen.com\/pt-pt\/cobertura\/#breadcrumb","itemListElement":[{"@type":"ListItem","position":1,"name":"Home","item":"https:\/\/www.diasen.com\/"},{"@type":"ListItem","position":2,"name":"Cobertura"}]},{"@type":"WebSite","@id":"https:\/\/diasen.com\/#website","url":"https:\/\/diasen.com\/","name":"Diasen","description":"","publisher":{"@id":"https:\/\/diasen.com\/#organization"},"potentialAction":[{"@type":"SearchAction","target":{"@type":"EntryPoint","urlTemplate":"https:\/\/diasen.com\/?s={search_term_string}"},"query-input":{"@type":"PropertyValueSpecification","valueRequired":true,"valueName":"search_term_string"}}],"inLanguage":"pt-PT"},{"@type":"Organization","@id":"https:\/\/diasen.com\/#organization","name":"Diasen","url":"https:\/\/diasen.com\/","logo":{"@type":"ImageObject","inLanguage":"pt-PT","@id":"https:\/\/diasen.com\/#\/schema\/logo\/image\/","url":"https:\/\/www.diasen.com\/wp-content\/uploads\/2026\/04\/logo_diasen.png","contentUrl":"https:\/\/www.diasen.com\/wp-content\/uploads\/2026\/04\/logo_diasen.png","width":300,"height":160,"caption":"Diasen"},"image":{"@id":"https:\/\/diasen.com\/#\/schema\/logo\/image\/"}}]}},"ticketed":false,"_links":{"self":[{"href":"https:\/\/www.diasen.com\/pt-pt\/wp-json\/wp\/v2\/pages\/13955","targetHints":{"allow":["GET"]}}],"collection":[{"href":"https:\/\/www.diasen.com\/pt-pt\/wp-json\/wp\/v2\/pages"}],"about":[{"href":"https:\/\/www.diasen.com\/pt-pt\/wp-json\/wp\/v2\/types\/page"}],"author":[{"embeddable":true,"href":"https:\/\/www.diasen.com\/pt-pt\/wp-json\/wp\/v2\/users\/3"}],"replies":[{"embeddable":true,"href":"https:\/\/www.diasen.com\/pt-pt\/wp-json\/wp\/v2\/comments?post=13955"}],"version-history":[{"count":0,"href":"https:\/\/www.diasen.com\/pt-pt\/wp-json\/wp\/v2\/pages\/13955\/revisions"}],"wp:attachment":[{"href":"https:\/\/www.diasen.com\/pt-pt\/wp-json\/wp\/v2\/media?parent=13955"}],"curies":[{"name":"wp","href":"https:\/\/api.w.org\/{rel}","templated":true}]}}