{"id":13933,"date":"2022-05-30T18:55:48","date_gmt":"2022-05-30T16:55:48","guid":{"rendered":"https:\/\/www.diasen.com\/historia\/"},"modified":"2022-11-10T14:42:43","modified_gmt":"2022-11-10T13:42:43","slug":"historia","status":"publish","type":"page","link":"https:\/\/www.diasen.com\/pt-pt\/historia\/","title":{"rendered":"Hist\u00f3ria"},"content":{"rendered":"[vc_row type=&#8221;in_container&#8221; full_screen_row_position=&#8221;middle&#8221; column_margin=&#8221;default&#8221; scene_position=&#8221;center&#8221; text_color=&#8221;dark&#8221; text_align=&#8221;left&#8221; top_padding=&#8221;40&#8243; bottom_padding=&#8221;40&#8243; overlay_strength=&#8221;0.3&#8243; shape_divider_position=&#8221;bottom&#8221; bg_image_animation=&#8221;none&#8221; shape_type=&#8221;&#8221;][vc_column column_padding=&#8221;no-extra-padding&#8221; column_padding_position=&#8221;all&#8221; background_color_opacity=&#8221;1&#8243; background_hover_color_opacity=&#8221;1&#8243; column_link_target=&#8221;_self&#8221; column_shadow=&#8221;none&#8221; column_border_radius=&#8221;none&#8221; width=&#8221;1\/1&#8243; tablet_width_inherit=&#8221;default&#8221; tablet_text_alignment=&#8221;default&#8221; phone_text_alignment=&#8221;default&#8221; overlay_strength=&#8221;0.3&#8243; column_border_width=&#8221;none&#8221; column_border_style=&#8221;solid&#8221; bg_image_animation=&#8221;none&#8221;][vc_column_text]\n<h1 style=\"text-align: left;\">UM REGRESSO AO FUTURO<\/h1>\n[\/vc_column_text][vc_column_text]<em>A hist\u00f3ria de Diasen \u00e9 um regresso ao futuro porque o que acontece no passado influencia e determina o que somos mas, acima de tudo, o que seremos.<\/em><\/p>\n<p>Tudo come\u00e7ou na d\u00e9cada de 1920 quando Lorenzo Pierantoni, numa pequena cidade perto de Fabriano, se dedicou \u00e0 produ\u00e7\u00e3o de sab\u00e3o. F\u00ea-lo autodidacta: estudou, produziu e aprendeu as t\u00e9cnicas ao mergulhar nos manuais da saboneteira moderna num momento dif\u00edcil, quando ser empres\u00e1rio significava ser um vision\u00e1rio mal compreendido, um pioneiro solit\u00e1rio e um sonhador a ser olhado com desconfian\u00e7a.<\/p>\n<p>A experi\u00eancia e a paix\u00e3o de Lorenzo passaram por tempos de ferro e fogo e consolidaram-se nas d\u00e9cadas seguintes \u00e0 Segunda Guerra Mundial, inspirando a sua sobrinha Angela e o seu marido Floriano Mingarelli a enxertar esse legado de cultura e paix\u00e3o produtiva numa nova aventura empresarial: Italsolventi, uma empresa de produtos qu\u00edmicos para o com\u00e9rcio da constru\u00e7\u00e3o, ligada \u00e0s tecnologias do seu tempo, mas liderada por Floriano com uma curiosidade inquieta, abertura ao novo e um gosto pela experimenta\u00e7\u00e3o.[\/vc_column_text][\/vc_column][\/vc_row][vc_row type=&#8221;in_container&#8221; full_screen_row_position=&#8221;middle&#8221; column_margin=&#8221;default&#8221; scene_position=&#8221;center&#8221; text_color=&#8221;dark&#8221; text_align=&#8221;left&#8221; top_padding=&#8221;40&#8243; bottom_padding=&#8221;40&#8243; overlay_strength=&#8221;0.3&#8243; shape_divider_position=&#8221;bottom&#8221; bg_image_animation=&#8221;none&#8221; shape_type=&#8221;&#8221;][vc_column column_padding=&#8221;no-extra-padding&#8221; column_padding_position=&#8221;all&#8221; background_color_opacity=&#8221;1&#8243; background_hover_color_opacity=&#8221;1&#8243; column_link_target=&#8221;_self&#8221; column_shadow=&#8221;none&#8221; column_border_radius=&#8221;none&#8221; width=&#8221;2\/3&#8243; tablet_width_inherit=&#8221;default&#8221; tablet_text_alignment=&#8221;default&#8221; phone_text_alignment=&#8221;default&#8221; overlay_strength=&#8221;0.3&#8243; column_border_width=&#8221;none&#8221; column_border_style=&#8221;solid&#8221; bg_image_animation=&#8221;none&#8221;][image_with_animation image_url=&#8221;27398&#8243; alignment=&#8221;center&#8221; animation=&#8221;Fade In&#8221; hover_animation=&#8221;none&#8221; border_radius=&#8221;none&#8221; box_shadow=&#8221;none&#8221; image_loading=&#8221;default&#8221; max_width=&#8221;100%&#8221; max_width_mobile=&#8221;default&#8221;][\/vc_column][vc_column column_padding=&#8221;no-extra-padding&#8221; column_padding_position=&#8221;all&#8221; background_color_opacity=&#8221;1&#8243; background_hover_color_opacity=&#8221;1&#8243; column_link_target=&#8221;_self&#8221; column_shadow=&#8221;none&#8221; column_border_radius=&#8221;none&#8221; width=&#8221;1\/3&#8243; tablet_width_inherit=&#8221;default&#8221; tablet_text_alignment=&#8221;default&#8221; phone_text_alignment=&#8221;default&#8221; overlay_strength=&#8221;0.3&#8243; column_border_width=&#8221;none&#8221; column_border_style=&#8221;solid&#8221; bg_image_animation=&#8221;none&#8221;][image_with_animation image_url=&#8221;27421&#8243; alignment=&#8221;center&#8221; animation=&#8221;Fade In&#8221; hover_animation=&#8221;none&#8221; border_radius=&#8221;none&#8221; box_shadow=&#8221;none&#8221; image_loading=&#8221;default&#8221; max_width=&#8221;100%&#8221; max_width_mobile=&#8221;default&#8221;][\/vc_column][\/vc_row][vc_row type=&#8221;in_container&#8221; full_screen_row_position=&#8221;middle&#8221; column_margin=&#8221;default&#8221; scene_position=&#8221;center&#8221; text_color=&#8221;dark&#8221; text_align=&#8221;left&#8221; top_padding=&#8221;40&#8243; bottom_padding=&#8221;40&#8243; overlay_strength=&#8221;0.3&#8243; shape_divider_position=&#8221;bottom&#8221; bg_image_animation=&#8221;none&#8221; shape_type=&#8221;&#8221;][vc_column column_padding=&#8221;no-extra-padding&#8221; column_padding_position=&#8221;all&#8221; background_color_opacity=&#8221;1&#8243; background_hover_color_opacity=&#8221;1&#8243; column_link_target=&#8221;_self&#8221; column_shadow=&#8221;none&#8221; column_border_radius=&#8221;none&#8221; width=&#8221;1\/2&#8243; tablet_width_inherit=&#8221;default&#8221; tablet_text_alignment=&#8221;default&#8221; phone_text_alignment=&#8221;default&#8221; overlay_strength=&#8221;0.3&#8243; column_border_width=&#8221;none&#8221; column_border_style=&#8221;solid&#8221; bg_image_animation=&#8221;none&#8221;][image_with_animation image_url=&#8221;27405&#8243; alignment=&#8221;center&#8221; animation=&#8221;Fade In&#8221; hover_animation=&#8221;none&#8221; border_radius=&#8221;none&#8221; box_shadow=&#8221;none&#8221; image_loading=&#8221;default&#8221; max_width=&#8221;100%&#8221; max_width_mobile=&#8221;default&#8221;][\/vc_column][vc_column column_padding=&#8221;no-extra-padding&#8221; column_padding_position=&#8221;all&#8221; background_color_opacity=&#8221;1&#8243; background_hover_color_opacity=&#8221;1&#8243; column_link_target=&#8221;_self&#8221; column_shadow=&#8221;none&#8221; column_border_radius=&#8221;none&#8221; width=&#8221;1\/2&#8243; tablet_width_inherit=&#8221;default&#8221; tablet_text_alignment=&#8221;default&#8221; phone_text_alignment=&#8221;default&#8221; overlay_strength=&#8221;0.3&#8243; column_border_width=&#8221;none&#8221; column_border_style=&#8221;solid&#8221; bg_image_animation=&#8221;none&#8221;][vc_column_text]Floriano gostava de tentar inovar, e f\u00ea-lo misturando subst\u00e2ncias e universos incompat\u00edveis, como a corti\u00e7a e o cimento, dando forma original a uma qu\u00edmica criativa, sem esquemas, animada por intui\u00e7\u00f5es alqu\u00edmicas inspiradas pela redescoberta de tradi\u00e7\u00f5es e por um desejo indom\u00e1vel de futuro.<\/p>\n<p>Desta longa viagem no <em><strong>ano 2000, nasceu Diasen<\/strong><\/em>, uma empresa capaz de combinar experi\u00eancia e vis\u00e3o numa viagem que mudou a pele de uma pequena empresa inovadora que se tornou l\u00edder em solu\u00e7\u00f5es de constru\u00e7\u00e3o verde: biomalta e tintas \u00e0 base de corti\u00e7a e cal que recuperam e actualizam a grande tradi\u00e7\u00e3o de constru\u00e7\u00e3o e vida mediterr\u00e2nica.[\/vc_column_text][\/vc_column][\/vc_row][vc_row type=&#8221;in_container&#8221; full_screen_row_position=&#8221;middle&#8221; column_margin=&#8221;default&#8221; scene_position=&#8221;center&#8221; text_color=&#8221;dark&#8221; text_align=&#8221;left&#8221; top_padding=&#8221;40&#8243; bottom_padding=&#8221;40&#8243; overlay_strength=&#8221;0.3&#8243; shape_divider_position=&#8221;bottom&#8221; bg_image_animation=&#8221;none&#8221; shape_type=&#8221;&#8221;][vc_column column_padding=&#8221;no-extra-padding&#8221; column_padding_position=&#8221;all&#8221; background_color_opacity=&#8221;1&#8243; background_hover_color_opacity=&#8221;1&#8243; column_link_target=&#8221;_self&#8221; column_shadow=&#8221;none&#8221; column_border_radius=&#8221;none&#8221; width=&#8221;1\/1&#8243; tablet_width_inherit=&#8221;default&#8221; tablet_text_alignment=&#8221;default&#8221; phone_text_alignment=&#8221;default&#8221; overlay_strength=&#8221;0.3&#8243; column_border_width=&#8221;none&#8221; column_border_style=&#8221;solid&#8221; bg_image_animation=&#8221;none&#8221;][vc_column_text]Na sua primeira d\u00e9cada de vida, Diasen era fortemente italiano, mesmo na escolha dos seus mercados. Depois, por volta de 2010, gra\u00e7as a <em><strong>Diego Mingarelli,<\/strong><\/em> filho de Floriano que assumiu o leme da empresa ap\u00f3s a morte do fundador, Diasen come\u00e7ou a pensar no crescimento numa dimens\u00e3o diferente, procurando experi\u00eancias cada vez mais desafiantes e frutuosas de internacionaliza\u00e7\u00e3o.<\/p>\n<p>E f\u00ea-lo juntamente com um grupo de rapazes e raparigas locais que abra\u00e7aram a sua miss\u00e3o, aprendendo no terreno o significado e os horizontes de um desafio; jovens que come\u00e7aram a viajar, a ser incans\u00e1veis embaixadores de solu\u00e7\u00f5es verdes, afirmadores de conforto sustent\u00e1vel e defensores de tecnologias para o bem e a beleza da humanidade.[\/vc_column_text][image_with_animation image_url=&#8221;27414&#8243; alignment=&#8221;center&#8221; animation=&#8221;Fade In&#8221; hover_animation=&#8221;none&#8221; border_radius=&#8221;none&#8221; box_shadow=&#8221;none&#8221; image_loading=&#8221;default&#8221; max_width=&#8221;100%&#8221; max_width_mobile=&#8221;default&#8221;][\/vc_column][\/vc_row][vc_row type=&#8221;in_container&#8221; full_screen_row_position=&#8221;middle&#8221; column_margin=&#8221;default&#8221; scene_position=&#8221;center&#8221; text_color=&#8221;dark&#8221; text_align=&#8221;left&#8221; top_padding=&#8221;40&#8243; bottom_padding=&#8221;40&#8243; overlay_strength=&#8221;0.3&#8243; shape_divider_position=&#8221;bottom&#8221; bg_image_animation=&#8221;none&#8221; shape_type=&#8221;&#8221;][vc_column column_padding=&#8221;no-extra-padding&#8221; column_padding_position=&#8221;all&#8221; background_color_opacity=&#8221;1&#8243; background_hover_color_opacity=&#8221;1&#8243; column_link_target=&#8221;_self&#8221; column_shadow=&#8221;none&#8221; column_border_radius=&#8221;none&#8221; width=&#8221;1\/1&#8243; tablet_width_inherit=&#8221;default&#8221; tablet_text_alignment=&#8221;default&#8221; phone_text_alignment=&#8221;default&#8221; overlay_strength=&#8221;0.3&#8243; column_border_width=&#8221;none&#8221; column_border_style=&#8221;solid&#8221; bg_image_animation=&#8221;none&#8221;][vc_column_text]Um grande e coral trabalho de crescimento que est\u00e1 enraizado no que tem sido e se refere com paix\u00e3o e energia ao que ser\u00e1.<\/p>\n<p>Um horizonte din\u00e2mico e comovente paira perante Diasen, que a companhia enfrenta e desafia com o esp\u00edrito dos marinheiros da floresta, com o talento dos cors\u00e1rios de montanha enraizados nos Apeninos Franciscanos e Beneditinos, mas prontos para alcan\u00e7ar o mar aberto com paix\u00e3o e coragem.[\/vc_column_text][\/vc_column][\/vc_row]\n","protected":false},"excerpt":{"rendered":"<p>[vc_row type=&#8221;in_container&#8221; full_screen_row_position=&#8221;middle&#8221; column_margin=&#8221;default&#8221; scene_position=&#8221;center&#8221; text_color=&#8221;dark&#8221; text_align=&#8221;left&#8221; top_padding=&#8221;40&#8243; bottom_padding=&#8221;40&#8243; overlay_strength=&#8221;0.3&#8243; shape_divider_position=&#8221;bottom&#8221; bg_image_animation=&#8221;none&#8221; shape_type=&#8221;&#8221;][vc_column column_padding=&#8221;no-extra-padding&#8221; column_padding_position=&#8221;all&#8221; background_color_opacity=&#8221;1&#8243; background_hover_color_opacity=&#8221;1&#8243; column_link_target=&#8221;_self&#8221; column_shadow=&#8221;none&#8221; column_border_radius=&#8221;none&#8221; width=&#8221;1\/1&#8243; tablet_width_inherit=&#8221;default&#8221; tablet_text_alignment=&#8221;default&#8221; phone_text_alignment=&#8221;default&#8221; overlay_strength=&#8221;0.3&#8243; column_border_width=&#8221;none&#8221; column_border_style=&#8221;solid&#8221; bg_image_animation=&#8221;none&#8221;][vc_column_text] UM REGRESSO&#8230;<\/p>\n","protected":false},"author":3,"featured_media":29750,"parent":0,"menu_order":0,"comment_status":"closed","ping_status":"closed","template":"","meta":{"_acf_changed":false,"content-type":"","inline_featured_image":false,"_price":"","_stock":"","_tribe_ticket_header":"","_tribe_default_ticket_provider":"","_tribe_ticket_capacity":"0","_ticket_start_date":"","_ticket_end_date":"","_tribe_ticket_show_description":"","_tribe_ticket_show_not_going":false,"_tribe_ticket_use_global_stock":"","_tribe_ticket_global_stock_level":"","_global_stock_mode":"","_global_stock_cap":"","_tribe_rsvp_for_event":"","_tribe_ticket_going_count":"","_tribe_ticket_not_going_count":"","_tribe_tickets_list":"[]","_tribe_ticket_has_attendee_info_fields":false,"footnotes":"","_tec_slr_enabled":"","_tec_slr_layout":""},"class_list":["post-13933","page","type-page","status-publish","has-post-thumbnail"],"acf":[],"yoast_head":"<!-- This site is optimized with the Yoast SEO plugin v27.3 - https:\/\/yoast.com\/product\/yoast-seo-wordpress\/ -->\n<title>Hist\u00f3ria - Diasen<\/title>\n<meta name=\"description\" content=\"A Diasen nasceu em 2000 a partir de uma ideia de Floriano Mingarelli, um empres\u00e1rio capaz de aliar a experi\u00eancia e a vis\u00e3o que mudaram a imagem de uma pequena empresa\" \/>\n<meta name=\"robots\" content=\"index, follow, max-snippet:-1, max-image-preview:large, max-video-preview:-1\" \/>\n<link rel=\"canonical\" href=\"https:\/\/diasen.com\/pt-pt\/historia\/\" \/>\n<meta property=\"og:locale\" content=\"pt_PT\" \/>\n<meta property=\"og:type\" content=\"article\" \/>\n<meta property=\"og:title\" content=\"Hist\u00f3ria - Diasen\" \/>\n<meta property=\"og:description\" content=\"A Diasen nasceu em 2000 a partir de uma ideia de Floriano Mingarelli, um empres\u00e1rio capaz de aliar a experi\u00eancia e a vis\u00e3o que mudaram a imagem de uma pequena empresa\" \/>\n<meta property=\"og:url\" content=\"https:\/\/diasen.com\/pt-pt\/historia\/\" \/>\n<meta property=\"og:site_name\" content=\"Diasen\" \/>\n<meta property=\"article:modified_time\" content=\"2022-11-10T13:42:43+00:00\" \/>\n<meta property=\"og:image\" content=\"https:\/\/diasen.com\/wp-content\/uploads\/2022\/11\/image_2022-11-10_14-26-20.png\" \/>\n\t<meta property=\"og:image:width\" content=\"739\" \/>\n\t<meta property=\"og:image:height\" content=\"767\" \/>\n\t<meta property=\"og:image:type\" content=\"image\/png\" \/>\n<meta name=\"twitter:card\" content=\"summary_large_image\" \/>\n<meta name=\"twitter:label1\" content=\"Tempo estimado de leitura\" \/>\n\t<meta name=\"twitter:data1\" content=\"6 minutos\" \/>\n<script type=\"application\/ld+json\" class=\"yoast-schema-graph\">{\"@context\":\"https:\\\/\\\/schema.org\",\"@graph\":[{\"@type\":\"WebPage\",\"@id\":\"https:\\\/\\\/diasen.com\\\/pt-pt\\\/historia\\\/\",\"url\":\"https:\\\/\\\/diasen.com\\\/pt-pt\\\/historia\\\/\",\"name\":\"Hist\u00f3ria - Diasen\",\"isPartOf\":{\"@id\":\"https:\\\/\\\/diasen.com\\\/#website\"},\"primaryImageOfPage\":{\"@id\":\"https:\\\/\\\/diasen.com\\\/pt-pt\\\/historia\\\/#primaryimage\"},\"image\":{\"@id\":\"https:\\\/\\\/diasen.com\\\/pt-pt\\\/historia\\\/#primaryimage\"},\"thumbnailUrl\":\"https:\\\/\\\/www.diasen.com\\\/wp-content\\\/uploads\\\/2022\\\/11\\\/image_2022-11-10_14-26-20.png\",\"datePublished\":\"2022-05-30T16:55:48+00:00\",\"dateModified\":\"2022-11-10T13:42:43+00:00\",\"description\":\"A Diasen nasceu em 2000 a partir de uma ideia de Floriano Mingarelli, um empres\u00e1rio capaz de aliar a experi\u00eancia e a vis\u00e3o que mudaram a imagem de uma pequena empresa\",\"breadcrumb\":{\"@id\":\"https:\\\/\\\/diasen.com\\\/pt-pt\\\/historia\\\/#breadcrumb\"},\"inLanguage\":\"pt-PT\",\"potentialAction\":[{\"@type\":\"ReadAction\",\"target\":[\"https:\\\/\\\/diasen.com\\\/pt-pt\\\/historia\\\/\"]}]},{\"@type\":\"ImageObject\",\"inLanguage\":\"pt-PT\",\"@id\":\"https:\\\/\\\/diasen.com\\\/pt-pt\\\/historia\\\/#primaryimage\",\"url\":\"https:\\\/\\\/www.diasen.com\\\/wp-content\\\/uploads\\\/2022\\\/11\\\/image_2022-11-10_14-26-20.png\",\"contentUrl\":\"https:\\\/\\\/www.diasen.com\\\/wp-content\\\/uploads\\\/2022\\\/11\\\/image_2022-11-10_14-26-20.png\",\"width\":739,\"height\":767},{\"@type\":\"BreadcrumbList\",\"@id\":\"https:\\\/\\\/diasen.com\\\/pt-pt\\\/historia\\\/#breadcrumb\",\"itemListElement\":[{\"@type\":\"ListItem\",\"position\":1,\"name\":\"Home\",\"item\":\"https:\\\/\\\/www.diasen.com\\\/\"},{\"@type\":\"ListItem\",\"position\":2,\"name\":\"Hist\u00f3ria\"}]},{\"@type\":\"WebSite\",\"@id\":\"https:\\\/\\\/diasen.com\\\/#website\",\"url\":\"https:\\\/\\\/diasen.com\\\/\",\"name\":\"Diasen\",\"description\":\"\",\"publisher\":{\"@id\":\"https:\\\/\\\/diasen.com\\\/#organization\"},\"potentialAction\":[{\"@type\":\"SearchAction\",\"target\":{\"@type\":\"EntryPoint\",\"urlTemplate\":\"https:\\\/\\\/diasen.com\\\/?s={search_term_string}\"},\"query-input\":{\"@type\":\"PropertyValueSpecification\",\"valueRequired\":true,\"valueName\":\"search_term_string\"}}],\"inLanguage\":\"pt-PT\"},{\"@type\":\"Organization\",\"@id\":\"https:\\\/\\\/diasen.com\\\/#organization\",\"name\":\"Diasen\",\"url\":\"https:\\\/\\\/diasen.com\\\/\",\"logo\":{\"@type\":\"ImageObject\",\"inLanguage\":\"pt-PT\",\"@id\":\"https:\\\/\\\/diasen.com\\\/#\\\/schema\\\/logo\\\/image\\\/\",\"url\":\"https:\\\/\\\/www.diasen.com\\\/wp-content\\\/uploads\\\/2026\\\/04\\\/logo_diasen.png\",\"contentUrl\":\"https:\\\/\\\/www.diasen.com\\\/wp-content\\\/uploads\\\/2026\\\/04\\\/logo_diasen.png\",\"width\":300,\"height\":160,\"caption\":\"Diasen\"},\"image\":{\"@id\":\"https:\\\/\\\/diasen.com\\\/#\\\/schema\\\/logo\\\/image\\\/\"}}]}<\/script>\n<!-- \/ Yoast SEO plugin. -->","yoast_head_json":{"title":"Hist\u00f3ria - Diasen","description":"A Diasen nasceu em 2000 a partir de uma ideia de Floriano Mingarelli, um empres\u00e1rio capaz de aliar a experi\u00eancia e a vis\u00e3o que mudaram a imagem de uma pequena empresa","robots":{"index":"index","follow":"follow","max-snippet":"max-snippet:-1","max-image-preview":"max-image-preview:large","max-video-preview":"max-video-preview:-1"},"canonical":"https:\/\/diasen.com\/pt-pt\/historia\/","og_locale":"pt_PT","og_type":"article","og_title":"Hist\u00f3ria - Diasen","og_description":"A Diasen nasceu em 2000 a partir de uma ideia de Floriano Mingarelli, um empres\u00e1rio capaz de aliar a experi\u00eancia e a vis\u00e3o que mudaram a imagem de uma pequena empresa","og_url":"https:\/\/diasen.com\/pt-pt\/historia\/","og_site_name":"Diasen","article_modified_time":"2022-11-10T13:42:43+00:00","og_image":[{"width":739,"height":767,"url":"https:\/\/diasen.com\/wp-content\/uploads\/2022\/11\/image_2022-11-10_14-26-20.png","type":"image\/png"}],"twitter_card":"summary_large_image","twitter_misc":{"Tempo estimado de leitura":"6 minutos"},"schema":{"@context":"https:\/\/schema.org","@graph":[{"@type":"WebPage","@id":"https:\/\/diasen.com\/pt-pt\/historia\/","url":"https:\/\/diasen.com\/pt-pt\/historia\/","name":"Hist\u00f3ria - Diasen","isPartOf":{"@id":"https:\/\/diasen.com\/#website"},"primaryImageOfPage":{"@id":"https:\/\/diasen.com\/pt-pt\/historia\/#primaryimage"},"image":{"@id":"https:\/\/diasen.com\/pt-pt\/historia\/#primaryimage"},"thumbnailUrl":"https:\/\/www.diasen.com\/wp-content\/uploads\/2022\/11\/image_2022-11-10_14-26-20.png","datePublished":"2022-05-30T16:55:48+00:00","dateModified":"2022-11-10T13:42:43+00:00","description":"A Diasen nasceu em 2000 a partir de uma ideia de Floriano Mingarelli, um empres\u00e1rio capaz de aliar a experi\u00eancia e a vis\u00e3o que mudaram a imagem de uma pequena empresa","breadcrumb":{"@id":"https:\/\/diasen.com\/pt-pt\/historia\/#breadcrumb"},"inLanguage":"pt-PT","potentialAction":[{"@type":"ReadAction","target":["https:\/\/diasen.com\/pt-pt\/historia\/"]}]},{"@type":"ImageObject","inLanguage":"pt-PT","@id":"https:\/\/diasen.com\/pt-pt\/historia\/#primaryimage","url":"https:\/\/www.diasen.com\/wp-content\/uploads\/2022\/11\/image_2022-11-10_14-26-20.png","contentUrl":"https:\/\/www.diasen.com\/wp-content\/uploads\/2022\/11\/image_2022-11-10_14-26-20.png","width":739,"height":767},{"@type":"BreadcrumbList","@id":"https:\/\/diasen.com\/pt-pt\/historia\/#breadcrumb","itemListElement":[{"@type":"ListItem","position":1,"name":"Home","item":"https:\/\/www.diasen.com\/"},{"@type":"ListItem","position":2,"name":"Hist\u00f3ria"}]},{"@type":"WebSite","@id":"https:\/\/diasen.com\/#website","url":"https:\/\/diasen.com\/","name":"Diasen","description":"","publisher":{"@id":"https:\/\/diasen.com\/#organization"},"potentialAction":[{"@type":"SearchAction","target":{"@type":"EntryPoint","urlTemplate":"https:\/\/diasen.com\/?s={search_term_string}"},"query-input":{"@type":"PropertyValueSpecification","valueRequired":true,"valueName":"search_term_string"}}],"inLanguage":"pt-PT"},{"@type":"Organization","@id":"https:\/\/diasen.com\/#organization","name":"Diasen","url":"https:\/\/diasen.com\/","logo":{"@type":"ImageObject","inLanguage":"pt-PT","@id":"https:\/\/diasen.com\/#\/schema\/logo\/image\/","url":"https:\/\/www.diasen.com\/wp-content\/uploads\/2026\/04\/logo_diasen.png","contentUrl":"https:\/\/www.diasen.com\/wp-content\/uploads\/2026\/04\/logo_diasen.png","width":300,"height":160,"caption":"Diasen"},"image":{"@id":"https:\/\/diasen.com\/#\/schema\/logo\/image\/"}}]}},"ticketed":false,"_links":{"self":[{"href":"https:\/\/www.diasen.com\/pt-pt\/wp-json\/wp\/v2\/pages\/13933","targetHints":{"allow":["GET"]}}],"collection":[{"href":"https:\/\/www.diasen.com\/pt-pt\/wp-json\/wp\/v2\/pages"}],"about":[{"href":"https:\/\/www.diasen.com\/pt-pt\/wp-json\/wp\/v2\/types\/page"}],"author":[{"embeddable":true,"href":"https:\/\/www.diasen.com\/pt-pt\/wp-json\/wp\/v2\/users\/3"}],"replies":[{"embeddable":true,"href":"https:\/\/www.diasen.com\/pt-pt\/wp-json\/wp\/v2\/comments?post=13933"}],"version-history":[{"count":5,"href":"https:\/\/www.diasen.com\/pt-pt\/wp-json\/wp\/v2\/pages\/13933\/revisions"}],"predecessor-version":[{"id":29829,"href":"https:\/\/www.diasen.com\/pt-pt\/wp-json\/wp\/v2\/pages\/13933\/revisions\/29829"}],"wp:featuredmedia":[{"embeddable":true,"href":"https:\/\/www.diasen.com\/pt-pt\/wp-json\/wp\/v2\/media\/29750"}],"wp:attachment":[{"href":"https:\/\/www.diasen.com\/pt-pt\/wp-json\/wp\/v2\/media?parent=13933"}],"curies":[{"name":"wp","href":"https:\/\/api.w.org\/{rel}","templated":true}]}}