{"id":2630,"date":"2020-07-23T16:53:06","date_gmt":"2020-07-23T14:53:06","guid":{"rendered":"https:\/\/www.diasen.com\/la-storia\/"},"modified":"2022-11-10T14:36:32","modified_gmt":"2022-11-10T13:36:32","slug":"histoire","status":"publish","type":"page","link":"https:\/\/www.diasen.com\/fr\/histoire\/","title":{"rendered":"Histoire"},"content":{"rendered":"[vc_row type=&#8221;in_container&#8221; full_screen_row_position=&#8221;middle&#8221; column_margin=&#8221;default&#8221; scene_position=&#8221;center&#8221; text_color=&#8221;dark&#8221; text_align=&#8221;left&#8221; top_padding=&#8221;40&#8243; bottom_padding=&#8221;40&#8243; overlay_strength=&#8221;0.3&#8243; shape_divider_position=&#8221;bottom&#8221; bg_image_animation=&#8221;none&#8221; shape_type=&#8221;&#8221;][vc_column column_padding=&#8221;no-extra-padding&#8221; column_padding_position=&#8221;all&#8221; background_color_opacity=&#8221;1&#8243; background_hover_color_opacity=&#8221;1&#8243; column_link_target=&#8221;_self&#8221; column_shadow=&#8221;none&#8221; column_border_radius=&#8221;none&#8221; width=&#8221;1\/1&#8243; tablet_width_inherit=&#8221;default&#8221; tablet_text_alignment=&#8221;default&#8221; phone_text_alignment=&#8221;default&#8221; overlay_strength=&#8221;0.3&#8243; column_border_width=&#8221;none&#8221; column_border_style=&#8221;solid&#8221; bg_image_animation=&#8221;none&#8221;][vc_column_text]\n<h1 style=\"text-align: left;\">UN RETOUR VERS L&#8217;AVENIR<\/h1>\n[\/vc_column_text][vc_column_text]<em>L&#8217;histoire de Diasen est un retour vers le futur car ce qui se passe dans le pass\u00e9 influence et d\u00e9termine ce que nous sommes mais surtout ce que nous serons.<\/em><\/p>\n<p>Tout a commenc\u00e9 dans les ann\u00e9es 1920 lorsque Lorenzo Pierantoni, dans une petite ville pr\u00e8s de Fabriano, s&#8217;est consacr\u00e9 \u00e0 la production de savon. Il l&#8217;a fait en autodidacte : il a \u00e9tudi\u00e9, produit et appris les techniques en se plongeant dans les manuels du savonnier moderne \u00e0 une \u00e9poque difficile, o\u00f9 \u00eatre entrepreneur signifiait \u00eatre un visionnaire incompris, un pionnier solitaire et un r\u00eaveur \u00e0 regarder avec m\u00e9fiance.<\/p>\n<p>L&#8217;exp\u00e9rience et la passion de Lorenzo ont travers\u00e9 des p\u00e9riodes de fer et de feu et se sont consolid\u00e9es dans les d\u00e9cennies qui ont suivi la Seconde Guerre mondiale, inspirant sa ni\u00e8ce Angela et son mari Floriano Mingarelli \u00e0 greffer cet h\u00e9ritage de culture et de passion productive dans une nouvelle aventure entrepreneuriale : Italsolventi, une entreprise de produits chimiques pour le b\u00e2timent, li\u00e9e aux technologies de son temps mais dirig\u00e9e par Floriano avec une curiosit\u00e9 inqui\u00e8te, une ouverture \u00e0 la nouveaut\u00e9 et un go\u00fbt pour l&#8217;exp\u00e9rimentation.[\/vc_column_text][\/vc_column][\/vc_row][vc_row type=&#8221;in_container&#8221; full_screen_row_position=&#8221;middle&#8221; column_margin=&#8221;default&#8221; scene_position=&#8221;center&#8221; text_color=&#8221;dark&#8221; text_align=&#8221;left&#8221; top_padding=&#8221;40&#8243; bottom_padding=&#8221;40&#8243; overlay_strength=&#8221;0.3&#8243; shape_divider_position=&#8221;bottom&#8221; bg_image_animation=&#8221;none&#8221; shape_type=&#8221;&#8221;][vc_column column_padding=&#8221;no-extra-padding&#8221; column_padding_position=&#8221;all&#8221; background_color_opacity=&#8221;1&#8243; background_hover_color_opacity=&#8221;1&#8243; column_link_target=&#8221;_self&#8221; column_shadow=&#8221;none&#8221; column_border_radius=&#8221;none&#8221; width=&#8221;2\/3&#8243; tablet_width_inherit=&#8221;default&#8221; tablet_text_alignment=&#8221;default&#8221; phone_text_alignment=&#8221;default&#8221; overlay_strength=&#8221;0.3&#8243; column_border_width=&#8221;none&#8221; column_border_style=&#8221;solid&#8221; bg_image_animation=&#8221;none&#8221;][image_with_animation image_url=&#8221;27398&#8243; alignment=&#8221;center&#8221; animation=&#8221;Fade In&#8221; hover_animation=&#8221;none&#8221; border_radius=&#8221;none&#8221; box_shadow=&#8221;none&#8221; image_loading=&#8221;default&#8221; max_width=&#8221;100%&#8221; max_width_mobile=&#8221;default&#8221;][\/vc_column][vc_column column_padding=&#8221;no-extra-padding&#8221; column_padding_position=&#8221;all&#8221; background_color_opacity=&#8221;1&#8243; background_hover_color_opacity=&#8221;1&#8243; column_link_target=&#8221;_self&#8221; column_shadow=&#8221;none&#8221; column_border_radius=&#8221;none&#8221; width=&#8221;1\/3&#8243; tablet_width_inherit=&#8221;default&#8221; tablet_text_alignment=&#8221;default&#8221; phone_text_alignment=&#8221;default&#8221; overlay_strength=&#8221;0.3&#8243; column_border_width=&#8221;none&#8221; column_border_style=&#8221;solid&#8221; bg_image_animation=&#8221;none&#8221;][image_with_animation image_url=&#8221;27421&#8243; alignment=&#8221;center&#8221; animation=&#8221;Fade In&#8221; hover_animation=&#8221;none&#8221; border_radius=&#8221;none&#8221; box_shadow=&#8221;none&#8221; image_loading=&#8221;default&#8221; max_width=&#8221;100%&#8221; max_width_mobile=&#8221;default&#8221;][\/vc_column][\/vc_row][vc_row type=&#8221;in_container&#8221; full_screen_row_position=&#8221;middle&#8221; column_margin=&#8221;default&#8221; scene_position=&#8221;center&#8221; text_color=&#8221;dark&#8221; text_align=&#8221;left&#8221; top_padding=&#8221;40&#8243; bottom_padding=&#8221;40&#8243; overlay_strength=&#8221;0.3&#8243; shape_divider_position=&#8221;bottom&#8221; bg_image_animation=&#8221;none&#8221; shape_type=&#8221;&#8221;][vc_column column_padding=&#8221;no-extra-padding&#8221; column_padding_position=&#8221;all&#8221; background_color_opacity=&#8221;1&#8243; background_hover_color_opacity=&#8221;1&#8243; column_link_target=&#8221;_self&#8221; column_shadow=&#8221;none&#8221; column_border_radius=&#8221;none&#8221; width=&#8221;1\/2&#8243; tablet_width_inherit=&#8221;default&#8221; tablet_text_alignment=&#8221;default&#8221; phone_text_alignment=&#8221;default&#8221; overlay_strength=&#8221;0.3&#8243; column_border_width=&#8221;none&#8221; column_border_style=&#8221;solid&#8221; bg_image_animation=&#8221;none&#8221;][image_with_animation image_url=&#8221;27405&#8243; alignment=&#8221;center&#8221; animation=&#8221;Fade In&#8221; hover_animation=&#8221;none&#8221; border_radius=&#8221;none&#8221; box_shadow=&#8221;none&#8221; image_loading=&#8221;default&#8221; max_width=&#8221;100%&#8221; max_width_mobile=&#8221;default&#8221;][\/vc_column][vc_column column_padding=&#8221;no-extra-padding&#8221; column_padding_position=&#8221;all&#8221; background_color_opacity=&#8221;1&#8243; background_hover_color_opacity=&#8221;1&#8243; column_link_target=&#8221;_self&#8221; column_shadow=&#8221;none&#8221; column_border_radius=&#8221;none&#8221; width=&#8221;1\/2&#8243; tablet_width_inherit=&#8221;default&#8221; tablet_text_alignment=&#8221;default&#8221; phone_text_alignment=&#8221;default&#8221; overlay_strength=&#8221;0.3&#8243; column_border_width=&#8221;none&#8221; column_border_style=&#8221;solid&#8221; bg_image_animation=&#8221;none&#8221;][vc_column_text]Floriano aimait essayer et innover, et il le faisait en m\u00e9langeant des substances et des univers incompatibles, comme le li\u00e8ge et le ciment, donnant une forme originale \u00e0 une chimie cr\u00e9ative, sans sch\u00e9mas, anim\u00e9e par des intuitions alchimiques inspir\u00e9es par la red\u00e9couverte des traditions et un d\u00e9sir indomptable d&#8217;avenir.<\/p>\n<p>De ce long parcours, en l&#8217;an 2000, est n\u00e9e Diasen, une entreprise capable de conjuguer exp\u00e9rience et vision dans un voyage qui a chang\u00e9 la peau d&#8217;une petite entreprise innovante devenue leader dans les solutions de construction \u00e9cologique : <strong><a href=\"https:\/\/www.diasen.com\/fr\/univers-diathonite\/\">biomalta<\/a><\/strong> et peintures \u00e0 base de li\u00e8ge et de chaux qui r\u00e9cup\u00e8rent et actualisent la grande tradition de la construction et de l&#8217;habitat m\u00e9diterran\u00e9en.[\/vc_column_text][\/vc_column][\/vc_row][vc_row type=&#8221;in_container&#8221; full_screen_row_position=&#8221;middle&#8221; column_margin=&#8221;default&#8221; scene_position=&#8221;center&#8221; text_color=&#8221;dark&#8221; text_align=&#8221;left&#8221; top_padding=&#8221;40&#8243; bottom_padding=&#8221;40&#8243; overlay_strength=&#8221;0.3&#8243; shape_divider_position=&#8221;bottom&#8221; bg_image_animation=&#8221;none&#8221; shape_type=&#8221;&#8221;][vc_column column_padding=&#8221;no-extra-padding&#8221; column_padding_position=&#8221;all&#8221; background_color_opacity=&#8221;1&#8243; background_hover_color_opacity=&#8221;1&#8243; column_link_target=&#8221;_self&#8221; column_shadow=&#8221;none&#8221; column_border_radius=&#8221;none&#8221; width=&#8221;1\/1&#8243; tablet_width_inherit=&#8221;default&#8221; tablet_text_alignment=&#8221;default&#8221; phone_text_alignment=&#8221;default&#8221; overlay_strength=&#8221;0.3&#8243; column_border_width=&#8221;none&#8221; column_border_style=&#8221;solid&#8221; bg_image_animation=&#8221;none&#8221;][vc_column_text]Au cours de sa premi\u00e8re d\u00e9cennie d&#8217;existence, Diasen \u00e9tait fortement italienne, m\u00eame dans le choix de ses march\u00e9s. Puis, vers 2010, gr\u00e2ce \u00e0 <em><strong>Diego Mingarelli,<\/strong><\/em> le fils de Floriano qui a repris la direction de l&#8217;entreprise apr\u00e8s la mort du fondateur, Diasen a commenc\u00e9 \u00e0 penser \u00e0 la croissance dans une dimension diff\u00e9rente, en recherchant des exp\u00e9riences d&#8217;internationalisation toujours plus stimulantes et fructueuses.<\/p>\n<p>Et elle l&#8217;a fait avec un groupe de gar\u00e7ons et de filles de la r\u00e9gion qui ont embrass\u00e9 sa mission, apprenant sur le terrain le sens et les horizons d&#8217;un d\u00e9fi ; des jeunes qui ont commenc\u00e9 \u00e0 voyager, \u00e0 \u00eatre des ambassadeurs infatigables de solutions vertes, <em>des affirmateurs de confort durable et des d\u00e9fenseurs de technologies pour le bien et le beau de l&#8217;homme.<\/em>[\/vc_column_text][image_with_animation image_url=&#8221;27414&#8243; alignment=&#8221;center&#8221; animation=&#8221;Fade In&#8221; hover_animation=&#8221;none&#8221; border_radius=&#8221;none&#8221; box_shadow=&#8221;none&#8221; image_loading=&#8221;default&#8221; max_width=&#8221;100%&#8221; max_width_mobile=&#8221;default&#8221;][\/vc_column][\/vc_row][vc_row type=&#8221;in_container&#8221; full_screen_row_position=&#8221;middle&#8221; column_margin=&#8221;default&#8221; scene_position=&#8221;center&#8221; text_color=&#8221;dark&#8221; text_align=&#8221;left&#8221; top_padding=&#8221;40&#8243; bottom_padding=&#8221;40&#8243; overlay_strength=&#8221;0.3&#8243; shape_divider_position=&#8221;bottom&#8221; bg_image_animation=&#8221;none&#8221; shape_type=&#8221;&#8221;][vc_column column_padding=&#8221;no-extra-padding&#8221; column_padding_position=&#8221;all&#8221; background_color_opacity=&#8221;1&#8243; background_hover_color_opacity=&#8221;1&#8243; column_link_target=&#8221;_self&#8221; column_shadow=&#8221;none&#8221; column_border_radius=&#8221;none&#8221; width=&#8221;1\/1&#8243; tablet_width_inherit=&#8221;default&#8221; tablet_text_alignment=&#8221;default&#8221; phone_text_alignment=&#8221;default&#8221; overlay_strength=&#8221;0.3&#8243; column_border_width=&#8221;none&#8221; column_border_style=&#8221;solid&#8221; bg_image_animation=&#8221;none&#8221;][vc_column_text]Une grande et chorale \u0153uvre de croissance qui s&#8217;enracine dans ce qui a \u00e9t\u00e9 et se r\u00e9f\u00e8re avec passion et \u00e9nergie \u00e0 ce qui sera.<\/p>\n<p>Un horizon dynamique et mouvant se dessine devant Diasen, que la compagnie affronte et d\u00e9fie avec l&#8217;esprit des marins de la for\u00eat, avec le flair des corsaires de montagne enracin\u00e9s dans les Apennins franciscains et b\u00e9n\u00e9dictins, mais pr\u00eats \u00e0 atteindre la haute mer avec passion et courage.[\/vc_column_text][\/vc_column][\/vc_row]\n","protected":false},"excerpt":{"rendered":"<p>[vc_row type=&#8221;in_container&#8221; full_screen_row_position=&#8221;middle&#8221; column_margin=&#8221;default&#8221; scene_position=&#8221;center&#8221; text_color=&#8221;dark&#8221; text_align=&#8221;left&#8221; top_padding=&#8221;40&#8243; bottom_padding=&#8221;40&#8243; overlay_strength=&#8221;0.3&#8243; shape_divider_position=&#8221;bottom&#8221; bg_image_animation=&#8221;none&#8221; shape_type=&#8221;&#8221;][vc_column column_padding=&#8221;no-extra-padding&#8221; column_padding_position=&#8221;all&#8221; background_color_opacity=&#8221;1&#8243; background_hover_color_opacity=&#8221;1&#8243; column_link_target=&#8221;_self&#8221; column_shadow=&#8221;none&#8221; column_border_radius=&#8221;none&#8221; width=&#8221;1\/1&#8243; tablet_width_inherit=&#8221;default&#8221; tablet_text_alignment=&#8221;default&#8221; phone_text_alignment=&#8221;default&#8221; overlay_strength=&#8221;0.3&#8243; column_border_width=&#8221;none&#8221; column_border_style=&#8221;solid&#8221; bg_image_animation=&#8221;none&#8221;][vc_column_text] UN RETOUR&#8230;<\/p>\n","protected":false},"author":3,"featured_media":29747,"parent":0,"menu_order":0,"comment_status":"closed","ping_status":"closed","template":"","meta":{"_acf_changed":false,"content-type":"","inline_featured_image":false,"_price":"","_stock":"","_tribe_ticket_header":"","_tribe_default_ticket_provider":"","_tribe_ticket_capacity":"0","_ticket_start_date":"","_ticket_end_date":"","_tribe_ticket_show_description":"","_tribe_ticket_show_not_going":false,"_tribe_ticket_use_global_stock":"","_tribe_ticket_global_stock_level":"","_global_stock_mode":"","_global_stock_cap":"","_tribe_rsvp_for_event":"","_tribe_ticket_going_count":"","_tribe_ticket_not_going_count":"","_tribe_tickets_list":"[]","_tribe_ticket_has_attendee_info_fields":false,"footnotes":"","_tec_slr_enabled":"","_tec_slr_layout":""},"class_list":["post-2630","page","type-page","status-publish","has-post-thumbnail"],"acf":[],"yoast_head":"<!-- This site is optimized with the Yoast SEO plugin v27.3 - https:\/\/yoast.com\/product\/yoast-seo-wordpress\/ -->\n<title>Histoire - Diasen<\/title>\n<meta name=\"description\" content=\"Diasen na\u00eet en 2000 d\u2019une id\u00e9e de Floriano Mingarelli, entrepreneur qui par son exp\u00e9rience et sa vision du futur a m\u00e9tamorphos\u00e9 une petite entreprise.\" \/>\n<meta name=\"robots\" content=\"index, follow, max-snippet:-1, max-image-preview:large, max-video-preview:-1\" \/>\n<link rel=\"canonical\" href=\"https:\/\/diasen.com\/fr\/histoire\/\" \/>\n<meta property=\"og:locale\" content=\"fr_FR\" \/>\n<meta property=\"og:type\" content=\"article\" \/>\n<meta property=\"og:title\" content=\"Histoire - Diasen\" \/>\n<meta property=\"og:description\" content=\"Diasen na\u00eet en 2000 d\u2019une id\u00e9e de Floriano Mingarelli, entrepreneur qui par son exp\u00e9rience et sa vision du futur a m\u00e9tamorphos\u00e9 une petite entreprise.\" \/>\n<meta property=\"og:url\" content=\"https:\/\/diasen.com\/fr\/histoire\/\" \/>\n<meta property=\"og:site_name\" content=\"Diasen\" \/>\n<meta property=\"article:modified_time\" content=\"2022-11-10T13:36:32+00:00\" \/>\n<meta property=\"og:image\" content=\"https:\/\/diasen.com\/wp-content\/uploads\/2022\/11\/image_2022-11-10_14-26-20.png\" \/>\n\t<meta property=\"og:image:width\" content=\"739\" \/>\n\t<meta property=\"og:image:height\" content=\"767\" \/>\n\t<meta property=\"og:image:type\" content=\"image\/png\" \/>\n<meta name=\"twitter:card\" content=\"summary_large_image\" \/>\n<meta name=\"twitter:label1\" content=\"Dur\u00e9e de lecture estim\u00e9e\" \/>\n\t<meta name=\"twitter:data1\" content=\"6 minutes\" \/>\n<script type=\"application\/ld+json\" class=\"yoast-schema-graph\">{\"@context\":\"https:\\\/\\\/schema.org\",\"@graph\":[{\"@type\":\"WebPage\",\"@id\":\"https:\\\/\\\/diasen.com\\\/fr\\\/histoire\\\/\",\"url\":\"https:\\\/\\\/diasen.com\\\/fr\\\/histoire\\\/\",\"name\":\"Histoire - Diasen\",\"isPartOf\":{\"@id\":\"https:\\\/\\\/diasen.com\\\/#website\"},\"primaryImageOfPage\":{\"@id\":\"https:\\\/\\\/diasen.com\\\/fr\\\/histoire\\\/#primaryimage\"},\"image\":{\"@id\":\"https:\\\/\\\/diasen.com\\\/fr\\\/histoire\\\/#primaryimage\"},\"thumbnailUrl\":\"https:\\\/\\\/www.diasen.com\\\/wp-content\\\/uploads\\\/2022\\\/11\\\/image_2022-11-10_14-26-20.png\",\"datePublished\":\"2020-07-23T14:53:06+00:00\",\"dateModified\":\"2022-11-10T13:36:32+00:00\",\"description\":\"Diasen na\u00eet en 2000 d\u2019une id\u00e9e de Floriano Mingarelli, entrepreneur qui par son exp\u00e9rience et sa vision du futur a m\u00e9tamorphos\u00e9 une petite entreprise.\",\"breadcrumb\":{\"@id\":\"https:\\\/\\\/diasen.com\\\/fr\\\/histoire\\\/#breadcrumb\"},\"inLanguage\":\"fr-FR\",\"potentialAction\":[{\"@type\":\"ReadAction\",\"target\":[\"https:\\\/\\\/diasen.com\\\/fr\\\/histoire\\\/\"]}]},{\"@type\":\"ImageObject\",\"inLanguage\":\"fr-FR\",\"@id\":\"https:\\\/\\\/diasen.com\\\/fr\\\/histoire\\\/#primaryimage\",\"url\":\"https:\\\/\\\/www.diasen.com\\\/wp-content\\\/uploads\\\/2022\\\/11\\\/image_2022-11-10_14-26-20.png\",\"contentUrl\":\"https:\\\/\\\/www.diasen.com\\\/wp-content\\\/uploads\\\/2022\\\/11\\\/image_2022-11-10_14-26-20.png\",\"width\":739,\"height\":767},{\"@type\":\"BreadcrumbList\",\"@id\":\"https:\\\/\\\/diasen.com\\\/fr\\\/histoire\\\/#breadcrumb\",\"itemListElement\":[{\"@type\":\"ListItem\",\"position\":1,\"name\":\"Home\",\"item\":\"https:\\\/\\\/www.diasen.com\\\/\"},{\"@type\":\"ListItem\",\"position\":2,\"name\":\"Histoire\"}]},{\"@type\":\"WebSite\",\"@id\":\"https:\\\/\\\/diasen.com\\\/#website\",\"url\":\"https:\\\/\\\/diasen.com\\\/\",\"name\":\"Diasen\",\"description\":\"\",\"publisher\":{\"@id\":\"https:\\\/\\\/diasen.com\\\/#organization\"},\"potentialAction\":[{\"@type\":\"SearchAction\",\"target\":{\"@type\":\"EntryPoint\",\"urlTemplate\":\"https:\\\/\\\/diasen.com\\\/?s={search_term_string}\"},\"query-input\":{\"@type\":\"PropertyValueSpecification\",\"valueRequired\":true,\"valueName\":\"search_term_string\"}}],\"inLanguage\":\"fr-FR\"},{\"@type\":\"Organization\",\"@id\":\"https:\\\/\\\/diasen.com\\\/#organization\",\"name\":\"Diasen\",\"url\":\"https:\\\/\\\/diasen.com\\\/\",\"logo\":{\"@type\":\"ImageObject\",\"inLanguage\":\"fr-FR\",\"@id\":\"https:\\\/\\\/diasen.com\\\/#\\\/schema\\\/logo\\\/image\\\/\",\"url\":\"https:\\\/\\\/www.diasen.com\\\/wp-content\\\/uploads\\\/2026\\\/04\\\/logo_diasen.png\",\"contentUrl\":\"https:\\\/\\\/www.diasen.com\\\/wp-content\\\/uploads\\\/2026\\\/04\\\/logo_diasen.png\",\"width\":300,\"height\":160,\"caption\":\"Diasen\"},\"image\":{\"@id\":\"https:\\\/\\\/diasen.com\\\/#\\\/schema\\\/logo\\\/image\\\/\"}}]}<\/script>\n<!-- \/ Yoast SEO plugin. -->","yoast_head_json":{"title":"Histoire - Diasen","description":"Diasen na\u00eet en 2000 d\u2019une id\u00e9e de Floriano Mingarelli, entrepreneur qui par son exp\u00e9rience et sa vision du futur a m\u00e9tamorphos\u00e9 une petite entreprise.","robots":{"index":"index","follow":"follow","max-snippet":"max-snippet:-1","max-image-preview":"max-image-preview:large","max-video-preview":"max-video-preview:-1"},"canonical":"https:\/\/diasen.com\/fr\/histoire\/","og_locale":"fr_FR","og_type":"article","og_title":"Histoire - Diasen","og_description":"Diasen na\u00eet en 2000 d\u2019une id\u00e9e de Floriano Mingarelli, entrepreneur qui par son exp\u00e9rience et sa vision du futur a m\u00e9tamorphos\u00e9 une petite entreprise.","og_url":"https:\/\/diasen.com\/fr\/histoire\/","og_site_name":"Diasen","article_modified_time":"2022-11-10T13:36:32+00:00","og_image":[{"width":739,"height":767,"url":"https:\/\/diasen.com\/wp-content\/uploads\/2022\/11\/image_2022-11-10_14-26-20.png","type":"image\/png"}],"twitter_card":"summary_large_image","twitter_misc":{"Dur\u00e9e de lecture estim\u00e9e":"6 minutes"},"schema":{"@context":"https:\/\/schema.org","@graph":[{"@type":"WebPage","@id":"https:\/\/diasen.com\/fr\/histoire\/","url":"https:\/\/diasen.com\/fr\/histoire\/","name":"Histoire - Diasen","isPartOf":{"@id":"https:\/\/diasen.com\/#website"},"primaryImageOfPage":{"@id":"https:\/\/diasen.com\/fr\/histoire\/#primaryimage"},"image":{"@id":"https:\/\/diasen.com\/fr\/histoire\/#primaryimage"},"thumbnailUrl":"https:\/\/www.diasen.com\/wp-content\/uploads\/2022\/11\/image_2022-11-10_14-26-20.png","datePublished":"2020-07-23T14:53:06+00:00","dateModified":"2022-11-10T13:36:32+00:00","description":"Diasen na\u00eet en 2000 d\u2019une id\u00e9e de Floriano Mingarelli, entrepreneur qui par son exp\u00e9rience et sa vision du futur a m\u00e9tamorphos\u00e9 une petite entreprise.","breadcrumb":{"@id":"https:\/\/diasen.com\/fr\/histoire\/#breadcrumb"},"inLanguage":"fr-FR","potentialAction":[{"@type":"ReadAction","target":["https:\/\/diasen.com\/fr\/histoire\/"]}]},{"@type":"ImageObject","inLanguage":"fr-FR","@id":"https:\/\/diasen.com\/fr\/histoire\/#primaryimage","url":"https:\/\/www.diasen.com\/wp-content\/uploads\/2022\/11\/image_2022-11-10_14-26-20.png","contentUrl":"https:\/\/www.diasen.com\/wp-content\/uploads\/2022\/11\/image_2022-11-10_14-26-20.png","width":739,"height":767},{"@type":"BreadcrumbList","@id":"https:\/\/diasen.com\/fr\/histoire\/#breadcrumb","itemListElement":[{"@type":"ListItem","position":1,"name":"Home","item":"https:\/\/www.diasen.com\/"},{"@type":"ListItem","position":2,"name":"Histoire"}]},{"@type":"WebSite","@id":"https:\/\/diasen.com\/#website","url":"https:\/\/diasen.com\/","name":"Diasen","description":"","publisher":{"@id":"https:\/\/diasen.com\/#organization"},"potentialAction":[{"@type":"SearchAction","target":{"@type":"EntryPoint","urlTemplate":"https:\/\/diasen.com\/?s={search_term_string}"},"query-input":{"@type":"PropertyValueSpecification","valueRequired":true,"valueName":"search_term_string"}}],"inLanguage":"fr-FR"},{"@type":"Organization","@id":"https:\/\/diasen.com\/#organization","name":"Diasen","url":"https:\/\/diasen.com\/","logo":{"@type":"ImageObject","inLanguage":"fr-FR","@id":"https:\/\/diasen.com\/#\/schema\/logo\/image\/","url":"https:\/\/www.diasen.com\/wp-content\/uploads\/2026\/04\/logo_diasen.png","contentUrl":"https:\/\/www.diasen.com\/wp-content\/uploads\/2026\/04\/logo_diasen.png","width":300,"height":160,"caption":"Diasen"},"image":{"@id":"https:\/\/diasen.com\/#\/schema\/logo\/image\/"}}]}},"ticketed":false,"_links":{"self":[{"href":"https:\/\/www.diasen.com\/fr\/wp-json\/wp\/v2\/pages\/2630","targetHints":{"allow":["GET"]}}],"collection":[{"href":"https:\/\/www.diasen.com\/fr\/wp-json\/wp\/v2\/pages"}],"about":[{"href":"https:\/\/www.diasen.com\/fr\/wp-json\/wp\/v2\/types\/page"}],"author":[{"embeddable":true,"href":"https:\/\/www.diasen.com\/fr\/wp-json\/wp\/v2\/users\/3"}],"replies":[{"embeddable":true,"href":"https:\/\/www.diasen.com\/fr\/wp-json\/wp\/v2\/comments?post=2630"}],"version-history":[{"count":5,"href":"https:\/\/www.diasen.com\/fr\/wp-json\/wp\/v2\/pages\/2630\/revisions"}],"predecessor-version":[{"id":29802,"href":"https:\/\/www.diasen.com\/fr\/wp-json\/wp\/v2\/pages\/2630\/revisions\/29802"}],"wp:featuredmedia":[{"embeddable":true,"href":"https:\/\/www.diasen.com\/fr\/wp-json\/wp\/v2\/media\/29747"}],"wp:attachment":[{"href":"https:\/\/www.diasen.com\/fr\/wp-json\/wp\/v2\/media?parent=2630"}],"curies":[{"name":"wp","href":"https:\/\/api.w.org\/{rel}","templated":true}]}}