{"id":16496,"date":"2020-06-29T10:54:31","date_gmt":"2020-06-29T08:54:31","guid":{"rendered":"https:\/\/www.diasen.com\/le-radici\/"},"modified":"2022-10-10T15:02:45","modified_gmt":"2022-10-10T13:02:45","slug":"les-racines","status":"publish","type":"page","link":"https:\/\/www.diasen.com\/fr\/les-racines\/","title":{"rendered":"Les racines"},"content":{"rendered":"[vc_row type=&#8221;in_container&#8221; full_screen_row_position=&#8221;middle&#8221; column_margin=&#8221;default&#8221; scene_position=&#8221;center&#8221; text_color=&#8221;dark&#8221; text_align=&#8221;left&#8221; overlay_strength=&#8221;0.3&#8243; shape_divider_position=&#8221;bottom&#8221; bg_image_animation=&#8221;none&#8221;][vc_column column_padding=&#8221;no-extra-padding&#8221; column_padding_position=&#8221;all&#8221; background_color_opacity=&#8221;1&#8243; background_hover_color_opacity=&#8221;1&#8243; column_link_target=&#8221;_self&#8221; column_shadow=&#8221;none&#8221; column_border_radius=&#8221;none&#8221; width=&#8221;1\/1&#8243; tablet_width_inherit=&#8221;default&#8221; tablet_text_alignment=&#8221;default&#8221; phone_text_alignment=&#8221;default&#8221; overlay_strength=&#8221;0.3&#8243; column_border_width=&#8221;none&#8221; column_border_style=&#8221;solid&#8221; bg_image_animation=&#8221;none&#8221;]<style type=\"text\/css\">@media only screen and (min-width: 1300px) { #nectar-slider-instance-1, #nectar-slider-instance-1 .swiper-container { height: 650px; }  } @media only screen and (max-width: 1299px) { #nectar-slider-instance-1, #nectar-slider-instance-1 .swiper-container { height: 541.66666666667px; }  } @media only screen and (max-width: 1000px) { #nectar-slider-instance-1, #nectar-slider-instance-1 .swiper-container { height: 464.28571428571px; }  } @media only screen and (max-width: 690px) { #nectar-slider-instance-1, #nectar-slider-instance-1 .swiper-container { height: 240.74074074074px; }  } <\/style><div  data-transition=\"slide\" data-overall_style=\"classic\" data-flexible-height=\"\" data-animate-in-effect=\"none\" data-fullscreen=\"false\" data-button-sizing=\"regular\" data-button-styling=\"btn_with_count\" data-autorotate=\"\" data-parallax=\"false\" data-parallax-disable-mobile=\"\" data-caption-trans=\"fade_in_from_bottom\" data-parallax-style=\"bg_only\" data-bg-animation=\"none\" data-full-width=\"true\" class=\"nectar-slider-wrap \" id=\"nectar-slider-instance-1\"><div class=\"swiper-container\"  data-tho=\"60\" data-tco=\"20\" data-pho=\"50\" data-pco=\"20\" data-loop=\"false\" data-height=\"650\" data-min-height=\"\" data-arrows=\"false\" data-bullets=\"false\" data-bullet_style=\"see_through\" data-bullet_position=\"bottom\" data-desktop-swipe=\"false\" data-settings=\"\"> <div class=\"swiper-wrapper\"><div class=\"swiper-slide\" data-desktop-content-width=\"auto\" data-tablet-content-width=\"auto\" data-bg-alignment=\"center\" data-color-scheme=\"light\" data-x-pos=\"centered\" data-y-pos=\"middle\" ><div class=\"slide-bg-wrap\"><div class=\"image-bg\" style=\"background-image: url(https:\/\/www.diasen.com\/wp-content\/uploads\/2020\/06\/diasen-le-radici.jpg);\"> &nbsp; <\/div><\/div><div class=\"container\">\n\t\t\t\t\t\t<div class=\"content\"><h2 class=\"ns-heading-el\">Diasen<\/h2><p  ><span>depuis 1978<\/span><\/p><\/div>\n\t\t\t\t\t\t\t\t<\/div><!--\/container--><div class=\"video-texture \"> <span class=\"ie-fix\"><\/span> <\/div><\/div> <!--\/swiper-slide--><\/div><div class=\"nectar-slider-loading \"> <span class=\"loading-icon none\">   <\/span> <\/div> <\/div> \n\t\t\t\t\t\n\t\t\t\t\t<\/div>[\/vc_column][\/vc_row][vc_row type=&#8221;in_container&#8221; full_screen_row_position=&#8221;middle&#8221; column_margin=&#8221;default&#8221; scene_position=&#8221;center&#8221; text_color=&#8221;dark&#8221; text_align=&#8221;left&#8221; top_padding=&#8221;50&#8243; bottom_padding=&#8221;50&#8243; overlay_strength=&#8221;0.3&#8243; shape_divider_position=&#8221;bottom&#8221; bg_image_animation=&#8221;none&#8221; shape_type=&#8221;&#8221;][vc_column column_padding=&#8221;no-extra-padding&#8221; column_padding_position=&#8221;left-right&#8221; background_color_opacity=&#8221;1&#8243; background_hover_color_opacity=&#8221;1&#8243; column_link_target=&#8221;_self&#8221; column_shadow=&#8221;none&#8221; column_border_radius=&#8221;none&#8221; width=&#8221;1\/5&#8243; tablet_width_inherit=&#8221;default&#8221; tablet_text_alignment=&#8221;default&#8221; phone_text_alignment=&#8221;default&#8221; overlay_strength=&#8221;0.3&#8243; column_border_width=&#8221;none&#8221; column_border_style=&#8221;solid&#8221; bg_image_animation=&#8221;none&#8221;][\/vc_column][vc_column column_padding=&#8221;no-extra-padding&#8221; column_padding_position=&#8221;all&#8221; background_color_opacity=&#8221;1&#8243; background_hover_color_opacity=&#8221;1&#8243; column_link_target=&#8221;_self&#8221; column_shadow=&#8221;none&#8221; column_border_radius=&#8221;none&#8221; width=&#8221;3\/5&#8243; tablet_width_inherit=&#8221;default&#8221; tablet_text_alignment=&#8221;default&#8221; phone_text_alignment=&#8221;default&#8221; overlay_strength=&#8221;0.3&#8243; column_border_width=&#8221;none&#8221; column_border_style=&#8221;solid&#8221; bg_image_animation=&#8221;none&#8221;][vc_column_text]\n<h2 style=\"text-align: center;\">Les racines profondes de l\u2019avenir<\/h2>\n[\/vc_column_text][vc_column_text]\n<h3 style=\"text-align: center;\">La soci\u00e9t\u00e9 Diasen a \u00e9t\u00e9 fond\u00e9e en 2000 \u00e0 partir d&#8217;une id\u00e9e de Floriano Mingarelli, un entrepreneur capable de combiner exp\u00e9rience et vision dans un parcours qui a chang\u00e9 la peau d&#8217;une petite entreprise innovante devenue leader dans les solutions vertes pour le secteur du b\u00e2timent.<\/h3>\n[\/vc_column_text][vc_column_text]Aujourd&#8217;hui, l&#8217;entreprise est dirig\u00e9e par Diego Mingarelli, le fils du fondateur, qui, avec une grande clairvoyance, a pouss\u00e9 l&#8217;\u00e9tude des mat\u00e9riaux et l&#8217;exp\u00e9rimentation de solutions d&#8217;avant-garde dans le sens d&#8217;une durabilit\u00e9 environnementale qui est devenue, pour Diasen, un trait distinctif, une identit\u00e9 partag\u00e9e et un \u00e9l\u00e9ment de caract\u00e9risation sur le march\u00e9.<\/p>\n<p>Le si\u00e8ge social et la production sont situ\u00e9s \u00e0 Sassoferrato, une ville de l&#8217;arri\u00e8re-pays de la r\u00e9gion de Marche, dans la province Ancona, \u00e0 proximit\u00e9 d&#8217;un important centre de production et de culture italienne.<\/p>\n<p>C\u2019est une zone riche en histoire, en coh\u00e9sion sociale et en beaut\u00e9 naturelle qui se refl\u00e8te dans un paysage doux, modifi\u00e9 avec respect et d\u00e9vouement par la main de l&#8217;homme dans sa recherche continue d&#8217;un am\u00e9nagement vivable et durable.[\/vc_column_text][\/vc_column][vc_column column_padding=&#8221;no-extra-padding&#8221; column_padding_position=&#8221;all&#8221; background_color_opacity=&#8221;1&#8243; background_hover_color_opacity=&#8221;1&#8243; column_link_target=&#8221;_self&#8221; column_shadow=&#8221;none&#8221; column_border_radius=&#8221;none&#8221; width=&#8221;1\/5&#8243; tablet_width_inherit=&#8221;default&#8221; tablet_text_alignment=&#8221;default&#8221; phone_text_alignment=&#8221;default&#8221; overlay_strength=&#8221;0.3&#8243; column_border_width=&#8221;none&#8221; column_border_style=&#8221;solid&#8221; bg_image_animation=&#8221;none&#8221;][\/vc_column][\/vc_row][vc_row type=&#8221;in_container&#8221; full_screen_row_position=&#8221;middle&#8221; column_margin=&#8221;default&#8221; bg_image=&#8221;15&#8243; bg_position=&#8221;center center&#8221; bg_repeat=&#8221;no-repeat&#8221; scene_position=&#8221;center&#8221; text_color=&#8221;light&#8221; text_align=&#8221;center&#8221; overlay_strength=&#8221;0.3&#8243; shape_divider_position=&#8221;bottom&#8221; bg_image_animation=&#8221;none&#8221; shape_type=&#8221;&#8221;][vc_column column_padding=&#8221;padding-7-percent&#8221; column_padding_position=&#8221;all&#8221; background_color_opacity=&#8221;1&#8243; background_hover_color_opacity=&#8221;1&#8243; column_link_target=&#8221;_self&#8221; column_shadow=&#8221;none&#8221; column_border_radius=&#8221;none&#8221; width=&#8221;1\/1&#8243; tablet_width_inherit=&#8221;default&#8221; tablet_text_alignment=&#8221;default&#8221; phone_text_alignment=&#8221;default&#8221; overlay_strength=&#8221;0.3&#8243; column_border_width=&#8221;none&#8221; column_border_style=&#8221;solid&#8221; bg_image_animation=&#8221;none&#8221;][vc_column_text]\n<h2 style=\"text-align: center;\">Vous trouverez plus de choses dans les bois que dans les livres.<br \/>\nLes arbres et les pierres vous apprendront ce que vous ne pouvez pas apprendre des ma\u00eetres.<\/h2>\n[\/vc_column_text][vc_column_text]\n<h4 style=\"text-align: center;\">(Saint Bernard de Clairvaux)<\/h4>\n[\/vc_column_text][\/vc_column][\/vc_row][vc_row type=&#8221;in_container&#8221; full_screen_row_position=&#8221;middle&#8221; column_margin=&#8221;default&#8221; scene_position=&#8221;center&#8221; text_color=&#8221;dark&#8221; text_align=&#8221;left&#8221; top_padding=&#8221;50&#8243; bottom_padding=&#8221;50&#8243; overlay_strength=&#8221;0.3&#8243; shape_divider_position=&#8221;bottom&#8221; bg_image_animation=&#8221;none&#8221; shape_type=&#8221;&#8221;][vc_column column_padding=&#8221;no-extra-padding&#8221; column_padding_position=&#8221;all&#8221; background_color_opacity=&#8221;1&#8243; background_hover_color_opacity=&#8221;1&#8243; column_link_target=&#8221;_self&#8221; column_shadow=&#8221;none&#8221; column_border_radius=&#8221;none&#8221; width=&#8221;1\/5&#8243; tablet_width_inherit=&#8221;default&#8221; tablet_text_alignment=&#8221;default&#8221; phone_text_alignment=&#8221;default&#8221; overlay_strength=&#8221;0.3&#8243; column_border_width=&#8221;none&#8221; column_border_style=&#8221;solid&#8221; bg_image_animation=&#8221;none&#8221; offset=&#8221;vc_hidden-sm vc_hidden-xs&#8221;][\/vc_column][vc_column column_padding=&#8221;no-extra-padding&#8221; column_padding_position=&#8221;left-right&#8221; background_color_opacity=&#8221;1&#8243; background_hover_color_opacity=&#8221;1&#8243; column_link_target=&#8221;_self&#8221; column_shadow=&#8221;none&#8221; column_border_radius=&#8221;none&#8221; width=&#8221;3\/5&#8243; tablet_width_inherit=&#8221;default&#8221; tablet_text_alignment=&#8221;default&#8221; phone_text_alignment=&#8221;default&#8221; overlay_strength=&#8221;0.3&#8243; column_border_width=&#8221;none&#8221; column_border_style=&#8221;solid&#8221; bg_image_animation=&#8221;none&#8221;][vc_column_text]\n<h4>La vocation entrepreneuriale de Diasen, et son \u00e9lan de croissance, sont fond\u00e9s sur ce terrain stable, sur une id\u00e9e de communaut\u00e9 qui sait interpr\u00e9ter et vivre le changement sans perdre ce sentiment partag\u00e9 qui permet au futur d&#8217;avoir des racines solides et profondes.<\/h4>\n<h4>La marque Diasen est un heureux acronyme n\u00e9 de la fusion de Diathonite &#8211; la gamme de produits \u00e0 base de li\u00e8ge la plus caract\u00e9ristique et reconnaissable &#8211; et de Sentinum, le nom latin de la ville antique qui fut le th\u00e9\u00e2tre d&#8217;une bataille d\u00e9cisive pour la domination de Rome en Italie centrale.<\/h4>\n[\/vc_column_text][vc_column_text]L\u2019ancrage dans le territoire d&#8217;origine, r\u00e9silient et franciscain, sont un trait essentiel de la philosophie de l&#8217;entreprise, une source d&#8217;inspiration n\u00e9cessaire pour atteindre ces niveaux d&#8217;excellence dans le produit et dans la valorisation du capital humain qui expliquent son succ\u00e8s actuel et ses d\u00e9fis futurs.<\/p>\n<p>Ce sont ses racines qui nourrissent Diasen et lui permettent d&#8217;\u00eatre int\u00e9gralement verte, car la durabilit\u00e9 s&#8217;apprend \u00e0 partir des choses les plus proches, des \u00e9quilibres et des relations que l&#8217;on est capable de construire et de maintenir.[\/vc_column_text][\/vc_column][vc_column column_padding=&#8221;no-extra-padding&#8221; column_padding_position=&#8221;all&#8221; background_color_opacity=&#8221;1&#8243; background_hover_color_opacity=&#8221;1&#8243; column_link_target=&#8221;_self&#8221; column_shadow=&#8221;none&#8221; column_border_radius=&#8221;none&#8221; width=&#8221;1\/5&#8243; tablet_width_inherit=&#8221;default&#8221; tablet_text_alignment=&#8221;default&#8221; phone_text_alignment=&#8221;default&#8221; overlay_strength=&#8221;0.3&#8243; column_border_width=&#8221;none&#8221; column_border_style=&#8221;solid&#8221; bg_image_animation=&#8221;none&#8221; offset=&#8221;vc_hidden-sm vc_hidden-xs&#8221;][\/vc_column][\/vc_row][vc_row type=&#8221;full_width_content&#8221; full_screen_row_position=&#8221;middle&#8221; column_margin=&#8221;default&#8221; scene_position=&#8221;center&#8221; text_color=&#8221;dark&#8221; text_align=&#8221;left&#8221; overlay_strength=&#8221;0.3&#8243; shape_divider_position=&#8221;bottom&#8221; bg_image_animation=&#8221;none&#8221; shape_type=&#8221;&#8221;][vc_column column_padding=&#8221;no-extra-padding&#8221; column_padding_position=&#8221;all&#8221; background_color_opacity=&#8221;1&#8243; background_hover_color_opacity=&#8221;1&#8243; column_link_target=&#8221;_self&#8221; column_shadow=&#8221;none&#8221; column_border_radius=&#8221;none&#8221; width=&#8221;1\/1&#8243; tablet_width_inherit=&#8221;default&#8221; tablet_text_alignment=&#8221;default&#8221; phone_text_alignment=&#8221;default&#8221; overlay_strength=&#8221;0.3&#8243; column_border_width=&#8221;none&#8221; column_border_style=&#8221;solid&#8221; bg_image_animation=&#8221;none&#8221;][vc_row_inner column_margin=&#8221;default&#8221; text_align=&#8221;left&#8221;][vc_column_inner column_padding=&#8221;no-extra-padding&#8221; column_padding_position=&#8221;all&#8221; background_color_opacity=&#8221;1&#8243; background_hover_color_opacity=&#8221;1&#8243; column_shadow=&#8221;none&#8221; column_border_radius=&#8221;none&#8221; column_link_target=&#8221;_self&#8221; width=&#8221;1\/1&#8243; tablet_width_inherit=&#8221;default&#8221; overlay_strength=&#8221;0.3&#8243; column_border_width=&#8221;none&#8221; column_border_style=&#8221;solid&#8221; bg_image_animation=&#8221;none&#8221; offset=&#8221;vc_hidden-sm vc_hidden-xs&#8221;][image_with_animation image_url=&#8221;27845&#8243; alignment=&#8221;center&#8221; animation=&#8221;Fade In&#8221; hover_animation=&#8221;none&#8221; border_radius=&#8221;none&#8221; box_shadow=&#8221;none&#8221; image_loading=&#8221;default&#8221; max_width=&#8221;100%&#8221; max_width_mobile=&#8221;default&#8221;][\/vc_column_inner][\/vc_row_inner][vc_row_inner column_margin=&#8221;default&#8221; text_align=&#8221;left&#8221;][vc_column_inner column_padding=&#8221;no-extra-padding&#8221; column_padding_position=&#8221;all&#8221; background_color_opacity=&#8221;1&#8243; background_hover_color_opacity=&#8221;1&#8243; column_shadow=&#8221;none&#8221; column_border_radius=&#8221;none&#8221; column_link_target=&#8221;_self&#8221; width=&#8221;1\/1&#8243; tablet_width_inherit=&#8221;default&#8221; overlay_strength=&#8221;0.3&#8243; column_border_width=&#8221;none&#8221; column_border_style=&#8221;solid&#8221; bg_image_animation=&#8221;none&#8221; offset=&#8221;vc_hidden-lg vc_hidden-md&#8221;][image_with_animation image_url=&#8221;27852&#8243; alignment=&#8221;center&#8221; animation=&#8221;Fade In&#8221; hover_animation=&#8221;none&#8221; border_radius=&#8221;none&#8221; box_shadow=&#8221;none&#8221; image_loading=&#8221;default&#8221; max_width=&#8221;100%&#8221; max_width_mobile=&#8221;default&#8221;][\/vc_column_inner][\/vc_row_inner][\/vc_column][\/vc_row]\n","protected":false},"excerpt":{"rendered":"<p>[vc_row type=&#8221;in_container&#8221; full_screen_row_position=&#8221;middle&#8221; column_margin=&#8221;default&#8221; scene_position=&#8221;center&#8221; text_color=&#8221;dark&#8221; text_align=&#8221;left&#8221; overlay_strength=&#8221;0.3&#8243; shape_divider_position=&#8221;bottom&#8221; bg_image_animation=&#8221;none&#8221;][vc_column column_padding=&#8221;no-extra-padding&#8221; column_padding_position=&#8221;all&#8221; background_color_opacity=&#8221;1&#8243; background_hover_color_opacity=&#8221;1&#8243; column_link_target=&#8221;_self&#8221; column_shadow=&#8221;none&#8221; column_border_radius=&#8221;none&#8221; width=&#8221;1\/1&#8243; tablet_width_inherit=&#8221;default&#8221; tablet_text_alignment=&#8221;default&#8221; phone_text_alignment=&#8221;default&#8221; overlay_strength=&#8221;0.3&#8243; column_border_width=&#8221;none&#8221; column_border_style=&#8221;solid&#8221; bg_image_animation=&#8221;none&#8221;][\/vc_column][\/vc_row][vc_row type=&#8221;in_container&#8221; full_screen_row_position=&#8221;middle&#8221; column_margin=&#8221;default&#8221; scene_position=&#8221;center&#8221; text_color=&#8221;dark&#8221;&#8230;<\/p>\n","protected":false},"author":3,"featured_media":4254,"parent":0,"menu_order":0,"comment_status":"closed","ping_status":"closed","template":"","meta":{"_acf_changed":false,"content-type":"","inline_featured_image":false,"_price":"","_stock":"","_tribe_ticket_header":"","_tribe_default_ticket_provider":"","_tribe_ticket_capacity":"0","_ticket_start_date":"","_ticket_end_date":"","_tribe_ticket_show_description":"","_tribe_ticket_show_not_going":false,"_tribe_ticket_use_global_stock":"","_tribe_ticket_global_stock_level":"","_global_stock_mode":"","_global_stock_cap":"","_tribe_rsvp_for_event":"","_tribe_ticket_going_count":"","_tribe_ticket_not_going_count":"","_tribe_tickets_list":"[]","_tribe_ticket_has_attendee_info_fields":false,"footnotes":"","_tec_slr_enabled":"","_tec_slr_layout":""},"class_list":["post-16496","page","type-page","status-publish","has-post-thumbnail"],"acf":[],"yoast_head":"<!-- This site is optimized with the Yoast SEO plugin v27.3 - https:\/\/yoast.com\/product\/yoast-seo-wordpress\/ -->\n<title>Les racines - Diasen<\/title>\n<meta name=\"description\" content=\"Ce sont ses racines qui nourrissent Diasen et lui permettent d&#039;\u00eatre internationale et int\u00e9gralement verte.\" \/>\n<meta name=\"robots\" content=\"index, follow, max-snippet:-1, max-image-preview:large, max-video-preview:-1\" \/>\n<link rel=\"canonical\" href=\"https:\/\/diasen.com\/fr\/les-racines\/\" \/>\n<meta property=\"og:locale\" content=\"fr_FR\" \/>\n<meta property=\"og:type\" content=\"article\" \/>\n<meta property=\"og:title\" content=\"Les racines - Diasen\" \/>\n<meta property=\"og:description\" content=\"Ce sont ses racines qui nourrissent Diasen et lui permettent d&#039;\u00eatre internationale et int\u00e9gralement verte.\" \/>\n<meta property=\"og:url\" content=\"https:\/\/diasen.com\/fr\/les-racines\/\" \/>\n<meta property=\"og:site_name\" content=\"Diasen\" \/>\n<meta property=\"article:modified_time\" content=\"2022-10-10T13:02:45+00:00\" \/>\n<meta property=\"og:image\" content=\"https:\/\/diasen.com\/wp-content\/uploads\/2021\/04\/Diasen-sughero-sfondo-cta.jpg\" \/>\n\t<meta property=\"og:image:width\" content=\"1300\" \/>\n\t<meta property=\"og:image:height\" content=\"740\" \/>\n\t<meta property=\"og:image:type\" content=\"image\/jpeg\" \/>\n<meta name=\"twitter:card\" content=\"summary_large_image\" \/>\n<meta name=\"twitter:label1\" content=\"Dur\u00e9e de lecture estim\u00e9e\" \/>\n\t<meta name=\"twitter:data1\" content=\"7 minutes\" \/>\n<script type=\"application\/ld+json\" class=\"yoast-schema-graph\">{\"@context\":\"https:\\\/\\\/schema.org\",\"@graph\":[{\"@type\":\"WebPage\",\"@id\":\"https:\\\/\\\/diasen.com\\\/fr\\\/les-racines\\\/\",\"url\":\"https:\\\/\\\/diasen.com\\\/fr\\\/les-racines\\\/\",\"name\":\"Les racines - Diasen\",\"isPartOf\":{\"@id\":\"https:\\\/\\\/diasen.com\\\/#website\"},\"primaryImageOfPage\":{\"@id\":\"https:\\\/\\\/diasen.com\\\/fr\\\/les-racines\\\/#primaryimage\"},\"image\":{\"@id\":\"https:\\\/\\\/diasen.com\\\/fr\\\/les-racines\\\/#primaryimage\"},\"thumbnailUrl\":\"https:\\\/\\\/www.diasen.com\\\/wp-content\\\/uploads\\\/2021\\\/04\\\/Diasen-sughero-sfondo-cta.jpg\",\"datePublished\":\"2020-06-29T08:54:31+00:00\",\"dateModified\":\"2022-10-10T13:02:45+00:00\",\"description\":\"Ce sont ses racines qui nourrissent Diasen et lui permettent d'\u00eatre internationale et int\u00e9gralement verte.\",\"breadcrumb\":{\"@id\":\"https:\\\/\\\/diasen.com\\\/fr\\\/les-racines\\\/#breadcrumb\"},\"inLanguage\":\"fr-FR\",\"potentialAction\":[{\"@type\":\"ReadAction\",\"target\":[\"https:\\\/\\\/diasen.com\\\/fr\\\/les-racines\\\/\"]}]},{\"@type\":\"ImageObject\",\"inLanguage\":\"fr-FR\",\"@id\":\"https:\\\/\\\/diasen.com\\\/fr\\\/les-racines\\\/#primaryimage\",\"url\":\"https:\\\/\\\/www.diasen.com\\\/wp-content\\\/uploads\\\/2021\\\/04\\\/Diasen-sughero-sfondo-cta.jpg\",\"contentUrl\":\"https:\\\/\\\/www.diasen.com\\\/wp-content\\\/uploads\\\/2021\\\/04\\\/Diasen-sughero-sfondo-cta.jpg\",\"width\":1300,\"height\":740},{\"@type\":\"BreadcrumbList\",\"@id\":\"https:\\\/\\\/diasen.com\\\/fr\\\/les-racines\\\/#breadcrumb\",\"itemListElement\":[{\"@type\":\"ListItem\",\"position\":1,\"name\":\"Home\",\"item\":\"https:\\\/\\\/www.diasen.com\\\/\"},{\"@type\":\"ListItem\",\"position\":2,\"name\":\"Les racines\"}]},{\"@type\":\"WebSite\",\"@id\":\"https:\\\/\\\/diasen.com\\\/#website\",\"url\":\"https:\\\/\\\/diasen.com\\\/\",\"name\":\"Diasen\",\"description\":\"\",\"publisher\":{\"@id\":\"https:\\\/\\\/diasen.com\\\/#organization\"},\"potentialAction\":[{\"@type\":\"SearchAction\",\"target\":{\"@type\":\"EntryPoint\",\"urlTemplate\":\"https:\\\/\\\/diasen.com\\\/?s={search_term_string}\"},\"query-input\":{\"@type\":\"PropertyValueSpecification\",\"valueRequired\":true,\"valueName\":\"search_term_string\"}}],\"inLanguage\":\"fr-FR\"},{\"@type\":\"Organization\",\"@id\":\"https:\\\/\\\/diasen.com\\\/#organization\",\"name\":\"Diasen\",\"url\":\"https:\\\/\\\/diasen.com\\\/\",\"logo\":{\"@type\":\"ImageObject\",\"inLanguage\":\"fr-FR\",\"@id\":\"https:\\\/\\\/diasen.com\\\/#\\\/schema\\\/logo\\\/image\\\/\",\"url\":\"https:\\\/\\\/www.diasen.com\\\/wp-content\\\/uploads\\\/2026\\\/04\\\/logo_diasen.png\",\"contentUrl\":\"https:\\\/\\\/www.diasen.com\\\/wp-content\\\/uploads\\\/2026\\\/04\\\/logo_diasen.png\",\"width\":300,\"height\":160,\"caption\":\"Diasen\"},\"image\":{\"@id\":\"https:\\\/\\\/diasen.com\\\/#\\\/schema\\\/logo\\\/image\\\/\"}}]}<\/script>\n<!-- \/ Yoast SEO plugin. -->","yoast_head_json":{"title":"Les racines - Diasen","description":"Ce sont ses racines qui nourrissent Diasen et lui permettent d'\u00eatre internationale et int\u00e9gralement verte.","robots":{"index":"index","follow":"follow","max-snippet":"max-snippet:-1","max-image-preview":"max-image-preview:large","max-video-preview":"max-video-preview:-1"},"canonical":"https:\/\/diasen.com\/fr\/les-racines\/","og_locale":"fr_FR","og_type":"article","og_title":"Les racines - Diasen","og_description":"Ce sont ses racines qui nourrissent Diasen et lui permettent d'\u00eatre internationale et int\u00e9gralement verte.","og_url":"https:\/\/diasen.com\/fr\/les-racines\/","og_site_name":"Diasen","article_modified_time":"2022-10-10T13:02:45+00:00","og_image":[{"width":1300,"height":740,"url":"https:\/\/diasen.com\/wp-content\/uploads\/2021\/04\/Diasen-sughero-sfondo-cta.jpg","type":"image\/jpeg"}],"twitter_card":"summary_large_image","twitter_misc":{"Dur\u00e9e de lecture estim\u00e9e":"7 minutes"},"schema":{"@context":"https:\/\/schema.org","@graph":[{"@type":"WebPage","@id":"https:\/\/diasen.com\/fr\/les-racines\/","url":"https:\/\/diasen.com\/fr\/les-racines\/","name":"Les racines - Diasen","isPartOf":{"@id":"https:\/\/diasen.com\/#website"},"primaryImageOfPage":{"@id":"https:\/\/diasen.com\/fr\/les-racines\/#primaryimage"},"image":{"@id":"https:\/\/diasen.com\/fr\/les-racines\/#primaryimage"},"thumbnailUrl":"https:\/\/www.diasen.com\/wp-content\/uploads\/2021\/04\/Diasen-sughero-sfondo-cta.jpg","datePublished":"2020-06-29T08:54:31+00:00","dateModified":"2022-10-10T13:02:45+00:00","description":"Ce sont ses racines qui nourrissent Diasen et lui permettent d'\u00eatre internationale et int\u00e9gralement verte.","breadcrumb":{"@id":"https:\/\/diasen.com\/fr\/les-racines\/#breadcrumb"},"inLanguage":"fr-FR","potentialAction":[{"@type":"ReadAction","target":["https:\/\/diasen.com\/fr\/les-racines\/"]}]},{"@type":"ImageObject","inLanguage":"fr-FR","@id":"https:\/\/diasen.com\/fr\/les-racines\/#primaryimage","url":"https:\/\/www.diasen.com\/wp-content\/uploads\/2021\/04\/Diasen-sughero-sfondo-cta.jpg","contentUrl":"https:\/\/www.diasen.com\/wp-content\/uploads\/2021\/04\/Diasen-sughero-sfondo-cta.jpg","width":1300,"height":740},{"@type":"BreadcrumbList","@id":"https:\/\/diasen.com\/fr\/les-racines\/#breadcrumb","itemListElement":[{"@type":"ListItem","position":1,"name":"Home","item":"https:\/\/www.diasen.com\/"},{"@type":"ListItem","position":2,"name":"Les racines"}]},{"@type":"WebSite","@id":"https:\/\/diasen.com\/#website","url":"https:\/\/diasen.com\/","name":"Diasen","description":"","publisher":{"@id":"https:\/\/diasen.com\/#organization"},"potentialAction":[{"@type":"SearchAction","target":{"@type":"EntryPoint","urlTemplate":"https:\/\/diasen.com\/?s={search_term_string}"},"query-input":{"@type":"PropertyValueSpecification","valueRequired":true,"valueName":"search_term_string"}}],"inLanguage":"fr-FR"},{"@type":"Organization","@id":"https:\/\/diasen.com\/#organization","name":"Diasen","url":"https:\/\/diasen.com\/","logo":{"@type":"ImageObject","inLanguage":"fr-FR","@id":"https:\/\/diasen.com\/#\/schema\/logo\/image\/","url":"https:\/\/www.diasen.com\/wp-content\/uploads\/2026\/04\/logo_diasen.png","contentUrl":"https:\/\/www.diasen.com\/wp-content\/uploads\/2026\/04\/logo_diasen.png","width":300,"height":160,"caption":"Diasen"},"image":{"@id":"https:\/\/diasen.com\/#\/schema\/logo\/image\/"}}]}},"ticketed":false,"_links":{"self":[{"href":"https:\/\/www.diasen.com\/fr\/wp-json\/wp\/v2\/pages\/16496","targetHints":{"allow":["GET"]}}],"collection":[{"href":"https:\/\/www.diasen.com\/fr\/wp-json\/wp\/v2\/pages"}],"about":[{"href":"https:\/\/www.diasen.com\/fr\/wp-json\/wp\/v2\/types\/page"}],"author":[{"embeddable":true,"href":"https:\/\/www.diasen.com\/fr\/wp-json\/wp\/v2\/users\/3"}],"replies":[{"embeddable":true,"href":"https:\/\/www.diasen.com\/fr\/wp-json\/wp\/v2\/comments?post=16496"}],"version-history":[{"count":4,"href":"https:\/\/www.diasen.com\/fr\/wp-json\/wp\/v2\/pages\/16496\/revisions"}],"predecessor-version":[{"id":27860,"href":"https:\/\/www.diasen.com\/fr\/wp-json\/wp\/v2\/pages\/16496\/revisions\/27860"}],"wp:featuredmedia":[{"embeddable":true,"href":"https:\/\/www.diasen.com\/fr\/wp-json\/wp\/v2\/media\/4254"}],"wp:attachment":[{"href":"https:\/\/www.diasen.com\/fr\/wp-json\/wp\/v2\/media?parent=16496"}],"curies":[{"name":"wp","href":"https:\/\/api.w.org\/{rel}","templated":true}]}}