{"id":16381,"date":"2020-09-18T16:22:18","date_gmt":"2020-09-18T14:22:18","guid":{"rendered":"https:\/\/www.diasen.com\/prodotti\/"},"modified":"2022-07-21T09:38:30","modified_gmt":"2022-07-21T07:38:30","slug":"prodotti","status":"publish","type":"page","link":"https:\/\/www.diasen.com\/fr\/prodotti\/","title":{"rendered":"Prodotti"},"content":{"rendered":"[vc_row type=&#8221;in_container&#8221; full_screen_row_position=&#8221;middle&#8221; column_margin=&#8221;default&#8221; scene_position=&#8221;center&#8221; text_color=&#8221;dark&#8221; text_align=&#8221;left&#8221; top_padding=&#8221;50&#8243; bottom_padding=&#8221;50&#8243; overlay_strength=&#8221;0.3&#8243; shape_divider_position=&#8221;bottom&#8221; bg_image_animation=&#8221;none&#8221; shape_type=&#8221;&#8221;][vc_column column_padding=&#8221;no-extra-padding&#8221; column_padding_position=&#8221;all&#8221; background_color_opacity=&#8221;1&#8243; background_hover_color_opacity=&#8221;1&#8243; column_link_target=&#8221;_self&#8221; column_shadow=&#8221;none&#8221; column_border_radius=&#8221;none&#8221; width=&#8221;1\/1&#8243; tablet_width_inherit=&#8221;default&#8221; tablet_text_alignment=&#8221;default&#8221; phone_text_alignment=&#8221;default&#8221; overlay_strength=&#8221;0.3&#8243; column_border_width=&#8221;none&#8221; column_border_style=&#8221;solid&#8221; bg_image_animation=&#8221;none&#8221;][vc_column_text]\n<h1 style=\"text-align: center;\">Produits<\/h1>\n[\/vc_column_text][\/vc_column][\/vc_row][vc_row type=&#8221;full_width_content&#8221; full_screen_row_position=&#8221;middle&#8221; equal_height=&#8221;yes&#8221; content_placement=&#8221;top&#8221; column_margin=&#8221;20px&#8221; scene_position=&#8221;center&#8221; text_color=&#8221;dark&#8221; text_align=&#8221;left&#8221; overlay_strength=&#8221;0.3&#8243; shape_divider_position=&#8221;bottom&#8221; bg_image_animation=&#8221;none&#8221; shape_type=&#8221;&#8221;][vc_column column_padding=&#8221;padding-1-percent&#8221; column_padding_position=&#8221;bottom&#8221; background_color_opacity=&#8221;1&#8243; background_hover_color_opacity=&#8221;1&#8243; column_link_target=&#8221;_self&#8221; column_shadow=&#8221;none&#8221; column_border_radius=&#8221;none&#8221; bottom_margin=&#8221;20px&#8221; width=&#8221;1\/3&#8243; tablet_width_inherit=&#8221;default&#8221; tablet_text_alignment=&#8221;default&#8221; phone_text_alignment=&#8221;default&#8221; overlay_strength=&#8221;0.3&#8243; column_border_width=&#8221;none&#8221; column_border_style=&#8221;solid&#8221; bg_image_animation=&#8221;none&#8221;][fancy_box box_style=&#8221;default&#8221; icon_family=&#8221;none&#8221; image_url=&#8221;518&#8243; link_new_tab=&#8221;true&#8221; color=&#8221;accent-color&#8221; border_radius=&#8221;default&#8221; image_loading=&#8221;default&#8221; link_url=&#8221;\/fr\/isolants-thermiques-et-acoustiques\/&#8221; link_text=&#8221;D\u00e9couvrez les produits&#8221; min_height=&#8221;255&#8243;]\n<h2>Isolation thermique et acoustique<\/h2>\n<p>Des produits de haute technologie qui combinent isolation thermique, isolation acoustique et d\u00e9shumidification en une seule solution.[\/fancy_box][\/vc_column][vc_column column_padding=&#8221;padding-1-percent&#8221; column_padding_position=&#8221;bottom&#8221; background_color_opacity=&#8221;1&#8243; background_hover_color_opacity=&#8221;1&#8243; column_link_target=&#8221;_self&#8221; column_shadow=&#8221;none&#8221; column_border_radius=&#8221;none&#8221; width=&#8221;1\/3&#8243; tablet_width_inherit=&#8221;default&#8221; tablet_text_alignment=&#8221;default&#8221; phone_text_alignment=&#8221;default&#8221; overlay_strength=&#8221;0.3&#8243; column_border_width=&#8221;none&#8221; column_border_style=&#8221;solid&#8221; bg_image_animation=&#8221;none&#8221;][fancy_box box_style=&#8221;default&#8221; icon_family=&#8221;none&#8221; image_url=&#8221;527&#8243; color=&#8221;accent-color&#8221; border_radius=&#8221;default&#8221; image_loading=&#8221;default&#8221; link_url=&#8221;\/fr\/produits-detancheite\/&#8221; link_text=&#8221;Decouvrez les produits&#8221; min_height=&#8221;253&#8243;]\n<h2>Produits d\u2019\u00e9tanch\u00e9it\u00e9<\/h2>\n<p>Produits pour imperm\u00e9abiliser, prot\u00e9ger et pr\u00e9server tout type de structure des infiltrations d&#8217;eau en pouss\u00e9e positive et n\u00e9gative.[\/fancy_box][\/vc_column][vc_column column_padding=&#8221;padding-1-percent&#8221; column_padding_position=&#8221;bottom&#8221; background_color_opacity=&#8221;1&#8243; background_hover_color_opacity=&#8221;1&#8243; column_link_target=&#8221;_self&#8221; column_shadow=&#8221;none&#8221; column_border_radius=&#8221;none&#8221; width=&#8221;1\/3&#8243; tablet_width_inherit=&#8221;default&#8221; tablet_text_alignment=&#8221;default&#8221; phone_text_alignment=&#8221;default&#8221; overlay_strength=&#8221;0.3&#8243; column_border_width=&#8221;none&#8221; column_border_style=&#8221;solid&#8221; bg_image_animation=&#8221;none&#8221;][fancy_box box_style=&#8221;default&#8221; icon_family=&#8221;none&#8221; image_url=&#8221;533&#8243; color=&#8221;accent-color&#8221; border_radius=&#8221;default&#8221; image_loading=&#8221;default&#8221; link_url=&#8221;\/fr\/revetements\/&#8221; link_text=&#8221;D\u00e9couvrez les produits&#8221; min_height=&#8221;253&#8243;]\n<h2>Rev\u00eatements<\/h2>\n<p>Produits polyfonctionnels pour rev\u00eatir, prot\u00e9ger et conserver, sur la base des exigences les plus vari\u00e9es, n\u2019importe quel type de structures.[\/fancy_box][\/vc_column][\/vc_row][vc_row type=&#8221;full_width_content&#8221; full_screen_row_position=&#8221;middle&#8221; equal_height=&#8221;yes&#8221; content_placement=&#8221;top&#8221; column_margin=&#8221;20px&#8221; scene_position=&#8221;center&#8221; text_color=&#8221;dark&#8221; text_align=&#8221;left&#8221; overlay_strength=&#8221;0.3&#8243; shape_divider_position=&#8221;bottom&#8221; bg_image_animation=&#8221;none&#8221; shape_type=&#8221;&#8221;][vc_column column_padding=&#8221;padding-1-percent&#8221; column_padding_position=&#8221;bottom&#8221; background_color_opacity=&#8221;1&#8243; background_hover_color_opacity=&#8221;1&#8243; column_link_target=&#8221;_self&#8221; column_shadow=&#8221;none&#8221; column_border_radius=&#8221;none&#8221; bottom_margin=&#8221;20px&#8221; width=&#8221;1\/3&#8243; tablet_width_inherit=&#8221;default&#8221; tablet_text_alignment=&#8221;default&#8221; phone_text_alignment=&#8221;default&#8221; overlay_strength=&#8221;0.3&#8243; column_border_width=&#8221;none&#8221; column_border_style=&#8221;solid&#8221; bg_image_animation=&#8221;none&#8221;][fancy_box box_style=&#8221;default&#8221; icon_family=&#8221;none&#8221; image_url=&#8221;535&#8243; color=&#8221;accent-color&#8221; border_radius=&#8221;default&#8221; image_loading=&#8221;default&#8221; link_url=&#8221;\/fr\/finiture\/&#8221; link_text=&#8221;D\u00e9couvrez les produits&#8221; min_height=&#8221;253&#8243;]\n<h2>Enduits \u00e0 base de li\u00e8ge<\/h2>\n<p>Pour un effet final innovant \u00e9tant donn\u00e9 leurs hautes capacit\u00e9s thermique, \u00e9lastique et hydrofuge[\/fancy_box][\/vc_column][vc_column column_padding=&#8221;padding-1-percent&#8221; column_padding_position=&#8221;bottom&#8221; background_color_opacity=&#8221;1&#8243; background_hover_color_opacity=&#8221;1&#8243; column_link_target=&#8221;_self&#8221; column_shadow=&#8221;none&#8221; column_border_radius=&#8221;none&#8221; width=&#8221;1\/3&#8243; tablet_width_inherit=&#8221;default&#8221; tablet_text_alignment=&#8221;default&#8221; phone_text_alignment=&#8221;default&#8221; overlay_strength=&#8221;0.3&#8243; column_border_width=&#8221;none&#8221; column_border_style=&#8221;solid&#8221; bg_image_animation=&#8221;none&#8221;][fancy_box box_style=&#8221;default&#8221; icon_family=&#8221;none&#8221; image_url=&#8221;527&#8243; color=&#8221;accent-color&#8221; border_radius=&#8221;default&#8221; image_loading=&#8221;default&#8221; link_url=&#8221;\/fr\/peintures-et-finitions-decoratives\/&#8221; link_text=&#8221;D\u00e9couvrez les produits&#8221; min_height=&#8221;253&#8243;]\n<h2>Peintures et finitions d\u00e9coratives<\/h2>\n<p>Produits hautement performants, \u00e9cologiques et d\u00e9coratifs, pour la cr\u00e9ation de rev\u00eatements ou de finitions au design unique.[\/fancy_box][\/vc_column][vc_column column_padding=&#8221;padding-1-percent&#8221; column_padding_position=&#8221;bottom&#8221; background_color_opacity=&#8221;1&#8243; background_hover_color_opacity=&#8221;1&#8243; column_link_target=&#8221;_self&#8221; column_shadow=&#8221;none&#8221; column_border_radius=&#8221;none&#8221; width=&#8221;1\/3&#8243; tablet_width_inherit=&#8221;default&#8221; tablet_text_alignment=&#8221;default&#8221; phone_text_alignment=&#8221;default&#8221; overlay_strength=&#8221;0.3&#8243; column_border_width=&#8221;none&#8221; column_border_style=&#8221;solid&#8221; bg_image_animation=&#8221;none&#8221;][fancy_box box_style=&#8221;default&#8221; icon_family=&#8221;none&#8221; image_url=&#8221;537&#8243; color=&#8221;accent-color&#8221; border_radius=&#8221;default&#8221; image_loading=&#8221;default&#8221; link_url=&#8221;\/fr\/primer\/&#8221; link_text=&#8221;D\u00e9couvrez les produits&#8221; min_height=&#8221;253&#8243;]\n<h2>Primaire<\/h2>\n<p>Produits universels pour assurer le bon ancrage des mat\u00e9riaux sur tout type de support.[\/fancy_box][\/vc_column][\/vc_row][vc_row type=&#8221;full_width_content&#8221; full_screen_row_position=&#8221;middle&#8221; equal_height=&#8221;yes&#8221; content_placement=&#8221;top&#8221; column_margin=&#8221;20px&#8221; scene_position=&#8221;center&#8221; text_color=&#8221;dark&#8221; text_align=&#8221;left&#8221; overlay_strength=&#8221;0.3&#8243; shape_divider_position=&#8221;bottom&#8221; bg_image_animation=&#8221;none&#8221; shape_type=&#8221;&#8221;][vc_column column_padding=&#8221;padding-1-percent&#8221; column_padding_position=&#8221;bottom&#8221; background_color_opacity=&#8221;1&#8243; background_hover_color_opacity=&#8221;1&#8243; column_link_target=&#8221;_self&#8221; column_shadow=&#8221;none&#8221; column_border_radius=&#8221;none&#8221; bottom_margin=&#8221;20px&#8221; width=&#8221;1\/3&#8243; tablet_width_inherit=&#8221;default&#8221; tablet_text_alignment=&#8221;default&#8221; phone_text_alignment=&#8221;default&#8221; overlay_strength=&#8221;0.3&#8243; column_border_width=&#8221;none&#8221; column_border_style=&#8221;solid&#8221; bg_image_animation=&#8221;none&#8221;][fancy_box box_style=&#8221;default&#8221; icon_family=&#8221;none&#8221; image_url=&#8221;538&#8243; color=&#8221;accent-color&#8221; border_radius=&#8221;default&#8221; image_loading=&#8221;default&#8221; link_url=&#8221;\/fr\/idrorepellenti\/&#8221; link_text=&#8221;D\u00e9couvrez les produits&#8221; min_height=&#8221;220&#8243;]\n<h2>Hydrofuge<\/h2>\n<p>Produits pour imperm\u00e9abiliser de fa\u00e7on permanente tout type de surface expos\u00e9e ou pour cr\u00e9er des barri\u00e8res contre les remont\u00e9es capillaires.[\/fancy_box][\/vc_column][vc_column column_padding=&#8221;padding-1-percent&#8221; column_padding_position=&#8221;bottom&#8221; background_color_opacity=&#8221;1&#8243; background_hover_color_opacity=&#8221;1&#8243; column_link_target=&#8221;_self&#8221; column_shadow=&#8221;none&#8221; column_border_radius=&#8221;none&#8221; width=&#8221;1\/3&#8243; tablet_width_inherit=&#8221;default&#8221; tablet_text_alignment=&#8221;default&#8221; phone_text_alignment=&#8221;default&#8221; overlay_strength=&#8221;0.3&#8243; column_border_width=&#8221;none&#8221; column_border_style=&#8221;solid&#8221; bg_image_animation=&#8221;none&#8221;][fancy_box box_style=&#8221;default&#8221; icon_family=&#8221;none&#8221; image_url=&#8221;539&#8243; color=&#8221;accent-color&#8221; border_radius=&#8221;default&#8221; image_loading=&#8221;default&#8221; link_url=&#8221;\/fr\/armature\/&#8221; link_text=&#8221;D\u00e9couvrez les produits&#8221; min_height=&#8221;220&#8243;]\n<h2>Renfort de b\u00e2timent<\/h2>\n<p>Produits technologiquement sup\u00e9rieurs pour renforcer les enduits, les chapes et les membranes liquides de toutes sortes.[\/fancy_box][\/vc_column][vc_column column_padding=&#8221;padding-1-percent&#8221; column_padding_position=&#8221;bottom&#8221; background_color_opacity=&#8221;1&#8243; background_hover_color_opacity=&#8221;1&#8243; column_link_target=&#8221;_self&#8221; column_shadow=&#8221;none&#8221; column_border_radius=&#8221;none&#8221; width=&#8221;1\/3&#8243; tablet_width_inherit=&#8221;default&#8221; tablet_text_alignment=&#8221;default&#8221; phone_text_alignment=&#8221;default&#8221; overlay_strength=&#8221;0.3&#8243; column_border_width=&#8221;none&#8221; column_border_style=&#8221;solid&#8221; bg_image_animation=&#8221;none&#8221;][fancy_box box_style=&#8221;default&#8221; icon_family=&#8221;none&#8221; image_url=&#8221;540&#8243; color=&#8221;accent-color&#8221; border_radius=&#8221;default&#8221; image_loading=&#8221;default&#8221; link_url=&#8221;\/fr\/rasanti\/&#8221; link_text=&#8221;D\u00e9couvrez les produits&#8221; min_height=&#8221;220&#8243;]\n<h2>Enduits de lissage<\/h2>\n<p>Produits pour restaurer, niveler, uniformiser et pr\u00e9parer tout type de surface.[\/fancy_box][\/vc_column][\/vc_row][vc_row type=&#8221;full_width_content&#8221; full_screen_row_position=&#8221;middle&#8221; equal_height=&#8221;yes&#8221; content_placement=&#8221;top&#8221; column_margin=&#8221;20px&#8221; scene_position=&#8221;center&#8221; text_color=&#8221;dark&#8221; text_align=&#8221;left&#8221; overlay_strength=&#8221;0.3&#8243; shape_divider_position=&#8221;bottom&#8221; bg_image_animation=&#8221;none&#8221; shape_type=&#8221;&#8221;][vc_column column_padding=&#8221;padding-1-percent&#8221; column_padding_position=&#8221;bottom&#8221; background_color_opacity=&#8221;1&#8243; background_hover_color_opacity=&#8221;1&#8243; column_link_target=&#8221;_self&#8221; column_shadow=&#8221;none&#8221; column_border_radius=&#8221;none&#8221; bottom_margin=&#8221;20px&#8221; width=&#8221;1\/3&#8243; tablet_width_inherit=&#8221;default&#8221; tablet_text_alignment=&#8221;default&#8221; phone_text_alignment=&#8221;default&#8221; overlay_strength=&#8221;0.3&#8243; column_border_width=&#8221;none&#8221; column_border_style=&#8221;solid&#8221; bg_image_animation=&#8221;none&#8221;][fancy_box box_style=&#8221;default&#8221; icon_family=&#8221;none&#8221; image_url=&#8221;541&#8243; color=&#8221;accent-color&#8221; border_radius=&#8221;default&#8221; image_loading=&#8221;default&#8221; link_url=&#8221;\/fr\/consolidation-et-restauration\/ &#8221; link_text=&#8221;D\u00e9couvrez les produits&#8221; min_height=&#8221;220&#8243;]\n<h2>Consolidation et restauration<\/h2>\n<p>Mortiers \u00e0 prise rapide pour la restauration structurale d&#8217;ouvrages en ma\u00e7onnerie ou en b\u00e9ton arm\u00e9, capables de contribuer \u00e0 l&#8217;isolation thermique des murs.[\/fancy_box][\/vc_column][vc_column column_padding=&#8221;padding-1-percent&#8221; column_padding_position=&#8221;bottom&#8221; background_color_opacity=&#8221;1&#8243; background_hover_color_opacity=&#8221;1&#8243; column_link_target=&#8221;_self&#8221; column_shadow=&#8221;none&#8221; column_border_radius=&#8221;none&#8221; width=&#8221;1\/3&#8243; tablet_width_inherit=&#8221;default&#8221; tablet_text_alignment=&#8221;default&#8221; phone_text_alignment=&#8221;default&#8221; overlay_strength=&#8221;0.3&#8243; column_border_width=&#8221;none&#8221; column_border_style=&#8221;solid&#8221; bg_image_animation=&#8221;none&#8221;][fancy_box box_style=&#8221;default&#8221; icon_family=&#8221;none&#8221; image_url=&#8221;543&#8243; color=&#8221;accent-color&#8221; border_radius=&#8221;default&#8221; image_loading=&#8221;default&#8221; link_url=&#8221;\/fr\/accessoires\/&#8221; link_text=&#8221;D\u00e9couvrez les produits&#8221; min_height=&#8221;220&#8243;]\n<h2>Accessoires<\/h2>\n<p>Produits, machines et \u00e9quipements compl\u00e9mentaires pour l&#8217;installation des produits Diasen.[\/fancy_box][\/vc_column][vc_column column_padding=&#8221;padding-1-percent&#8221; column_padding_position=&#8221;bottom&#8221; background_color_opacity=&#8221;1&#8243; background_hover_color_opacity=&#8221;1&#8243; column_link_target=&#8221;_self&#8221; column_shadow=&#8221;none&#8221; column_border_radius=&#8221;none&#8221; width=&#8221;1\/3&#8243; tablet_width_inherit=&#8221;default&#8221; tablet_text_alignment=&#8221;default&#8221; phone_text_alignment=&#8221;default&#8221; overlay_strength=&#8221;0.3&#8243; column_border_width=&#8221;none&#8221; column_border_style=&#8221;solid&#8221; bg_image_animation=&#8221;none&#8221;][\/vc_column][\/vc_row]\n","protected":false},"excerpt":{"rendered":"<p>[vc_row type=&#8221;in_container&#8221; full_screen_row_position=&#8221;middle&#8221; column_margin=&#8221;default&#8221; scene_position=&#8221;center&#8221; text_color=&#8221;dark&#8221; text_align=&#8221;left&#8221; top_padding=&#8221;50&#8243; bottom_padding=&#8221;50&#8243; overlay_strength=&#8221;0.3&#8243; shape_divider_position=&#8221;bottom&#8221; bg_image_animation=&#8221;none&#8221; shape_type=&#8221;&#8221;][vc_column column_padding=&#8221;no-extra-padding&#8221; column_padding_position=&#8221;all&#8221; background_color_opacity=&#8221;1&#8243; background_hover_color_opacity=&#8221;1&#8243; column_link_target=&#8221;_self&#8221; column_shadow=&#8221;none&#8221; column_border_radius=&#8221;none&#8221; width=&#8221;1\/1&#8243; tablet_width_inherit=&#8221;default&#8221; tablet_text_alignment=&#8221;default&#8221; phone_text_alignment=&#8221;default&#8221; overlay_strength=&#8221;0.3&#8243; column_border_width=&#8221;none&#8221; column_border_style=&#8221;solid&#8221; bg_image_animation=&#8221;none&#8221;][vc_column_text] Produits [\/vc_column_text][\/vc_column][\/vc_row][vc_row&#8230;<\/p>\n","protected":false},"author":3,"featured_media":0,"parent":0,"menu_order":0,"comment_status":"closed","ping_status":"closed","template":"","meta":{"_acf_changed":false,"content-type":"","inline_featured_image":false,"_price":"","_stock":"","_tribe_ticket_header":"","_tribe_default_ticket_provider":"","_tribe_ticket_capacity":"0","_ticket_start_date":"","_ticket_end_date":"","_tribe_ticket_show_description":"","_tribe_ticket_show_not_going":false,"_tribe_ticket_use_global_stock":"","_tribe_ticket_global_stock_level":"","_global_stock_mode":"","_global_stock_cap":"","_tribe_rsvp_for_event":"","_tribe_ticket_going_count":"","_tribe_ticket_not_going_count":"","_tribe_tickets_list":"[]","_tribe_ticket_has_attendee_info_fields":false,"footnotes":"","_tec_slr_enabled":"","_tec_slr_layout":""},"class_list":["post-16381","page","type-page","status-publish"],"acf":[],"yoast_head":"<!-- This site is optimized with the Yoast SEO plugin v27.3 - https:\/\/yoast.com\/product\/yoast-seo-wordpress\/ -->\n<title>Prodotti - Diasen<\/title>\n<meta name=\"description\" content=\"Toute la gamme des produits Diasen. D\u00e9couvrez le monde de la construction \u00e9co-durable.\" \/>\n<meta name=\"robots\" content=\"index, follow, max-snippet:-1, max-image-preview:large, max-video-preview:-1\" \/>\n<link rel=\"canonical\" href=\"https:\/\/diasen.com\/fr\/prodotti\/\" \/>\n<meta property=\"og:locale\" content=\"fr_FR\" \/>\n<meta property=\"og:type\" content=\"article\" \/>\n<meta property=\"og:title\" content=\"Prodotti - Diasen\" \/>\n<meta property=\"og:description\" content=\"Toute la gamme des produits Diasen. D\u00e9couvrez le monde de la construction \u00e9co-durable.\" \/>\n<meta property=\"og:url\" content=\"https:\/\/diasen.com\/fr\/prodotti\/\" \/>\n<meta property=\"og:site_name\" content=\"Diasen\" \/>\n<meta property=\"article:modified_time\" content=\"2022-07-21T07:38:30+00:00\" \/>\n<meta name=\"twitter:card\" content=\"summary_large_image\" \/>\n<meta name=\"twitter:label1\" content=\"Dur\u00e9e de lecture estim\u00e9e\" \/>\n\t<meta name=\"twitter:data1\" content=\"8 minutes\" \/>\n<script type=\"application\/ld+json\" class=\"yoast-schema-graph\">{\"@context\":\"https:\\\/\\\/schema.org\",\"@graph\":[{\"@type\":\"WebPage\",\"@id\":\"https:\\\/\\\/diasen.com\\\/fr\\\/prodotti\\\/\",\"url\":\"https:\\\/\\\/diasen.com\\\/fr\\\/prodotti\\\/\",\"name\":\"Prodotti - Diasen\",\"isPartOf\":{\"@id\":\"https:\\\/\\\/diasen.com\\\/#website\"},\"datePublished\":\"2020-09-18T14:22:18+00:00\",\"dateModified\":\"2022-07-21T07:38:30+00:00\",\"description\":\"Toute la gamme des produits Diasen. D\u00e9couvrez le monde de la construction \u00e9co-durable.\",\"breadcrumb\":{\"@id\":\"https:\\\/\\\/diasen.com\\\/fr\\\/prodotti\\\/#breadcrumb\"},\"inLanguage\":\"fr-FR\",\"potentialAction\":[{\"@type\":\"ReadAction\",\"target\":[\"https:\\\/\\\/diasen.com\\\/fr\\\/prodotti\\\/\"]}]},{\"@type\":\"BreadcrumbList\",\"@id\":\"https:\\\/\\\/diasen.com\\\/fr\\\/prodotti\\\/#breadcrumb\",\"itemListElement\":[{\"@type\":\"ListItem\",\"position\":1,\"name\":\"Home\",\"item\":\"https:\\\/\\\/www.diasen.com\\\/\"},{\"@type\":\"ListItem\",\"position\":2,\"name\":\"Prodotti\"}]},{\"@type\":\"WebSite\",\"@id\":\"https:\\\/\\\/diasen.com\\\/#website\",\"url\":\"https:\\\/\\\/diasen.com\\\/\",\"name\":\"Diasen\",\"description\":\"\",\"publisher\":{\"@id\":\"https:\\\/\\\/diasen.com\\\/#organization\"},\"potentialAction\":[{\"@type\":\"SearchAction\",\"target\":{\"@type\":\"EntryPoint\",\"urlTemplate\":\"https:\\\/\\\/diasen.com\\\/?s={search_term_string}\"},\"query-input\":{\"@type\":\"PropertyValueSpecification\",\"valueRequired\":true,\"valueName\":\"search_term_string\"}}],\"inLanguage\":\"fr-FR\"},{\"@type\":\"Organization\",\"@id\":\"https:\\\/\\\/diasen.com\\\/#organization\",\"name\":\"Diasen\",\"url\":\"https:\\\/\\\/diasen.com\\\/\",\"logo\":{\"@type\":\"ImageObject\",\"inLanguage\":\"fr-FR\",\"@id\":\"https:\\\/\\\/diasen.com\\\/#\\\/schema\\\/logo\\\/image\\\/\",\"url\":\"https:\\\/\\\/www.diasen.com\\\/wp-content\\\/uploads\\\/2026\\\/04\\\/logo_diasen.png\",\"contentUrl\":\"https:\\\/\\\/www.diasen.com\\\/wp-content\\\/uploads\\\/2026\\\/04\\\/logo_diasen.png\",\"width\":300,\"height\":160,\"caption\":\"Diasen\"},\"image\":{\"@id\":\"https:\\\/\\\/diasen.com\\\/#\\\/schema\\\/logo\\\/image\\\/\"}}]}<\/script>\n<!-- \/ Yoast SEO plugin. -->","yoast_head_json":{"title":"Prodotti - Diasen","description":"Toute la gamme des produits Diasen. D\u00e9couvrez le monde de la construction \u00e9co-durable.","robots":{"index":"index","follow":"follow","max-snippet":"max-snippet:-1","max-image-preview":"max-image-preview:large","max-video-preview":"max-video-preview:-1"},"canonical":"https:\/\/diasen.com\/fr\/prodotti\/","og_locale":"fr_FR","og_type":"article","og_title":"Prodotti - Diasen","og_description":"Toute la gamme des produits Diasen. D\u00e9couvrez le monde de la construction \u00e9co-durable.","og_url":"https:\/\/diasen.com\/fr\/prodotti\/","og_site_name":"Diasen","article_modified_time":"2022-07-21T07:38:30+00:00","twitter_card":"summary_large_image","twitter_misc":{"Dur\u00e9e de lecture estim\u00e9e":"8 minutes"},"schema":{"@context":"https:\/\/schema.org","@graph":[{"@type":"WebPage","@id":"https:\/\/diasen.com\/fr\/prodotti\/","url":"https:\/\/diasen.com\/fr\/prodotti\/","name":"Prodotti - Diasen","isPartOf":{"@id":"https:\/\/diasen.com\/#website"},"datePublished":"2020-09-18T14:22:18+00:00","dateModified":"2022-07-21T07:38:30+00:00","description":"Toute la gamme des produits Diasen. D\u00e9couvrez le monde de la construction \u00e9co-durable.","breadcrumb":{"@id":"https:\/\/diasen.com\/fr\/prodotti\/#breadcrumb"},"inLanguage":"fr-FR","potentialAction":[{"@type":"ReadAction","target":["https:\/\/diasen.com\/fr\/prodotti\/"]}]},{"@type":"BreadcrumbList","@id":"https:\/\/diasen.com\/fr\/prodotti\/#breadcrumb","itemListElement":[{"@type":"ListItem","position":1,"name":"Home","item":"https:\/\/www.diasen.com\/"},{"@type":"ListItem","position":2,"name":"Prodotti"}]},{"@type":"WebSite","@id":"https:\/\/diasen.com\/#website","url":"https:\/\/diasen.com\/","name":"Diasen","description":"","publisher":{"@id":"https:\/\/diasen.com\/#organization"},"potentialAction":[{"@type":"SearchAction","target":{"@type":"EntryPoint","urlTemplate":"https:\/\/diasen.com\/?s={search_term_string}"},"query-input":{"@type":"PropertyValueSpecification","valueRequired":true,"valueName":"search_term_string"}}],"inLanguage":"fr-FR"},{"@type":"Organization","@id":"https:\/\/diasen.com\/#organization","name":"Diasen","url":"https:\/\/diasen.com\/","logo":{"@type":"ImageObject","inLanguage":"fr-FR","@id":"https:\/\/diasen.com\/#\/schema\/logo\/image\/","url":"https:\/\/www.diasen.com\/wp-content\/uploads\/2026\/04\/logo_diasen.png","contentUrl":"https:\/\/www.diasen.com\/wp-content\/uploads\/2026\/04\/logo_diasen.png","width":300,"height":160,"caption":"Diasen"},"image":{"@id":"https:\/\/diasen.com\/#\/schema\/logo\/image\/"}}]}},"ticketed":false,"_links":{"self":[{"href":"https:\/\/www.diasen.com\/fr\/wp-json\/wp\/v2\/pages\/16381","targetHints":{"allow":["GET"]}}],"collection":[{"href":"https:\/\/www.diasen.com\/fr\/wp-json\/wp\/v2\/pages"}],"about":[{"href":"https:\/\/www.diasen.com\/fr\/wp-json\/wp\/v2\/types\/page"}],"author":[{"embeddable":true,"href":"https:\/\/www.diasen.com\/fr\/wp-json\/wp\/v2\/users\/3"}],"replies":[{"embeddable":true,"href":"https:\/\/www.diasen.com\/fr\/wp-json\/wp\/v2\/comments?post=16381"}],"version-history":[{"count":7,"href":"https:\/\/www.diasen.com\/fr\/wp-json\/wp\/v2\/pages\/16381\/revisions"}],"predecessor-version":[{"id":22111,"href":"https:\/\/www.diasen.com\/fr\/wp-json\/wp\/v2\/pages\/16381\/revisions\/22111"}],"wp:attachment":[{"href":"https:\/\/www.diasen.com\/fr\/wp-json\/wp\/v2\/media?parent=16381"}],"curies":[{"name":"wp","href":"https:\/\/api.w.org\/{rel}","templated":true}]}}