{"id":15556,"date":"2022-06-15T07:04:14","date_gmt":"2022-06-15T05:04:14","guid":{"rendered":"https:\/\/www.diasen.com\/cage-descalier\/"},"modified":"2022-06-15T07:04:15","modified_gmt":"2022-06-15T05:04:15","slug":"cage-descalier","status":"publish","type":"page","link":"https:\/\/www.diasen.com\/fr\/cage-descalier\/","title":{"rendered":"Cage d&#8217;escalier"},"content":{"rendered":"[vc_row type=&#8221;in_container&#8221; full_screen_row_position=&#8221;middle&#8221; column_margin=&#8221;default&#8221; scene_position=&#8221;center&#8221; text_color=&#8221;dark&#8221; text_align=&#8221;left&#8221; top_padding=&#8221;50&#8243; bottom_padding=&#8221;50&#8243; overlay_strength=&#8221;0.3&#8243; shape_divider_position=&#8221;bottom&#8221; bg_image_animation=&#8221;none&#8221; shape_type=&#8221;&#8221;][vc_column column_padding=&#8221;no-extra-padding&#8221; column_padding_position=&#8221;all&#8221; background_color_opacity=&#8221;1&#8243; background_hover_color_opacity=&#8221;1&#8243; column_link_target=&#8221;_self&#8221; column_shadow=&#8221;none&#8221; column_border_radius=&#8221;none&#8221; width=&#8221;1\/6&#8243; tablet_width_inherit=&#8221;default&#8221; tablet_text_alignment=&#8221;default&#8221; phone_text_alignment=&#8221;default&#8221; overlay_strength=&#8221;0.3&#8243; column_border_width=&#8221;none&#8221; column_border_style=&#8221;solid&#8221; bg_image_animation=&#8221;none&#8221;][\/vc_column][vc_column centered_text=&#8221;true&#8221; column_padding=&#8221;no-extra-padding&#8221; column_padding_position=&#8221;all&#8221; background_color_opacity=&#8221;1&#8243; background_hover_color_opacity=&#8221;1&#8243; column_link_target=&#8221;_self&#8221; column_shadow=&#8221;none&#8221; column_border_radius=&#8221;none&#8221; width=&#8221;2\/3&#8243; tablet_width_inherit=&#8221;default&#8221; tablet_text_alignment=&#8221;default&#8221; phone_text_alignment=&#8221;default&#8221; overlay_strength=&#8221;0.3&#8243; column_border_width=&#8221;none&#8221; column_border_style=&#8221;solid&#8221; bg_image_animation=&#8221;none&#8221;][vc_column_text css=&#8221;.vc_custom_1611669765007{padding-top: 0px !important;padding-bottom: 30px !important;}&#8221;]\n<h3 style=\"text-align: center;\">Lieux<\/h3>\n<h2 style=\"text-align: center;\">Cage d&#8217;escalier<\/h2>\n[\/vc_column_text][image_with_animation image_url=&#8221;2414&#8243; alignment=&#8221;center&#8221; animation=&#8221;None&#8221; hover_animation=&#8221;none&#8221; border_radius=&#8221;none&#8221; box_shadow=&#8221;none&#8221; image_loading=&#8221;default&#8221; max_width=&#8221;100%&#8221; max_width_mobile=&#8221;default&#8221;][\/vc_column][vc_column column_padding=&#8221;no-extra-padding&#8221; column_padding_position=&#8221;all&#8221; background_color_opacity=&#8221;1&#8243; background_hover_color_opacity=&#8221;1&#8243; column_link_target=&#8221;_self&#8221; column_shadow=&#8221;none&#8221; column_border_radius=&#8221;none&#8221; width=&#8221;1\/6&#8243; tablet_width_inherit=&#8221;default&#8221; tablet_text_alignment=&#8221;default&#8221; phone_text_alignment=&#8221;default&#8221; overlay_strength=&#8221;0.3&#8243; column_border_width=&#8221;none&#8221; column_border_style=&#8221;solid&#8221; bg_image_animation=&#8221;none&#8221;][\/vc_column][\/vc_row][vc_row type=&#8221;in_container&#8221; full_screen_row_position=&#8221;middle&#8221; column_margin=&#8221;default&#8221; scene_position=&#8221;center&#8221; text_color=&#8221;dark&#8221; text_align=&#8221;left&#8221; bottom_padding=&#8221;50&#8243; overlay_strength=&#8221;0.3&#8243; shape_divider_position=&#8221;bottom&#8221; bg_image_animation=&#8221;none&#8221; shape_type=&#8221;&#8221;][vc_column column_padding=&#8221;no-extra-padding&#8221; column_padding_position=&#8221;all&#8221; background_color_opacity=&#8221;1&#8243; background_hover_color_opacity=&#8221;1&#8243; column_link_target=&#8221;_self&#8221; column_shadow=&#8221;none&#8221; column_border_radius=&#8221;none&#8221; width=&#8221;1\/2&#8243; tablet_width_inherit=&#8221;default&#8221; tablet_text_alignment=&#8221;default&#8221; phone_text_alignment=&#8221;default&#8221; overlay_strength=&#8221;0.3&#8243; column_border_width=&#8221;none&#8221; column_border_style=&#8221;solid&#8221; bg_image_animation=&#8221;none&#8221;][vc_column_text]La cage d&#8217;escalier se caract\u00e9rise par un transit continu de personnes \u00e0 l\u2019origine de bruits et de r\u00e9sonance, qui sont de v\u00e9ritables nuisances. Dans cette optique, l\u2019utilisation de Diathonite repr\u00e9sente une solution pour l\u2019isolation acoustique des cloisons et pour l\u2019\u00e9limination de la r\u00e9verb\u00e9ration. Diathonite permet \u00e9galement d\u2019\u00e9viter que la chaleur des appartements r\u00e9chauff\u00e9s ne se disperse dans la cage d\u2019escalier qui ne l\u2019est pas.[\/vc_column_text][\/vc_column][vc_column column_padding=&#8221;no-extra-padding&#8221; column_padding_position=&#8221;all&#8221; background_color_opacity=&#8221;1&#8243; background_hover_color_opacity=&#8221;1&#8243; column_link_target=&#8221;_self&#8221; column_shadow=&#8221;none&#8221; column_border_radius=&#8221;none&#8221; width=&#8221;1\/2&#8243; tablet_width_inherit=&#8221;default&#8221; tablet_text_alignment=&#8221;default&#8221; phone_text_alignment=&#8221;default&#8221; overlay_strength=&#8221;0.3&#8243; column_border_width=&#8221;none&#8221; column_border_style=&#8221;solid&#8221; bg_image_animation=&#8221;none&#8221;][vc_column_text]Par ailleurs, la cage d\u2019escalier peut \u00eatre au contact de structures contre terre, voire enti\u00e8rement enterr\u00e9es, qui sont susceptibles de subir des infiltrations d\u2019eau en contre-pression. L\u2019utilisation de produits d\u2019\u00e9tanch\u00e9it\u00e9 r\u00e9sistants aux pressions n\u00e9gatives permettent d\u2019encapsuler et d\u2019\u00e9liminer d\u00e9finitivement ces probl\u00e9matiques.[\/vc_column_text][\/vc_column][\/vc_row][vc_row type=&#8221;in_container&#8221; full_screen_row_position=&#8221;middle&#8221; column_margin=&#8221;default&#8221; scene_position=&#8221;center&#8221; text_color=&#8221;dark&#8221; text_align=&#8221;left&#8221; overlay_strength=&#8221;0.3&#8243; shape_divider_position=&#8221;bottom&#8221; bg_image_animation=&#8221;none&#8221;][vc_column column_padding=&#8221;no-extra-padding&#8221; column_padding_position=&#8221;all&#8221; background_color_opacity=&#8221;1&#8243; background_hover_color_opacity=&#8221;1&#8243; column_link_target=&#8221;_self&#8221; column_shadow=&#8221;none&#8221; column_border_radius=&#8221;none&#8221; width=&#8221;1\/1&#8243; tablet_width_inherit=&#8221;default&#8221; tablet_text_alignment=&#8221;default&#8221; phone_text_alignment=&#8221;default&#8221; overlay_strength=&#8221;0.3&#8243; column_border_width=&#8221;none&#8221; column_border_style=&#8221;solid&#8221; bg_image_animation=&#8221;none&#8221;][vc_column_text]<div class=\"filter-sistemi\"><div class=\"filter-label\">Filtra per:<\/div><div class=\"select\"><select name=\"funzioni\"><option value=\"0\">Funzioni<\/option><option value=\"474\" >Assainissement humidit\u00e9<\/option><option value=\"482\" >Encapsulage de l'amiante<\/option><option value=\"447\" >Imperm\u00e9abilisation<\/option><option value=\"476\" >Imperm\u00e9abilisation avant b\u00e9tonnage<\/option><option value=\"471\" >Imperm\u00e9abilisation en contre-pression<\/option><option value=\"446\" >Imperm\u00e9abilisation points critiques<\/option><option value=\"475\" >Isolation acoustique<\/option><option value=\"443\" >R\u00e9alisation d\u2019un terrain de sport polyvalent<\/option><option value=\"442\" >R\u00e9alisation d\u2019un terrain de tennis professionnel<\/option><option value=\"453\" >R\u00e9alisation de rev\u00eatement carrossable<\/option><option value=\"439\" >R\u00e9alisation de rev\u00eatement pi\u00e9ton<\/option><option value=\"438\" >R\u00e9alisation piste cyclable<\/option><option value=\"473\" >R\u00e9alisation rev\u00eatement ultrar\u00e9fl\u00e9chissant<\/option><option value=\"452\" >R\u00e9paration l\u00e9zardes gaines bitumineuses<\/option><option value=\"472\" >Rev\u00eatement protecteur<\/option><option value=\"448\" >Surfa\u00e7age avec primaire<\/option><\/select><\/div><div class=\"select\"><select name=\"supporto\"><option value=\"0\">Supporto<\/option><option value=\"478\" >Acrylique<\/option><option value=\"483\" >B\u00e9ton<\/option><option value=\"440\" >B\u00e9ton<\/option><option value=\"481\" >B\u00e9ton arm\u00e9<\/option><option value=\"441\" >B\u00e9ton ou mortier<\/option><option value=\"436\" >Bitumineux<\/option><option value=\"460\" >Briques<\/option><option value=\"462\" >Carreaux c\u00e9ramiques<\/option><option value=\"464\" >Clinker<\/option><option value=\"458\" >Enduit<\/option><option value=\"465\" >Gr\u00e8s<\/option><option value=\"468\" >M\u00e9taux<\/option><option value=\"457\" >Mixtes brique\/b\u00e9ton<\/option><option value=\"459\" >Peintures d\u2019int\u00e9rieur<\/option><option value=\"461\" >Pierre<\/option><option value=\"469\" >Pl\u00e2tre<\/option><option value=\"477\" >Terre<\/option><option value=\"463\" >Terre cuite<\/option><option value=\"484\" >Tuf<\/option><\/select><\/div><div><button id=\"filter_reset\">Azzera tutti i filtri<\/button><\/div><\/div><div class=\"sistemi-list\"><div class=\"vc_col-sm-4 referenza\"><a href=\"https:\/\/www.diasen.com\/fr\/sistemi\/systeme-insonorisant-pour-cloisons-de-separation\/\"><div class=\"post-title\">Syst\u00e8me insonorisant pour cloisons de s\u00e9paration<\/div><div class=\"post-excerpt\">Phono-isolation de cloisons de s\u00e9paration d\u2019appartements distincts<\/div><\/div><\/a><div class=\"vc_col-sm-4 referenza\"><a href=\"https:\/\/www.diasen.com\/fr\/sistemi\/revetement-impermeabilisant-en-contre-pression\/\"><div class=\"post-title\">Rev\u00eatement imperm\u00e9abilisant en contre-pression<\/div><div class=\"post-excerpt\">Imperm\u00e9abilisation en contre-pression pour toutes les superficies.<\/div><\/div><\/a><\/div>\n\n        <script>\n            jQuery(document).ready(function() {\n\n                jQuery(\"select\").change(function() {\n\n                    var ambiente = \"\";\n                    var funzioni = \"\";\n                    var supporto = \"\";\n\n                    if(jQuery(this).attr(\"name\") == \"ambiente\") {\n                        ambiente = jQuery(this).attr(\"value\");\n                    }\n\n                    if(jQuery(this).attr(\"name\") == \"funzioni\") {\n                        funzioni = jQuery(this).attr(\"value\");\n                    }\n\n                    if(jQuery(this).attr(\"name\") == \"supporto\") {\n                        supporto = jQuery(this).attr(\"value\");\n                    }\n\n                    url = \"https:\/\/www.diasen.com\/fr\/cage-descalier\/?funzioni=\" + funzioni + \"&supporto=\" + supporto + \"&ambiente=\" + ambiente;\n\n                    window.location.href = url;\n                    \n                });\n\n                jQuery(\"button#filter_reset\").click(function() {\n                    url = \"https:\/\/www.diasen.com\/fr\/cage-descalier\/\";\n                    window.location.href = url;\n                });\n\n            });\n        <\/script>\n        \n        [\/vc_column_text][\/vc_column][\/vc_row]\n","protected":false},"excerpt":{"rendered":"<p>[vc_row type=&#8221;in_container&#8221; full_screen_row_position=&#8221;middle&#8221; column_margin=&#8221;default&#8221; scene_position=&#8221;center&#8221; text_color=&#8221;dark&#8221; text_align=&#8221;left&#8221; top_padding=&#8221;50&#8243; bottom_padding=&#8221;50&#8243; overlay_strength=&#8221;0.3&#8243; shape_divider_position=&#8221;bottom&#8221; bg_image_animation=&#8221;none&#8221; shape_type=&#8221;&#8221;][vc_column column_padding=&#8221;no-extra-padding&#8221; column_padding_position=&#8221;all&#8221; background_color_opacity=&#8221;1&#8243; background_hover_color_opacity=&#8221;1&#8243; column_link_target=&#8221;_self&#8221; column_shadow=&#8221;none&#8221; column_border_radius=&#8221;none&#8221; width=&#8221;1\/6&#8243; tablet_width_inherit=&#8221;default&#8221; tablet_text_alignment=&#8221;default&#8221; phone_text_alignment=&#8221;default&#8221; overlay_strength=&#8221;0.3&#8243; column_border_width=&#8221;none&#8221; column_border_style=&#8221;solid&#8221; bg_image_animation=&#8221;none&#8221;][\/vc_column][vc_column centered_text=&#8221;true&#8221; column_padding=&#8221;no-extra-padding&#8221;&#8230;<\/p>\n","protected":false},"author":3,"featured_media":0,"parent":0,"menu_order":0,"comment_status":"closed","ping_status":"closed","template":"","meta":{"_acf_changed":false,"content-type":"","inline_featured_image":false,"_price":"","_stock":"","_tribe_ticket_header":"","_tribe_default_ticket_provider":"","_tribe_ticket_capacity":"0","_ticket_start_date":"","_ticket_end_date":"","_tribe_ticket_show_description":"","_tribe_ticket_show_not_going":false,"_tribe_ticket_use_global_stock":"","_tribe_ticket_global_stock_level":"","_global_stock_mode":"","_global_stock_cap":"","_tribe_rsvp_for_event":"","_tribe_ticket_going_count":"","_tribe_ticket_not_going_count":"","_tribe_tickets_list":"[]","_tribe_ticket_has_attendee_info_fields":false,"footnotes":"","_tec_slr_enabled":"","_tec_slr_layout":""},"class_list":["post-15556","page","type-page","status-publish"],"acf":[],"yoast_head":"<!-- This site is optimized with the Yoast SEO plugin v27.4 - https:\/\/yoast.com\/product\/yoast-seo-wordpress\/ -->\n<title>Cage d&#039;escalier - Diasen<\/title>\n<meta name=\"robots\" content=\"index, follow, max-snippet:-1, max-image-preview:large, max-video-preview:-1\" \/>\n<link rel=\"canonical\" href=\"https:\/\/diasen.com\/fr\/cage-descalier\/\" \/>\n<meta property=\"og:locale\" content=\"fr_FR\" \/>\n<meta property=\"og:type\" content=\"article\" \/>\n<meta property=\"og:title\" content=\"Cage d&#039;escalier - Diasen\" \/>\n<meta property=\"og:description\" content=\"[vc_row type=&#8221;in_container&#8221; full_screen_row_position=&#8221;middle&#8221; column_margin=&#8221;default&#8221; scene_position=&#8221;center&#8221; text_color=&#8221;dark&#8221; text_align=&#8221;left&#8221; top_padding=&#8221;50&#8243; bottom_padding=&#8221;50&#8243; overlay_strength=&#8221;0.3&#8243; shape_divider_position=&#8221;bottom&#8221; bg_image_animation=&#8221;none&#8221; shape_type=&#8221;&#8221;][vc_column column_padding=&#8221;no-extra-padding&#8221; column_padding_position=&#8221;all&#8221; background_color_opacity=&#8221;1&#8243; background_hover_color_opacity=&#8221;1&#8243; column_link_target=&#8221;_self&#8221; column_shadow=&#8221;none&#8221; column_border_radius=&#8221;none&#8221; width=&#8221;1\/6&#8243; tablet_width_inherit=&#8221;default&#8221; tablet_text_alignment=&#8221;default&#8221; phone_text_alignment=&#8221;default&#8221; overlay_strength=&#8221;0.3&#8243; column_border_width=&#8221;none&#8221; column_border_style=&#8221;solid&#8221; bg_image_animation=&#8221;none&#8221;][\/vc_column][vc_column centered_text=&#8221;true&#8221; column_padding=&#8221;no-extra-padding&#8221;...\" \/>\n<meta property=\"og:url\" content=\"https:\/\/diasen.com\/fr\/cage-descalier\/\" \/>\n<meta property=\"og:site_name\" content=\"Diasen\" \/>\n<meta property=\"article:modified_time\" content=\"2022-06-15T05:04:15+00:00\" \/>\n<meta name=\"twitter:card\" content=\"summary_large_image\" \/>\n<meta name=\"twitter:label1\" content=\"Dur\u00e9e de lecture estim\u00e9e\" \/>\n\t<meta name=\"twitter:data1\" content=\"3 minutes\" \/>\n<script type=\"application\/ld+json\" class=\"yoast-schema-graph\">{\"@context\":\"https:\\\/\\\/schema.org\",\"@graph\":[{\"@type\":\"WebPage\",\"@id\":\"https:\\\/\\\/diasen.com\\\/fr\\\/cage-descalier\\\/\",\"url\":\"https:\\\/\\\/diasen.com\\\/fr\\\/cage-descalier\\\/\",\"name\":\"Cage d'escalier - Diasen\",\"isPartOf\":{\"@id\":\"https:\\\/\\\/diasen.com\\\/#website\"},\"datePublished\":\"2022-06-15T05:04:14+00:00\",\"dateModified\":\"2022-06-15T05:04:15+00:00\",\"breadcrumb\":{\"@id\":\"https:\\\/\\\/diasen.com\\\/fr\\\/cage-descalier\\\/#breadcrumb\"},\"inLanguage\":\"fr-FR\",\"potentialAction\":[{\"@type\":\"ReadAction\",\"target\":[\"https:\\\/\\\/diasen.com\\\/fr\\\/cage-descalier\\\/\"]}]},{\"@type\":\"BreadcrumbList\",\"@id\":\"https:\\\/\\\/diasen.com\\\/fr\\\/cage-descalier\\\/#breadcrumb\",\"itemListElement\":[{\"@type\":\"ListItem\",\"position\":1,\"name\":\"Home\",\"item\":\"https:\\\/\\\/www.diasen.com\\\/\"},{\"@type\":\"ListItem\",\"position\":2,\"name\":\"Cage d&rsquo;escalier\"}]},{\"@type\":\"WebSite\",\"@id\":\"https:\\\/\\\/diasen.com\\\/#website\",\"url\":\"https:\\\/\\\/diasen.com\\\/\",\"name\":\"Diasen\",\"description\":\"\",\"publisher\":{\"@id\":\"https:\\\/\\\/diasen.com\\\/#organization\"},\"potentialAction\":[{\"@type\":\"SearchAction\",\"target\":{\"@type\":\"EntryPoint\",\"urlTemplate\":\"https:\\\/\\\/diasen.com\\\/?s={search_term_string}\"},\"query-input\":{\"@type\":\"PropertyValueSpecification\",\"valueRequired\":true,\"valueName\":\"search_term_string\"}}],\"inLanguage\":\"fr-FR\"},{\"@type\":\"Organization\",\"@id\":\"https:\\\/\\\/diasen.com\\\/#organization\",\"name\":\"Diasen\",\"url\":\"https:\\\/\\\/diasen.com\\\/\",\"logo\":{\"@type\":\"ImageObject\",\"inLanguage\":\"fr-FR\",\"@id\":\"https:\\\/\\\/diasen.com\\\/#\\\/schema\\\/logo\\\/image\\\/\",\"url\":\"https:\\\/\\\/www.diasen.com\\\/wp-content\\\/uploads\\\/2026\\\/04\\\/logo_diasen.png\",\"contentUrl\":\"https:\\\/\\\/www.diasen.com\\\/wp-content\\\/uploads\\\/2026\\\/04\\\/logo_diasen.png\",\"width\":300,\"height\":160,\"caption\":\"Diasen\"},\"image\":{\"@id\":\"https:\\\/\\\/diasen.com\\\/#\\\/schema\\\/logo\\\/image\\\/\"}}]}<\/script>\n<!-- \/ Yoast SEO plugin. -->","yoast_head_json":{"title":"Cage d'escalier - Diasen","robots":{"index":"index","follow":"follow","max-snippet":"max-snippet:-1","max-image-preview":"max-image-preview:large","max-video-preview":"max-video-preview:-1"},"canonical":"https:\/\/diasen.com\/fr\/cage-descalier\/","og_locale":"fr_FR","og_type":"article","og_title":"Cage d'escalier - Diasen","og_description":"[vc_row type=&#8221;in_container&#8221; full_screen_row_position=&#8221;middle&#8221; column_margin=&#8221;default&#8221; scene_position=&#8221;center&#8221; text_color=&#8221;dark&#8221; text_align=&#8221;left&#8221; top_padding=&#8221;50&#8243; bottom_padding=&#8221;50&#8243; overlay_strength=&#8221;0.3&#8243; shape_divider_position=&#8221;bottom&#8221; bg_image_animation=&#8221;none&#8221; shape_type=&#8221;&#8221;][vc_column column_padding=&#8221;no-extra-padding&#8221; column_padding_position=&#8221;all&#8221; background_color_opacity=&#8221;1&#8243; background_hover_color_opacity=&#8221;1&#8243; column_link_target=&#8221;_self&#8221; column_shadow=&#8221;none&#8221; column_border_radius=&#8221;none&#8221; width=&#8221;1\/6&#8243; tablet_width_inherit=&#8221;default&#8221; tablet_text_alignment=&#8221;default&#8221; phone_text_alignment=&#8221;default&#8221; overlay_strength=&#8221;0.3&#8243; column_border_width=&#8221;none&#8221; column_border_style=&#8221;solid&#8221; bg_image_animation=&#8221;none&#8221;][\/vc_column][vc_column centered_text=&#8221;true&#8221; column_padding=&#8221;no-extra-padding&#8221;...","og_url":"https:\/\/diasen.com\/fr\/cage-descalier\/","og_site_name":"Diasen","article_modified_time":"2022-06-15T05:04:15+00:00","twitter_card":"summary_large_image","twitter_misc":{"Dur\u00e9e de lecture estim\u00e9e":"3 minutes"},"schema":{"@context":"https:\/\/schema.org","@graph":[{"@type":"WebPage","@id":"https:\/\/diasen.com\/fr\/cage-descalier\/","url":"https:\/\/diasen.com\/fr\/cage-descalier\/","name":"Cage d'escalier - Diasen","isPartOf":{"@id":"https:\/\/diasen.com\/#website"},"datePublished":"2022-06-15T05:04:14+00:00","dateModified":"2022-06-15T05:04:15+00:00","breadcrumb":{"@id":"https:\/\/diasen.com\/fr\/cage-descalier\/#breadcrumb"},"inLanguage":"fr-FR","potentialAction":[{"@type":"ReadAction","target":["https:\/\/diasen.com\/fr\/cage-descalier\/"]}]},{"@type":"BreadcrumbList","@id":"https:\/\/diasen.com\/fr\/cage-descalier\/#breadcrumb","itemListElement":[{"@type":"ListItem","position":1,"name":"Home","item":"https:\/\/www.diasen.com\/"},{"@type":"ListItem","position":2,"name":"Cage d&rsquo;escalier"}]},{"@type":"WebSite","@id":"https:\/\/diasen.com\/#website","url":"https:\/\/diasen.com\/","name":"Diasen","description":"","publisher":{"@id":"https:\/\/diasen.com\/#organization"},"potentialAction":[{"@type":"SearchAction","target":{"@type":"EntryPoint","urlTemplate":"https:\/\/diasen.com\/?s={search_term_string}"},"query-input":{"@type":"PropertyValueSpecification","valueRequired":true,"valueName":"search_term_string"}}],"inLanguage":"fr-FR"},{"@type":"Organization","@id":"https:\/\/diasen.com\/#organization","name":"Diasen","url":"https:\/\/diasen.com\/","logo":{"@type":"ImageObject","inLanguage":"fr-FR","@id":"https:\/\/diasen.com\/#\/schema\/logo\/image\/","url":"https:\/\/www.diasen.com\/wp-content\/uploads\/2026\/04\/logo_diasen.png","contentUrl":"https:\/\/www.diasen.com\/wp-content\/uploads\/2026\/04\/logo_diasen.png","width":300,"height":160,"caption":"Diasen"},"image":{"@id":"https:\/\/diasen.com\/#\/schema\/logo\/image\/"}}]}},"ticketed":false,"_links":{"self":[{"href":"https:\/\/www.diasen.com\/fr\/wp-json\/wp\/v2\/pages\/15556","targetHints":{"allow":["GET"]}}],"collection":[{"href":"https:\/\/www.diasen.com\/fr\/wp-json\/wp\/v2\/pages"}],"about":[{"href":"https:\/\/www.diasen.com\/fr\/wp-json\/wp\/v2\/types\/page"}],"author":[{"embeddable":true,"href":"https:\/\/www.diasen.com\/fr\/wp-json\/wp\/v2\/users\/3"}],"replies":[{"embeddable":true,"href":"https:\/\/www.diasen.com\/fr\/wp-json\/wp\/v2\/comments?post=15556"}],"version-history":[{"count":0,"href":"https:\/\/www.diasen.com\/fr\/wp-json\/wp\/v2\/pages\/15556\/revisions"}],"wp:attachment":[{"href":"https:\/\/www.diasen.com\/fr\/wp-json\/wp\/v2\/media?parent=15556"}],"curies":[{"name":"wp","href":"https:\/\/api.w.org\/{rel}","templated":true}]}}