{"id":16616,"date":"2022-07-05T14:22:54","date_gmt":"2022-07-05T12:22:54","guid":{"rendered":"https:\/\/www.diasen.com\/garaje\/"},"modified":"2022-07-05T14:22:55","modified_gmt":"2022-07-05T12:22:55","slug":"garaje","status":"publish","type":"page","link":"https:\/\/www.diasen.com\/es\/garaje\/","title":{"rendered":"Garaje"},"content":{"rendered":"[vc_row type=&#8221;in_container&#8221; full_screen_row_position=&#8221;middle&#8221; column_margin=&#8221;default&#8221; scene_position=&#8221;center&#8221; text_color=&#8221;dark&#8221; text_align=&#8221;left&#8221; top_padding=&#8221;50&#8243; bottom_padding=&#8221;50&#8243; overlay_strength=&#8221;0.3&#8243; shape_divider_position=&#8221;bottom&#8221; bg_image_animation=&#8221;none&#8221; shape_type=&#8221;&#8221;][vc_column column_padding=&#8221;no-extra-padding&#8221; column_padding_position=&#8221;all&#8221; background_color_opacity=&#8221;1&#8243; background_hover_color_opacity=&#8221;1&#8243; column_link_target=&#8221;_self&#8221; column_shadow=&#8221;none&#8221; column_border_radius=&#8221;none&#8221; width=&#8221;1\/6&#8243; tablet_width_inherit=&#8221;default&#8221; tablet_text_alignment=&#8221;default&#8221; phone_text_alignment=&#8221;default&#8221; overlay_strength=&#8221;0.3&#8243; column_border_width=&#8221;none&#8221; column_border_style=&#8221;solid&#8221; bg_image_animation=&#8221;none&#8221;][\/vc_column][vc_column centered_text=&#8221;true&#8221; column_padding=&#8221;no-extra-padding&#8221; column_padding_position=&#8221;all&#8221; background_color_opacity=&#8221;1&#8243; background_hover_color_opacity=&#8221;1&#8243; column_link_target=&#8221;_self&#8221; column_shadow=&#8221;none&#8221; column_border_radius=&#8221;none&#8221; width=&#8221;2\/3&#8243; tablet_width_inherit=&#8221;default&#8221; tablet_text_alignment=&#8221;default&#8221; phone_text_alignment=&#8221;default&#8221; overlay_strength=&#8221;0.3&#8243; column_border_width=&#8221;none&#8221; column_border_style=&#8221;solid&#8221; bg_image_animation=&#8221;none&#8221;][vc_column_text css=&#8221;.vc_custom_1610119680834{padding-top: 0px !important;padding-bottom: 30px !important;}&#8221;]\n<h3 style=\"text-align: center;\">Ambientes<\/h3>\n<h2 style=\"text-align: center;\">Garaje<\/h2>\n[\/vc_column_text][image_with_animation image_url=&#8221;2334&#8243; alignment=&#8221;center&#8221; animation=&#8221;None&#8221; hover_animation=&#8221;none&#8221; border_radius=&#8221;none&#8221; box_shadow=&#8221;none&#8221; image_loading=&#8221;default&#8221; max_width=&#8221;100%&#8221; max_width_mobile=&#8221;default&#8221;][\/vc_column][vc_column column_padding=&#8221;no-extra-padding&#8221; column_padding_position=&#8221;all&#8221; background_color_opacity=&#8221;1&#8243; background_hover_color_opacity=&#8221;1&#8243; column_link_target=&#8221;_self&#8221; column_shadow=&#8221;none&#8221; column_border_radius=&#8221;none&#8221; width=&#8221;1\/6&#8243; tablet_width_inherit=&#8221;default&#8221; tablet_text_alignment=&#8221;default&#8221; phone_text_alignment=&#8221;default&#8221; overlay_strength=&#8221;0.3&#8243; column_border_width=&#8221;none&#8221; column_border_style=&#8221;solid&#8221; bg_image_animation=&#8221;none&#8221;][\/vc_column][\/vc_row][vc_row type=&#8221;in_container&#8221; full_screen_row_position=&#8221;middle&#8221; column_margin=&#8221;default&#8221; scene_position=&#8221;center&#8221; text_color=&#8221;dark&#8221; text_align=&#8221;left&#8221; bottom_padding=&#8221;50&#8243; overlay_strength=&#8221;0.3&#8243; shape_divider_position=&#8221;bottom&#8221; bg_image_animation=&#8221;none&#8221; shape_type=&#8221;&#8221;][vc_column column_padding=&#8221;no-extra-padding&#8221; column_padding_position=&#8221;all&#8221; background_color_opacity=&#8221;1&#8243; background_hover_color_opacity=&#8221;1&#8243; column_link_target=&#8221;_self&#8221; column_shadow=&#8221;none&#8221; column_border_radius=&#8221;none&#8221; width=&#8221;1\/2&#8243; tablet_width_inherit=&#8221;default&#8221; tablet_text_alignment=&#8221;default&#8221; phone_text_alignment=&#8221;default&#8221; overlay_strength=&#8221;0.3&#8243; column_border_width=&#8221;none&#8221; column_border_style=&#8221;solid&#8221; bg_image_animation=&#8221;none&#8221;][vc_column_text]Generalmente subterr\u00e1neos, los garajes a menudo presentan problemas de infiltraci\u00f3n en contraempuje, que pueden resolverse f\u00e1cilmente mediante el uso de impermeabilizantes aptos para la estanquidad bajo presi\u00f3n hidrost\u00e1tica en empuje negativo.[\/vc_column_text][\/vc_column][vc_column column_padding=&#8221;no-extra-padding&#8221; column_padding_position=&#8221;all&#8221; background_color_opacity=&#8221;1&#8243; background_hover_color_opacity=&#8221;1&#8243; column_link_target=&#8221;_self&#8221; column_shadow=&#8221;none&#8221; column_border_radius=&#8221;none&#8221; width=&#8221;1\/2&#8243; tablet_width_inherit=&#8221;default&#8221; tablet_text_alignment=&#8221;default&#8221; phone_text_alignment=&#8221;default&#8221; overlay_strength=&#8221;0.3&#8243; column_border_width=&#8221;none&#8221; column_border_style=&#8221;solid&#8221; bg_image_animation=&#8221;none&#8221;][vc_column_text]Las pavimentaciones de estos ambientes, generalmente realizadas de cemento, pueden tener problemas relacionados con manchas de aceite y deterioro de la superficie del cemento. Los sistemas de la l\u00ednea de revestimientos epoxi, capaces de realizar revestimientos transitables de bajo espesor, de f\u00e1cil limpieza, caracterizados por una excelente resistencia qu\u00edmica y mec\u00e1nica, constituyen una soluci\u00f3n funcional y de f\u00e1cil aplicaci\u00f3n.[\/vc_column_text][\/vc_column][\/vc_row][vc_row type=&#8221;in_container&#8221; full_screen_row_position=&#8221;middle&#8221; column_margin=&#8221;default&#8221; scene_position=&#8221;center&#8221; text_color=&#8221;dark&#8221; text_align=&#8221;left&#8221; overlay_strength=&#8221;0.3&#8243; shape_divider_position=&#8221;bottom&#8221; bg_image_animation=&#8221;none&#8221;][vc_column column_padding=&#8221;no-extra-padding&#8221; column_padding_position=&#8221;all&#8221; background_color_opacity=&#8221;1&#8243; background_hover_color_opacity=&#8221;1&#8243; column_link_target=&#8221;_self&#8221; column_shadow=&#8221;none&#8221; column_border_radius=&#8221;none&#8221; width=&#8221;1\/1&#8243; tablet_width_inherit=&#8221;default&#8221; tablet_text_alignment=&#8221;default&#8221; phone_text_alignment=&#8221;default&#8221; overlay_strength=&#8221;0.3&#8243; column_border_width=&#8221;none&#8221; column_border_style=&#8221;solid&#8221; bg_image_animation=&#8221;none&#8221;][vc_column_text]<div class=\"filter-sistemi\"><div class=\"filter-label\">Filtra per:<\/div><div class=\"select\"><select name=\"funzioni\"><option value=\"0\">Funzioni<\/option><option value=\"569\" >Aislamiento ac\u00fastico<\/option><option value=\"574\" >Encapsulaci\u00f3n Amianto<\/option><option value=\"540\" >Impermeabilizaci\u00f3n<\/option><option value=\"547\" >Impermeabilizaci\u00f3n de puntos cr\u00edticos<\/option><option value=\"566\" >Impermeabilizaci\u00f3n en empuje negativo<\/option><option value=\"570\" >Impermeabilizaci\u00f3n precolada<\/option><option value=\"548\" >Primerizaci\u00f3n de superficie<\/option><option value=\"524\" >Realizaci\u00f3n de carril bici<\/option><option value=\"528\" >Realizaci\u00f3n de pista de tenis profesional<\/option><option value=\"529\" >Realizaci\u00f3n de pista deportiva polivalente<\/option><option value=\"552\" >Realizaci\u00f3n de revestimiento anticondensaci\u00f3n<\/option><option value=\"556\" >Realizaci\u00f3n de revestimiento transitable<\/option><option value=\"525\" >Realizaci\u00f3n de revestimiento transitable por peatones<\/option><option value=\"568\" >Realizaci\u00f3n de revestimiento ultrarreflectante<\/option><option value=\"550\" >Reparaci\u00f3n de lesiones en telas asf\u00e1lticas<\/option><option value=\"567\" >Revestimiento protector<\/option><option value=\"539\" >Saneamiento de la humedad<\/option><option value=\"553\" >Saneamiento de moho<\/option><\/select><\/div><div class=\"select\"><select name=\"supporto\"><option value=\"0\">Supporto<\/option><option value=\"572\" >Acr\u00edlico<\/option><option value=\"560\" >Baldosa de cemento<\/option><option value=\"522\" >Bituminoso<\/option><option value=\"527\" >Cemento<\/option><option value=\"543\" >Cer\u00e1mica<\/option><option value=\"545\" >Cl\u00ednker<\/option><option value=\"546\" >Gres<\/option><option value=\"526\" >Hormig\u00f3n<\/option><option value=\"573\" >Hormig\u00f3n armado<\/option><option value=\"535\" >Ladrillo<\/option><option value=\"537\" >Mamposter\u00eda<\/option><option value=\"563\" >Metal<\/option><option value=\"534\" >Mortero<\/option><option value=\"536\" >Piedra<\/option><option value=\"551\" >Pinturas para interiores<\/option><option value=\"544\" >Terracota<\/option><option value=\"571\" >Tierra<\/option><option value=\"538\" >Toba<\/option><option value=\"564\" >Yeso<\/option><\/select><\/div><div><button id=\"filter_reset\">Azzera tutti i filtri<\/button><\/div><\/div><div class=\"sistemi-list\"><div class=\"vc_col-sm-4 referenza\"><a href=\"https:\/\/www.diasen.com\/es\/sistemi\/revestimiento-impermeabilizante-por-contraempuje\/\"><div class=\"post-title\">Revestimiento impermeabilizante por contraempuje<\/div><div class=\"post-excerpt\">Impermeabilizaci\u00f3n en contraempuje para todas las superficies.<\/div><\/div><\/a><div class=\"vc_col-sm-4 referenza\"><a href=\"https:\/\/www.diasen.com\/es\/sistemi\/revestimiento-epoxi\/\"><div class=\"post-title\">Revestimiento epoxi<\/div><div class=\"post-excerpt\">Realizaci\u00f3n de pavimentaciones epoxi de alta resistencia, para su uso en ambientes interiores.<\/div><\/div><\/a><\/div>\n\n        <script>\n            jQuery(document).ready(function() {\n\n                jQuery(\"select\").change(function() {\n\n                    var ambiente = \"\";\n                    var funzioni = \"\";\n                    var supporto = \"\";\n\n                    if(jQuery(this).attr(\"name\") == \"ambiente\") {\n                        ambiente = jQuery(this).attr(\"value\");\n                    }\n\n                    if(jQuery(this).attr(\"name\") == \"funzioni\") {\n                        funzioni = jQuery(this).attr(\"value\");\n                    }\n\n                    if(jQuery(this).attr(\"name\") == \"supporto\") {\n                        supporto = jQuery(this).attr(\"value\");\n                    }\n\n                    url = \"https:\/\/www.diasen.com\/es\/garaje\/?funzioni=\" + funzioni + \"&supporto=\" + supporto + \"&ambiente=\" + ambiente;\n\n                    window.location.href = url;\n                    \n                });\n\n                jQuery(\"button#filter_reset\").click(function() {\n                    url = \"https:\/\/www.diasen.com\/es\/garaje\/\";\n                    window.location.href = url;\n                });\n\n            });\n        <\/script>\n        \n        [\/vc_column_text][\/vc_column][\/vc_row]\n","protected":false},"excerpt":{"rendered":"<p>[vc_row type=&#8221;in_container&#8221; full_screen_row_position=&#8221;middle&#8221; column_margin=&#8221;default&#8221; scene_position=&#8221;center&#8221; text_color=&#8221;dark&#8221; text_align=&#8221;left&#8221; top_padding=&#8221;50&#8243; bottom_padding=&#8221;50&#8243; overlay_strength=&#8221;0.3&#8243; shape_divider_position=&#8221;bottom&#8221; bg_image_animation=&#8221;none&#8221; shape_type=&#8221;&#8221;][vc_column column_padding=&#8221;no-extra-padding&#8221; column_padding_position=&#8221;all&#8221; background_color_opacity=&#8221;1&#8243; background_hover_color_opacity=&#8221;1&#8243; column_link_target=&#8221;_self&#8221; column_shadow=&#8221;none&#8221; column_border_radius=&#8221;none&#8221; width=&#8221;1\/6&#8243; tablet_width_inherit=&#8221;default&#8221; tablet_text_alignment=&#8221;default&#8221; phone_text_alignment=&#8221;default&#8221; overlay_strength=&#8221;0.3&#8243; column_border_width=&#8221;none&#8221; column_border_style=&#8221;solid&#8221; bg_image_animation=&#8221;none&#8221;][\/vc_column][vc_column centered_text=&#8221;true&#8221; column_padding=&#8221;no-extra-padding&#8221;&#8230;<\/p>\n","protected":false},"author":3,"featured_media":0,"parent":0,"menu_order":0,"comment_status":"closed","ping_status":"closed","template":"","meta":{"_acf_changed":false,"content-type":"","inline_featured_image":false,"_price":"","_stock":"","_tribe_ticket_header":"","_tribe_default_ticket_provider":"","_tribe_ticket_capacity":"0","_ticket_start_date":"","_ticket_end_date":"","_tribe_ticket_show_description":"","_tribe_ticket_show_not_going":false,"_tribe_ticket_use_global_stock":"","_tribe_ticket_global_stock_level":"","_global_stock_mode":"","_global_stock_cap":"","_tribe_rsvp_for_event":"","_tribe_ticket_going_count":"","_tribe_ticket_not_going_count":"","_tribe_tickets_list":"[]","_tribe_ticket_has_attendee_info_fields":false,"footnotes":"","_tec_slr_enabled":"","_tec_slr_layout":""},"class_list":["post-16616","page","type-page","status-publish"],"acf":[],"yoast_head":"<!-- This site is optimized with the Yoast SEO plugin v27.3 - https:\/\/yoast.com\/product\/yoast-seo-wordpress\/ -->\n<title>Garaje - Diasen<\/title>\n<meta name=\"robots\" content=\"index, follow, max-snippet:-1, max-image-preview:large, max-video-preview:-1\" \/>\n<link rel=\"canonical\" href=\"https:\/\/diasen.com\/es\/garaje\/\" \/>\n<meta property=\"og:locale\" content=\"es_ES\" \/>\n<meta property=\"og:type\" content=\"article\" \/>\n<meta property=\"og:title\" content=\"Garaje - Diasen\" \/>\n<meta property=\"og:description\" content=\"[vc_row type=&#8221;in_container&#8221; full_screen_row_position=&#8221;middle&#8221; column_margin=&#8221;default&#8221; scene_position=&#8221;center&#8221; text_color=&#8221;dark&#8221; text_align=&#8221;left&#8221; top_padding=&#8221;50&#8243; bottom_padding=&#8221;50&#8243; overlay_strength=&#8221;0.3&#8243; shape_divider_position=&#8221;bottom&#8221; bg_image_animation=&#8221;none&#8221; shape_type=&#8221;&#8221;][vc_column column_padding=&#8221;no-extra-padding&#8221; column_padding_position=&#8221;all&#8221; background_color_opacity=&#8221;1&#8243; background_hover_color_opacity=&#8221;1&#8243; column_link_target=&#8221;_self&#8221; column_shadow=&#8221;none&#8221; column_border_radius=&#8221;none&#8221; width=&#8221;1\/6&#8243; tablet_width_inherit=&#8221;default&#8221; tablet_text_alignment=&#8221;default&#8221; phone_text_alignment=&#8221;default&#8221; overlay_strength=&#8221;0.3&#8243; column_border_width=&#8221;none&#8221; column_border_style=&#8221;solid&#8221; bg_image_animation=&#8221;none&#8221;][\/vc_column][vc_column centered_text=&#8221;true&#8221; column_padding=&#8221;no-extra-padding&#8221;...\" \/>\n<meta property=\"og:url\" content=\"https:\/\/diasen.com\/es\/garaje\/\" \/>\n<meta property=\"og:site_name\" content=\"Diasen\" \/>\n<meta property=\"article:modified_time\" content=\"2022-07-05T12:22:55+00:00\" \/>\n<meta name=\"twitter:card\" content=\"summary_large_image\" \/>\n<meta name=\"twitter:label1\" content=\"Tiempo de lectura\" \/>\n\t<meta name=\"twitter:data1\" content=\"3 minutos\" \/>\n<script type=\"application\/ld+json\" class=\"yoast-schema-graph\">{\"@context\":\"https:\\\/\\\/schema.org\",\"@graph\":[{\"@type\":\"WebPage\",\"@id\":\"https:\\\/\\\/diasen.com\\\/es\\\/garaje\\\/\",\"url\":\"https:\\\/\\\/diasen.com\\\/es\\\/garaje\\\/\",\"name\":\"Garaje - Diasen\",\"isPartOf\":{\"@id\":\"https:\\\/\\\/diasen.com\\\/#website\"},\"datePublished\":\"2022-07-05T12:22:54+00:00\",\"dateModified\":\"2022-07-05T12:22:55+00:00\",\"breadcrumb\":{\"@id\":\"https:\\\/\\\/diasen.com\\\/es\\\/garaje\\\/#breadcrumb\"},\"inLanguage\":\"es\",\"potentialAction\":[{\"@type\":\"ReadAction\",\"target\":[\"https:\\\/\\\/diasen.com\\\/es\\\/garaje\\\/\"]}]},{\"@type\":\"BreadcrumbList\",\"@id\":\"https:\\\/\\\/diasen.com\\\/es\\\/garaje\\\/#breadcrumb\",\"itemListElement\":[{\"@type\":\"ListItem\",\"position\":1,\"name\":\"Home\",\"item\":\"https:\\\/\\\/www.diasen.com\\\/es\\\/\"},{\"@type\":\"ListItem\",\"position\":2,\"name\":\"Garaje\"}]},{\"@type\":\"WebSite\",\"@id\":\"https:\\\/\\\/diasen.com\\\/#website\",\"url\":\"https:\\\/\\\/diasen.com\\\/\",\"name\":\"Diasen\",\"description\":\"\",\"publisher\":{\"@id\":\"https:\\\/\\\/diasen.com\\\/#organization\"},\"potentialAction\":[{\"@type\":\"SearchAction\",\"target\":{\"@type\":\"EntryPoint\",\"urlTemplate\":\"https:\\\/\\\/diasen.com\\\/?s={search_term_string}\"},\"query-input\":{\"@type\":\"PropertyValueSpecification\",\"valueRequired\":true,\"valueName\":\"search_term_string\"}}],\"inLanguage\":\"es\"},{\"@type\":\"Organization\",\"@id\":\"https:\\\/\\\/diasen.com\\\/#organization\",\"name\":\"Diasen\",\"url\":\"https:\\\/\\\/diasen.com\\\/\",\"logo\":{\"@type\":\"ImageObject\",\"inLanguage\":\"es\",\"@id\":\"https:\\\/\\\/diasen.com\\\/#\\\/schema\\\/logo\\\/image\\\/\",\"url\":\"https:\\\/\\\/www.diasen.com\\\/wp-content\\\/uploads\\\/2026\\\/04\\\/logo_diasen.png\",\"contentUrl\":\"https:\\\/\\\/www.diasen.com\\\/wp-content\\\/uploads\\\/2026\\\/04\\\/logo_diasen.png\",\"width\":300,\"height\":160,\"caption\":\"Diasen\"},\"image\":{\"@id\":\"https:\\\/\\\/diasen.com\\\/#\\\/schema\\\/logo\\\/image\\\/\"}}]}<\/script>\n<!-- \/ Yoast SEO plugin. -->","yoast_head_json":{"title":"Garaje - Diasen","robots":{"index":"index","follow":"follow","max-snippet":"max-snippet:-1","max-image-preview":"max-image-preview:large","max-video-preview":"max-video-preview:-1"},"canonical":"https:\/\/diasen.com\/es\/garaje\/","og_locale":"es_ES","og_type":"article","og_title":"Garaje - Diasen","og_description":"[vc_row type=&#8221;in_container&#8221; full_screen_row_position=&#8221;middle&#8221; column_margin=&#8221;default&#8221; scene_position=&#8221;center&#8221; text_color=&#8221;dark&#8221; text_align=&#8221;left&#8221; top_padding=&#8221;50&#8243; bottom_padding=&#8221;50&#8243; overlay_strength=&#8221;0.3&#8243; shape_divider_position=&#8221;bottom&#8221; bg_image_animation=&#8221;none&#8221; shape_type=&#8221;&#8221;][vc_column column_padding=&#8221;no-extra-padding&#8221; column_padding_position=&#8221;all&#8221; background_color_opacity=&#8221;1&#8243; background_hover_color_opacity=&#8221;1&#8243; column_link_target=&#8221;_self&#8221; column_shadow=&#8221;none&#8221; column_border_radius=&#8221;none&#8221; width=&#8221;1\/6&#8243; tablet_width_inherit=&#8221;default&#8221; tablet_text_alignment=&#8221;default&#8221; phone_text_alignment=&#8221;default&#8221; overlay_strength=&#8221;0.3&#8243; column_border_width=&#8221;none&#8221; column_border_style=&#8221;solid&#8221; bg_image_animation=&#8221;none&#8221;][\/vc_column][vc_column centered_text=&#8221;true&#8221; column_padding=&#8221;no-extra-padding&#8221;...","og_url":"https:\/\/diasen.com\/es\/garaje\/","og_site_name":"Diasen","article_modified_time":"2022-07-05T12:22:55+00:00","twitter_card":"summary_large_image","twitter_misc":{"Tiempo de lectura":"3 minutos"},"schema":{"@context":"https:\/\/schema.org","@graph":[{"@type":"WebPage","@id":"https:\/\/diasen.com\/es\/garaje\/","url":"https:\/\/diasen.com\/es\/garaje\/","name":"Garaje - Diasen","isPartOf":{"@id":"https:\/\/diasen.com\/#website"},"datePublished":"2022-07-05T12:22:54+00:00","dateModified":"2022-07-05T12:22:55+00:00","breadcrumb":{"@id":"https:\/\/diasen.com\/es\/garaje\/#breadcrumb"},"inLanguage":"es","potentialAction":[{"@type":"ReadAction","target":["https:\/\/diasen.com\/es\/garaje\/"]}]},{"@type":"BreadcrumbList","@id":"https:\/\/diasen.com\/es\/garaje\/#breadcrumb","itemListElement":[{"@type":"ListItem","position":1,"name":"Home","item":"https:\/\/www.diasen.com\/es\/"},{"@type":"ListItem","position":2,"name":"Garaje"}]},{"@type":"WebSite","@id":"https:\/\/diasen.com\/#website","url":"https:\/\/diasen.com\/","name":"Diasen","description":"","publisher":{"@id":"https:\/\/diasen.com\/#organization"},"potentialAction":[{"@type":"SearchAction","target":{"@type":"EntryPoint","urlTemplate":"https:\/\/diasen.com\/?s={search_term_string}"},"query-input":{"@type":"PropertyValueSpecification","valueRequired":true,"valueName":"search_term_string"}}],"inLanguage":"es"},{"@type":"Organization","@id":"https:\/\/diasen.com\/#organization","name":"Diasen","url":"https:\/\/diasen.com\/","logo":{"@type":"ImageObject","inLanguage":"es","@id":"https:\/\/diasen.com\/#\/schema\/logo\/image\/","url":"https:\/\/www.diasen.com\/wp-content\/uploads\/2026\/04\/logo_diasen.png","contentUrl":"https:\/\/www.diasen.com\/wp-content\/uploads\/2026\/04\/logo_diasen.png","width":300,"height":160,"caption":"Diasen"},"image":{"@id":"https:\/\/diasen.com\/#\/schema\/logo\/image\/"}}]}},"ticketed":false,"_links":{"self":[{"href":"https:\/\/www.diasen.com\/es\/wp-json\/wp\/v2\/pages\/16616","targetHints":{"allow":["GET"]}}],"collection":[{"href":"https:\/\/www.diasen.com\/es\/wp-json\/wp\/v2\/pages"}],"about":[{"href":"https:\/\/www.diasen.com\/es\/wp-json\/wp\/v2\/types\/page"}],"author":[{"embeddable":true,"href":"https:\/\/www.diasen.com\/es\/wp-json\/wp\/v2\/users\/3"}],"replies":[{"embeddable":true,"href":"https:\/\/www.diasen.com\/es\/wp-json\/wp\/v2\/comments?post=16616"}],"version-history":[{"count":1,"href":"https:\/\/www.diasen.com\/es\/wp-json\/wp\/v2\/pages\/16616\/revisions"}],"predecessor-version":[{"id":16617,"href":"https:\/\/www.diasen.com\/es\/wp-json\/wp\/v2\/pages\/16616\/revisions\/16617"}],"wp:attachment":[{"href":"https:\/\/www.diasen.com\/es\/wp-json\/wp\/v2\/media?parent=16616"}],"curies":[{"name":"wp","href":"https:\/\/api.w.org\/{rel}","templated":true}]}}