{"id":22533,"date":"2022-07-24T20:29:20","date_gmt":"2022-07-24T18:29:20","guid":{"rendered":"https:\/\/www.diasen.com\/spielflaechen\/"},"modified":"2022-07-24T20:29:24","modified_gmt":"2022-07-24T18:29:24","slug":"spielflaechen","status":"publish","type":"page","link":"https:\/\/www.diasen.com\/de\/spielflaechen\/","title":{"rendered":"Spielfl\u00e4chen"},"content":{"rendered":"[vc_row type=&#8221;in_container&#8221; full_screen_row_position=&#8221;middle&#8221; column_margin=&#8221;default&#8221; scene_position=&#8221;center&#8221; text_color=&#8221;dark&#8221; text_align=&#8221;left&#8221; top_padding=&#8221;50&#8243; bottom_padding=&#8221;50&#8243; overlay_strength=&#8221;0.3&#8243; shape_divider_position=&#8221;bottom&#8221; bg_image_animation=&#8221;none&#8221; shape_type=&#8221;&#8221;][vc_column column_padding=&#8221;no-extra-padding&#8221; column_padding_position=&#8221;all&#8221; background_color_opacity=&#8221;1&#8243; background_hover_color_opacity=&#8221;1&#8243; column_link_target=&#8221;_self&#8221; column_shadow=&#8221;none&#8221; column_border_radius=&#8221;none&#8221; width=&#8221;1\/6&#8243; tablet_width_inherit=&#8221;default&#8221; tablet_text_alignment=&#8221;default&#8221; phone_text_alignment=&#8221;default&#8221; overlay_strength=&#8221;0.3&#8243; column_border_width=&#8221;none&#8221; column_border_style=&#8221;solid&#8221; bg_image_animation=&#8221;none&#8221;][\/vc_column][vc_column centered_text=&#8221;true&#8221; column_padding=&#8221;no-extra-padding&#8221; column_padding_position=&#8221;all&#8221; background_color_opacity=&#8221;1&#8243; background_hover_color_opacity=&#8221;1&#8243; column_link_target=&#8221;_self&#8221; column_shadow=&#8221;none&#8221; column_border_radius=&#8221;none&#8221; width=&#8221;2\/3&#8243; tablet_width_inherit=&#8221;default&#8221; tablet_text_alignment=&#8221;default&#8221; phone_text_alignment=&#8221;default&#8221; overlay_strength=&#8221;0.3&#8243; column_border_width=&#8221;none&#8221; column_border_style=&#8221;solid&#8221; bg_image_animation=&#8221;none&#8221;][vc_column_text css=&#8221;.vc_custom_1611673452415{padding-top: 0px !important;padding-bottom: 30px !important;}&#8221;]\n<h3 style=\"text-align: center;\">Umgebung<\/h3>\n<h2 style=\"text-align: center;\">Spielfl\u00e4chen<\/h2>\n<h3 style=\"text-align: center;\">F\u00fcr den Bau von Spielfl\u00e4chen bietet Diasen L\u00f6sungen an, die auf der Verwendung von Fl\u00fcssigharzen basieren. Systeme, die auf Zement- oder Bitumenuntergr\u00fcnde aufgebracht werden k\u00f6nnen, bestehend aus einer direkt auf den Untergrund aufzutragenden Zwischenschicht und einer farbigen, verschlei\u00dffesten, UV- und witterungsbest\u00e4ndigen Oberfl\u00e4chenbeschichtung und schlie\u00dflich einer speziellen Farbe zur Abgrenzung der Linien.<\/h3>\n[\/vc_column_text][image_with_animation image_url=&#8221;2446&#8243; alignment=&#8221;center&#8221; animation=&#8221;None&#8221; hover_animation=&#8221;none&#8221; border_radius=&#8221;none&#8221; box_shadow=&#8221;none&#8221; image_loading=&#8221;default&#8221; max_width=&#8221;100%&#8221; max_width_mobile=&#8221;default&#8221;][\/vc_column][vc_column column_padding=&#8221;no-extra-padding&#8221; column_padding_position=&#8221;all&#8221; background_color_opacity=&#8221;1&#8243; background_hover_color_opacity=&#8221;1&#8243; column_link_target=&#8221;_self&#8221; column_shadow=&#8221;none&#8221; column_border_radius=&#8221;none&#8221; width=&#8221;1\/6&#8243; tablet_width_inherit=&#8221;default&#8221; tablet_text_alignment=&#8221;default&#8221; phone_text_alignment=&#8221;default&#8221; overlay_strength=&#8221;0.3&#8243; column_border_width=&#8221;none&#8221; column_border_style=&#8221;solid&#8221; bg_image_animation=&#8221;none&#8221;][\/vc_column][\/vc_row][vc_row type=&#8221;in_container&#8221; full_screen_row_position=&#8221;middle&#8221; column_margin=&#8221;default&#8221; scene_position=&#8221;center&#8221; text_color=&#8221;dark&#8221; text_align=&#8221;left&#8221; bottom_padding=&#8221;50&#8243; overlay_strength=&#8221;0.3&#8243; shape_divider_position=&#8221;bottom&#8221; bg_image_animation=&#8221;none&#8221; shape_type=&#8221;&#8221;][vc_column column_padding=&#8221;no-extra-padding&#8221; column_padding_position=&#8221;all&#8221; background_color_opacity=&#8221;1&#8243; background_hover_color_opacity=&#8221;1&#8243; column_link_target=&#8221;_self&#8221; column_shadow=&#8221;none&#8221; column_border_radius=&#8221;none&#8221; width=&#8221;1\/2&#8243; tablet_width_inherit=&#8221;default&#8221; tablet_text_alignment=&#8221;default&#8221; phone_text_alignment=&#8221;default&#8221; overlay_strength=&#8221;0.3&#8243; column_border_width=&#8221;none&#8221; column_border_style=&#8221;solid&#8221; bg_image_animation=&#8221;none&#8221;][vc_column_text]Diese Systeme sind in zwei Versionen erh\u00e4ltlich: Die erste Version verwendet eine Zwischenschicht mit besseren D\u00e4mpfungseigenschaften und erm\u00f6glicht die Verwendung von Oberfl\u00e4chen in Profiqualit\u00e4t. Diese Oberfl\u00e4chenwurden von der\u00a0<a href=\"http:\/\/www.itftennis.com\/\">I.T.F. (International Tennis Federation)<\/a> als \u201eFast 5\u201c zertifiziert und sind daher f\u00fcr die Durchf\u00fchrung von Turnieren oder offiziellen Veranstaltungen geeignet.[\/vc_column_text][\/vc_column][vc_column column_padding=&#8221;no-extra-padding&#8221; column_padding_position=&#8221;all&#8221; background_color_opacity=&#8221;1&#8243; background_hover_color_opacity=&#8221;1&#8243; column_link_target=&#8221;_self&#8221; column_shadow=&#8221;none&#8221; column_border_radius=&#8221;none&#8221; width=&#8221;1\/2&#8243; tablet_width_inherit=&#8221;default&#8221; tablet_text_alignment=&#8221;default&#8221; phone_text_alignment=&#8221;default&#8221; overlay_strength=&#8221;0.3&#8243; column_border_width=&#8221;none&#8221; column_border_style=&#8221;solid&#8221; bg_image_animation=&#8221;none&#8221;][vc_column_text]Die andere L\u00f6sung, die f\u00fcr den Bau eines Amateursportplatzes bestimmt ist, beh\u00e4lt ihre Eigenschaften der Best\u00e4ndigkeit gegen Abnutzung und Witterungseinfl\u00fcsse im Laufe der Zeit bei und garantiert Spielkomfort und Wartungsfreiheit. Die Oberfl\u00e4chenbeschaffenheit, die beiden Systemen gemeinsam ist, zeichnet sich durch hervorragende Verschlei\u00df- und Witterungsbest\u00e4ndigkeit sowie Rutschfestigkeit aus.<\/p>\n<p>Alle Produkte der Diasen Sportbodensysteme k\u00f6nnen mit Pinsel, Rolle, B\u00fcrste oder Airless-Verfahren aufgetragen werden.[\/vc_column_text][\/vc_column][\/vc_row][vc_row type=&#8221;in_container&#8221; full_screen_row_position=&#8221;middle&#8221; column_margin=&#8221;default&#8221; scene_position=&#8221;center&#8221; text_color=&#8221;dark&#8221; text_align=&#8221;left&#8221; overlay_strength=&#8221;0.3&#8243; shape_divider_position=&#8221;bottom&#8221; bg_image_animation=&#8221;none&#8221;][vc_column column_padding=&#8221;no-extra-padding&#8221; column_padding_position=&#8221;all&#8221; background_color_opacity=&#8221;1&#8243; background_hover_color_opacity=&#8221;1&#8243; column_link_target=&#8221;_self&#8221; column_shadow=&#8221;none&#8221; column_border_radius=&#8221;none&#8221; width=&#8221;1\/1&#8243; tablet_width_inherit=&#8221;default&#8221; tablet_text_alignment=&#8221;default&#8221; phone_text_alignment=&#8221;default&#8221; overlay_strength=&#8221;0.3&#8243; column_border_width=&#8221;none&#8221; column_border_style=&#8221;solid&#8221; bg_image_animation=&#8221;none&#8221;][vc_column_text]<div class=\"filter-sistemi\"><div class=\"filter-label\">Filtra per:<\/div><div class=\"select\"><select name=\"funzioni\"><option value=\"0\">Funzioni<\/option><option value=\"614\" >Abdichtung<\/option><option value=\"623\" >Abdichtung an kritischen Stellen<\/option><option value=\"642\" >Akustische Isolierung<\/option><option value=\"648\" >Asbest-Einkapselung<\/option><option value=\"610\" >Bau eines Mehrzweck-Sportplatzes<\/option><option value=\"609\" >Bau eines professionellen Tennisplatzes<\/option><option value=\"605\" >Bau eines Radwegs<\/option><option value=\"624\" >Grundierung der Oberfl\u00e4che<\/option><option value=\"638\" >Implementierung einer ultra-reflektierenden Beschichtung<\/option><option value=\"606\" >Realisierung eines begehbaren Belags<\/option><option value=\"632\" >Realisierung von Fahrbahnbel\u00e4gen<\/option><option value=\"628\" >Realisierung von Kondensationsschutzbeschichtungen<\/option><option value=\"626\" >Reparatur von Rissen in bitumin\u00f6sen Bahnen<\/option><option value=\"640\" >Sanierung von Feuchtigkeitssch\u00e4den<\/option><option value=\"629\" >Schimmelpilzsanierung<\/option><option value=\"637\" >Schutzschicht<\/option><option value=\"643\" >Vorgefertigte Abdichtungen<\/option><\/select><\/div><div class=\"select\"><select name=\"supporto\"><option value=\"0\">Supporto<\/option><option value=\"645\" >Acryl<\/option><option value=\"607\" >Beton<\/option><option value=\"647\" >Bewehrter Beton<\/option><option value=\"603\" >Bitumin\u00f6s<\/option><option value=\"644\" >Erde<\/option><option value=\"627\" >Innenanstriche<\/option><option value=\"619\" >Keramik<\/option><option value=\"621\" >Klinker<\/option><option value=\"649\" >Mauerwerk<\/option><option value=\"636\" >Metall<\/option><option value=\"613\" >Putz<\/option><option value=\"618\" >Stein<\/option><option value=\"622\" >Steinzeug<\/option><option value=\"620\" >Terrakotta<\/option><option value=\"650\" >Tuffstein<\/option><option value=\"608\" >Zement<\/option><option value=\"617\" >Ziegel<\/option><option value=\"646\" >Ziegelbeton<\/option><\/select><\/div><div><button id=\"filter_reset\">Azzera tutti i filtri<\/button><\/div><\/div><div class=\"sistemi-list\"><div class=\"vc_col-sm-4 referenza\"><a href=\"https:\/\/www.diasen.com\/de\/sistemi\/evolution-system-itf-2-fuer-asphaltuntergruende\/\"><div class=\"post-title\">Evolution System &#8211; ITF 2 &#8211; f\u00fcr Asphaltuntergr\u00fcnde<\/div><div class=\"post-excerpt\">Ein System, das speziell f\u00fcr den Bau von ITF-2-zertifizierten, mittelschnellen Profi-Tennispl\u00e4tzen auf bitumin\u00f6sen Untergr\u00fcnden entwickelt wurde. Auch f\u00fcr Mehrzwecksportpl\u00e4tze geeignet. Das System ist sowohl f\u00fcr den Innen- als auch f\u00fcr den Au\u00dfeneinsatz geeignet. Evolution System ist ein Tennisliniensystem.<\/div><\/div><\/a><div class=\"vc_col-sm-4 referenza\"><a href=\"https:\/\/www.diasen.com\/de\/sistemi\/pro-system-itf-3-fuer-asphaltuntergruende\/\"><div class=\"post-title\">PRO System &#8211; ITF 3 &#8211; f\u00fcr Asphaltuntergr\u00fcnde<\/div><div class=\"post-excerpt\">Ein System, das speziell f\u00fcr den Bau von ITF-3-zertifizierten Profi-Tennispl\u00e4tzen mittlerer Geschwindigkeit auf bitumin\u00f6sen Untergr\u00fcnden entwickelt wurde. Auch f\u00fcr Mehrzwecksportfl\u00e4chen geeignet. Das System ist sowohl f\u00fcr den Innen- als auch f\u00fcr den Au\u00dfeneinsatz geeignet. Das PRO System ist ein System die Tennis-Linie.<\/div><\/div><\/a><div class=\"vc_col-sm-4 referenza\"><a href=\"https:\/\/www.diasen.com\/de\/sistemi\/pro-system-itf-3-fuer-zementhaltige-untergruende\/\"><div class=\"post-title\">PRO System &#8211; ITF 3 &#8211; f\u00fcr zementhaltige Untergr\u00fcnde<\/div><div class=\"post-excerpt\">Ein System, das speziell f\u00fcr den Bau von ITF-3-zertifizierten Profi-Tennispl\u00e4tzen mittlerer Geschwindigkeit auf Betonuntergrund entwickelt wurde. Auch f\u00fcr Mehrzwecksportfl\u00e4chen geeignet. Das System ist sowohl f\u00fcr den Innen- als auch f\u00fcr den Au\u00dfeneinsatz geeignet. Das PRO System ist ein System die Tennis-Linie.<\/div><\/div><\/a><div class=\"clearfix\"><\/div><div class=\"vc_col-sm-4 referenza\"><a href=\"https:\/\/www.diasen.com\/de\/sistemi\/mat-system-fuer-asphaltuntergruende\/\"><div class=\"post-title\">Mat System f\u00fcr Asphaltuntergr\u00fcnde<\/div><div class=\"post-excerpt\">Ein System, das speziell f\u00fcr den Bau von Mehrzweckspielfeldern auf bitumin\u00f6sem Untergrund entwickelt wurde, die f\u00fcr alle Sportarten geeignet sind, wie z. B. Tennis, Basketball, F\u00fcnfer-Fu\u00dfball, Handball und Volleyball. Das System ist sowohl f\u00fcr den Innen- als auch f\u00fcr den Au\u00dfeneinsatz geeignet.<\/div><\/div><\/a><div class=\"vc_col-sm-4 referenza\"><a href=\"https:\/\/www.diasen.com\/de\/sistemi\/mat-system-fuer-zementhaltige-untergruende\/\"><div class=\"post-title\">Mat System f\u00fcr zementhaltige Untergr\u00fcnde<\/div><div class=\"post-excerpt\">Ein System, das speziell f\u00fcr den Bau von Mehrzweckspielfeldern auf Betonuntergrund entwickelt wurde, die f\u00fcr alle Sportarten geeignet sind, wie z. B. Tennis, Basketball, Fu\u00dfball, Handball und Volleyball. Das System ist f\u00fcr den Innen- und Au\u00dfeneinsatz geeignet.<\/div><\/div><\/a><div class=\"vc_col-sm-4 referenza\"><a href=\"https:\/\/www.diasen.com\/de\/sistemi\/evolution-system-itf-2-fuer-zementhaltige-untergruende\/\"><div class=\"post-title\">Evolution System &#8211; ITF 2 &#8211; f\u00fcr Asphaltuntergr\u00fcnde<\/div><div class=\"post-excerpt\">Ein System, das speziell f\u00fcr den Bau von ITF-2-zertifizierten, mittelschnellen Profi-Tennispl\u00e4tzen auf bitumin\u00f6sen Untergr\u00fcnden entwickelt wurde. Auch f\u00fcr Mehrzwecksportfl\u00e4chen geeignet. Das System ist sowohl f\u00fcr den Innen- als auch f\u00fcr den Au\u00dfeneinsatz geeignet. Evolution System ist ein System die Tennis-Linie.<\/div><\/div><\/a><div class=\"clearfix\"><\/div><div class=\"vc_col-sm-4 referenza\"><a href=\"https:\/\/www.diasen.com\/de\/sistemi\/x-pro-system-itf-5-fuer-asphaltuntergruende\/\"><div class=\"post-title\">X-PRO System &#8211; ITF 5 &#8211; f\u00fcr Asphaltuntergr\u00fcnde<\/div><div class=\"post-excerpt\">Sistema specificatamente studiato per la realizzazione, su supporti bituminosi, di campi da tennis professionali di tipo veloce certificati ITF 5. Idoneo anche per campi sportivi polivalenti. Sistema adatto sia in interno sia in esterno. X-PRO System \u00e8 un sistema della Linea Tennis.<\/div><\/div><\/a><\/div>\n\n        <script>\n            jQuery(document).ready(function() {\n\n                jQuery(\"select\").change(function() {\n\n                    var ambiente = \"\";\n                    var funzioni = \"\";\n                    var supporto = \"\";\n\n                    if(jQuery(this).attr(\"name\") == \"ambiente\") {\n                        ambiente = jQuery(this).attr(\"value\");\n                    }\n\n                    if(jQuery(this).attr(\"name\") == \"funzioni\") {\n                        funzioni = jQuery(this).attr(\"value\");\n                    }\n\n                    if(jQuery(this).attr(\"name\") == \"supporto\") {\n                        supporto = jQuery(this).attr(\"value\");\n                    }\n\n                    url = \"https:\/\/www.diasen.com\/de\/spielflaechen\/?funzioni=\" + funzioni + \"&supporto=\" + supporto + \"&ambiente=\" + ambiente;\n\n                    window.location.href = url;\n                    \n                });\n\n                jQuery(\"button#filter_reset\").click(function() {\n                    url = \"https:\/\/www.diasen.com\/de\/spielflaechen\/\";\n                    window.location.href = url;\n                });\n\n            });\n        <\/script>\n        \n        [\/vc_column_text][\/vc_column][\/vc_row]\n","protected":false},"excerpt":{"rendered":"<p>[vc_row type=&#8221;in_container&#8221; full_screen_row_position=&#8221;middle&#8221; column_margin=&#8221;default&#8221; scene_position=&#8221;center&#8221; text_color=&#8221;dark&#8221; text_align=&#8221;left&#8221; top_padding=&#8221;50&#8243; bottom_padding=&#8221;50&#8243; overlay_strength=&#8221;0.3&#8243; shape_divider_position=&#8221;bottom&#8221; bg_image_animation=&#8221;none&#8221; shape_type=&#8221;&#8221;][vc_column column_padding=&#8221;no-extra-padding&#8221; column_padding_position=&#8221;all&#8221; background_color_opacity=&#8221;1&#8243; background_hover_color_opacity=&#8221;1&#8243; column_link_target=&#8221;_self&#8221; column_shadow=&#8221;none&#8221; column_border_radius=&#8221;none&#8221; width=&#8221;1\/6&#8243; tablet_width_inherit=&#8221;default&#8221; tablet_text_alignment=&#8221;default&#8221; phone_text_alignment=&#8221;default&#8221; overlay_strength=&#8221;0.3&#8243; column_border_width=&#8221;none&#8221; column_border_style=&#8221;solid&#8221; bg_image_animation=&#8221;none&#8221;][\/vc_column][vc_column centered_text=&#8221;true&#8221; column_padding=&#8221;no-extra-padding&#8221;&#8230;<\/p>\n","protected":false},"author":3,"featured_media":0,"parent":0,"menu_order":0,"comment_status":"closed","ping_status":"closed","template":"","meta":{"_acf_changed":false,"content-type":"","inline_featured_image":false,"_price":"","_stock":"","_tribe_ticket_header":"","_tribe_default_ticket_provider":"","_tribe_ticket_capacity":"0","_ticket_start_date":"","_ticket_end_date":"","_tribe_ticket_show_description":"","_tribe_ticket_show_not_going":false,"_tribe_ticket_use_global_stock":"","_tribe_ticket_global_stock_level":"","_global_stock_mode":"","_global_stock_cap":"","_tribe_rsvp_for_event":"","_tribe_ticket_going_count":"","_tribe_ticket_not_going_count":"","_tribe_tickets_list":"[]","_tribe_ticket_has_attendee_info_fields":false,"footnotes":"","_tec_slr_enabled":"","_tec_slr_layout":""},"class_list":["post-22533","page","type-page","status-publish"],"acf":[],"yoast_head":"<!-- This site is optimized with the Yoast SEO plugin v27.3 - https:\/\/yoast.com\/product\/yoast-seo-wordpress\/ -->\n<title>Spielfl\u00e4chen - Diasen<\/title>\n<meta name=\"robots\" content=\"index, follow, max-snippet:-1, max-image-preview:large, max-video-preview:-1\" \/>\n<link rel=\"canonical\" href=\"https:\/\/diasen.com\/de\/spielflaechen\/\" \/>\n<meta property=\"og:locale\" content=\"de_DE\" \/>\n<meta property=\"og:type\" content=\"article\" \/>\n<meta property=\"og:title\" content=\"Spielfl\u00e4chen - Diasen\" \/>\n<meta property=\"og:description\" content=\"[vc_row type=&#8221;in_container&#8221; full_screen_row_position=&#8221;middle&#8221; column_margin=&#8221;default&#8221; scene_position=&#8221;center&#8221; text_color=&#8221;dark&#8221; text_align=&#8221;left&#8221; top_padding=&#8221;50&#8243; bottom_padding=&#8221;50&#8243; overlay_strength=&#8221;0.3&#8243; shape_divider_position=&#8221;bottom&#8221; bg_image_animation=&#8221;none&#8221; shape_type=&#8221;&#8221;][vc_column column_padding=&#8221;no-extra-padding&#8221; column_padding_position=&#8221;all&#8221; background_color_opacity=&#8221;1&#8243; background_hover_color_opacity=&#8221;1&#8243; column_link_target=&#8221;_self&#8221; column_shadow=&#8221;none&#8221; column_border_radius=&#8221;none&#8221; width=&#8221;1\/6&#8243; tablet_width_inherit=&#8221;default&#8221; tablet_text_alignment=&#8221;default&#8221; phone_text_alignment=&#8221;default&#8221; overlay_strength=&#8221;0.3&#8243; column_border_width=&#8221;none&#8221; column_border_style=&#8221;solid&#8221; bg_image_animation=&#8221;none&#8221;][\/vc_column][vc_column centered_text=&#8221;true&#8221; column_padding=&#8221;no-extra-padding&#8221;...\" \/>\n<meta property=\"og:url\" content=\"https:\/\/diasen.com\/de\/spielflaechen\/\" \/>\n<meta property=\"og:site_name\" content=\"Diasen\" \/>\n<meta property=\"article:modified_time\" content=\"2022-07-24T18:29:24+00:00\" \/>\n<meta name=\"twitter:card\" content=\"summary_large_image\" \/>\n<meta name=\"twitter:label1\" content=\"Gesch\u00e4tzte Lesezeit\" \/>\n\t<meta name=\"twitter:data1\" content=\"4\u00a0Minuten\" \/>\n<script type=\"application\/ld+json\" class=\"yoast-schema-graph\">{\"@context\":\"https:\\\/\\\/schema.org\",\"@graph\":[{\"@type\":\"WebPage\",\"@id\":\"https:\\\/\\\/diasen.com\\\/de\\\/spielflaechen\\\/\",\"url\":\"https:\\\/\\\/diasen.com\\\/de\\\/spielflaechen\\\/\",\"name\":\"Spielfl\u00e4chen - Diasen\",\"isPartOf\":{\"@id\":\"https:\\\/\\\/diasen.com\\\/#website\"},\"datePublished\":\"2022-07-24T18:29:20+00:00\",\"dateModified\":\"2022-07-24T18:29:24+00:00\",\"breadcrumb\":{\"@id\":\"https:\\\/\\\/diasen.com\\\/de\\\/spielflaechen\\\/#breadcrumb\"},\"inLanguage\":\"de\",\"potentialAction\":[{\"@type\":\"ReadAction\",\"target\":[\"https:\\\/\\\/diasen.com\\\/de\\\/spielflaechen\\\/\"]}]},{\"@type\":\"BreadcrumbList\",\"@id\":\"https:\\\/\\\/diasen.com\\\/de\\\/spielflaechen\\\/#breadcrumb\",\"itemListElement\":[{\"@type\":\"ListItem\",\"position\":1,\"name\":\"Home\",\"item\":\"https:\\\/\\\/www.diasen.com\\\/es\\\/\"},{\"@type\":\"ListItem\",\"position\":2,\"name\":\"Spielfl\u00e4chen\"}]},{\"@type\":\"WebSite\",\"@id\":\"https:\\\/\\\/diasen.com\\\/#website\",\"url\":\"https:\\\/\\\/diasen.com\\\/\",\"name\":\"Diasen\",\"description\":\"\",\"publisher\":{\"@id\":\"https:\\\/\\\/diasen.com\\\/#organization\"},\"potentialAction\":[{\"@type\":\"SearchAction\",\"target\":{\"@type\":\"EntryPoint\",\"urlTemplate\":\"https:\\\/\\\/diasen.com\\\/?s={search_term_string}\"},\"query-input\":{\"@type\":\"PropertyValueSpecification\",\"valueRequired\":true,\"valueName\":\"search_term_string\"}}],\"inLanguage\":\"de\"},{\"@type\":\"Organization\",\"@id\":\"https:\\\/\\\/diasen.com\\\/#organization\",\"name\":\"Diasen\",\"url\":\"https:\\\/\\\/diasen.com\\\/\",\"logo\":{\"@type\":\"ImageObject\",\"inLanguage\":\"de\",\"@id\":\"https:\\\/\\\/diasen.com\\\/#\\\/schema\\\/logo\\\/image\\\/\",\"url\":\"https:\\\/\\\/www.diasen.com\\\/wp-content\\\/uploads\\\/2026\\\/04\\\/logo_diasen.png\",\"contentUrl\":\"https:\\\/\\\/www.diasen.com\\\/wp-content\\\/uploads\\\/2026\\\/04\\\/logo_diasen.png\",\"width\":300,\"height\":160,\"caption\":\"Diasen\"},\"image\":{\"@id\":\"https:\\\/\\\/diasen.com\\\/#\\\/schema\\\/logo\\\/image\\\/\"}}]}<\/script>\n<!-- \/ Yoast SEO plugin. -->","yoast_head_json":{"title":"Spielfl\u00e4chen - Diasen","robots":{"index":"index","follow":"follow","max-snippet":"max-snippet:-1","max-image-preview":"max-image-preview:large","max-video-preview":"max-video-preview:-1"},"canonical":"https:\/\/diasen.com\/de\/spielflaechen\/","og_locale":"de_DE","og_type":"article","og_title":"Spielfl\u00e4chen - Diasen","og_description":"[vc_row type=&#8221;in_container&#8221; full_screen_row_position=&#8221;middle&#8221; column_margin=&#8221;default&#8221; scene_position=&#8221;center&#8221; text_color=&#8221;dark&#8221; text_align=&#8221;left&#8221; top_padding=&#8221;50&#8243; bottom_padding=&#8221;50&#8243; overlay_strength=&#8221;0.3&#8243; shape_divider_position=&#8221;bottom&#8221; bg_image_animation=&#8221;none&#8221; shape_type=&#8221;&#8221;][vc_column column_padding=&#8221;no-extra-padding&#8221; column_padding_position=&#8221;all&#8221; background_color_opacity=&#8221;1&#8243; background_hover_color_opacity=&#8221;1&#8243; column_link_target=&#8221;_self&#8221; column_shadow=&#8221;none&#8221; column_border_radius=&#8221;none&#8221; width=&#8221;1\/6&#8243; tablet_width_inherit=&#8221;default&#8221; tablet_text_alignment=&#8221;default&#8221; phone_text_alignment=&#8221;default&#8221; overlay_strength=&#8221;0.3&#8243; column_border_width=&#8221;none&#8221; column_border_style=&#8221;solid&#8221; bg_image_animation=&#8221;none&#8221;][\/vc_column][vc_column centered_text=&#8221;true&#8221; column_padding=&#8221;no-extra-padding&#8221;...","og_url":"https:\/\/diasen.com\/de\/spielflaechen\/","og_site_name":"Diasen","article_modified_time":"2022-07-24T18:29:24+00:00","twitter_card":"summary_large_image","twitter_misc":{"Gesch\u00e4tzte Lesezeit":"4\u00a0Minuten"},"schema":{"@context":"https:\/\/schema.org","@graph":[{"@type":"WebPage","@id":"https:\/\/diasen.com\/de\/spielflaechen\/","url":"https:\/\/diasen.com\/de\/spielflaechen\/","name":"Spielfl\u00e4chen - Diasen","isPartOf":{"@id":"https:\/\/diasen.com\/#website"},"datePublished":"2022-07-24T18:29:20+00:00","dateModified":"2022-07-24T18:29:24+00:00","breadcrumb":{"@id":"https:\/\/diasen.com\/de\/spielflaechen\/#breadcrumb"},"inLanguage":"de","potentialAction":[{"@type":"ReadAction","target":["https:\/\/diasen.com\/de\/spielflaechen\/"]}]},{"@type":"BreadcrumbList","@id":"https:\/\/diasen.com\/de\/spielflaechen\/#breadcrumb","itemListElement":[{"@type":"ListItem","position":1,"name":"Home","item":"https:\/\/www.diasen.com\/es\/"},{"@type":"ListItem","position":2,"name":"Spielfl\u00e4chen"}]},{"@type":"WebSite","@id":"https:\/\/diasen.com\/#website","url":"https:\/\/diasen.com\/","name":"Diasen","description":"","publisher":{"@id":"https:\/\/diasen.com\/#organization"},"potentialAction":[{"@type":"SearchAction","target":{"@type":"EntryPoint","urlTemplate":"https:\/\/diasen.com\/?s={search_term_string}"},"query-input":{"@type":"PropertyValueSpecification","valueRequired":true,"valueName":"search_term_string"}}],"inLanguage":"de"},{"@type":"Organization","@id":"https:\/\/diasen.com\/#organization","name":"Diasen","url":"https:\/\/diasen.com\/","logo":{"@type":"ImageObject","inLanguage":"de","@id":"https:\/\/diasen.com\/#\/schema\/logo\/image\/","url":"https:\/\/www.diasen.com\/wp-content\/uploads\/2026\/04\/logo_diasen.png","contentUrl":"https:\/\/www.diasen.com\/wp-content\/uploads\/2026\/04\/logo_diasen.png","width":300,"height":160,"caption":"Diasen"},"image":{"@id":"https:\/\/diasen.com\/#\/schema\/logo\/image\/"}}]}},"ticketed":false,"_links":{"self":[{"href":"https:\/\/www.diasen.com\/de\/wp-json\/wp\/v2\/pages\/22533","targetHints":{"allow":["GET"]}}],"collection":[{"href":"https:\/\/www.diasen.com\/de\/wp-json\/wp\/v2\/pages"}],"about":[{"href":"https:\/\/www.diasen.com\/de\/wp-json\/wp\/v2\/types\/page"}],"author":[{"embeddable":true,"href":"https:\/\/www.diasen.com\/de\/wp-json\/wp\/v2\/users\/3"}],"replies":[{"embeddable":true,"href":"https:\/\/www.diasen.com\/de\/wp-json\/wp\/v2\/comments?post=22533"}],"version-history":[{"count":1,"href":"https:\/\/www.diasen.com\/de\/wp-json\/wp\/v2\/pages\/22533\/revisions"}],"predecessor-version":[{"id":22534,"href":"https:\/\/www.diasen.com\/de\/wp-json\/wp\/v2\/pages\/22533\/revisions\/22534"}],"wp:attachment":[{"href":"https:\/\/www.diasen.com\/de\/wp-json\/wp\/v2\/media?parent=22533"}],"curies":[{"name":"wp","href":"https:\/\/api.w.org\/{rel}","templated":true}]}}