{"id":22483,"date":"2022-07-24T18:34:12","date_gmt":"2022-07-24T16:34:12","guid":{"rendered":"https:\/\/www.diasen.com\/forschung-und-entwicklung\/"},"modified":"2022-07-24T18:34:16","modified_gmt":"2022-07-24T16:34:16","slug":"forschung-und-entwicklung","status":"publish","type":"page","link":"https:\/\/www.diasen.com\/de\/forschung-und-entwicklung\/","title":{"rendered":"Forschung und Entwicklung"},"content":{"rendered":"[vc_row type=&#8221;in_container&#8221; full_screen_row_position=&#8221;middle&#8221; column_margin=&#8221;default&#8221; scene_position=&#8221;center&#8221; text_color=&#8221;dark&#8221; text_align=&#8221;left&#8221; overlay_strength=&#8221;0.3&#8243; shape_divider_position=&#8221;bottom&#8221; bg_image_animation=&#8221;none&#8221;][vc_column column_padding=&#8221;no-extra-padding&#8221; column_padding_position=&#8221;all&#8221; background_color_opacity=&#8221;1&#8243; background_hover_color_opacity=&#8221;1&#8243; column_link_target=&#8221;_self&#8221; column_shadow=&#8221;none&#8221; column_border_radius=&#8221;none&#8221; width=&#8221;1\/1&#8243; tablet_width_inherit=&#8221;default&#8221; tablet_text_alignment=&#8221;default&#8221; phone_text_alignment=&#8221;default&#8221; overlay_strength=&#8221;0.3&#8243; column_border_width=&#8221;none&#8221; column_border_style=&#8221;solid&#8221; bg_image_animation=&#8221;none&#8221;]<style type=\"text\/css\">@media only screen and (min-width: 1300px) { #nectar-slider-instance-1, #nectar-slider-instance-1 .swiper-container { height: 650px; }  } @media only screen and (max-width: 1299px) { #nectar-slider-instance-1, #nectar-slider-instance-1 .swiper-container { height: 541.66666666667px; }  } @media only screen and (max-width: 1000px) { #nectar-slider-instance-1, #nectar-slider-instance-1 .swiper-container { height: 464.28571428571px; }  } @media only screen and (max-width: 690px) { #nectar-slider-instance-1, #nectar-slider-instance-1 .swiper-container { height: 240.74074074074px; }  } <\/style><div  data-transition=\"slide\" data-overall_style=\"classic\" data-flexible-height=\"\" data-animate-in-effect=\"none\" data-fullscreen=\"false\" data-button-sizing=\"regular\" data-button-styling=\"btn_with_count\" data-autorotate=\"\" data-parallax=\"false\" data-parallax-disable-mobile=\"\" data-caption-trans=\"fade_in_from_bottom\" data-parallax-style=\"bg_only\" data-bg-animation=\"none\" data-full-width=\"true\" class=\"nectar-slider-wrap \" id=\"nectar-slider-instance-1\"><div class=\"swiper-container\"  data-tho=\"60\" data-tco=\"20\" data-pho=\"50\" data-pco=\"20\" data-loop=\"false\" data-height=\"650\" data-min-height=\"\" data-arrows=\"false\" data-bullets=\"false\" data-bullet_style=\"see_through\" data-bullet_position=\"bottom\" data-desktop-swipe=\"false\" data-settings=\"\"> <div class=\"swiper-wrapper\"><div class=\"swiper-slide\" data-desktop-content-width=\"auto\" data-tablet-content-width=\"auto\" data-bg-alignment=\"center\" data-color-scheme=\"light\" data-x-pos=\"centered\" data-y-pos=\"middle\" ><div class=\"slide-bg-wrap\"><div class=\"image-bg\" style=\"background-image: url(https:\/\/www.diasen.com\/wp-content\/uploads\/2020\/07\/diasen-ricerca-e-sviluppo.jpg);\"> &nbsp; <\/div><\/div><div class=\"container\">\n\t\t\t\t\t\t<div class=\"content\"><h2 class=\"ns-heading-el\">Forschung und Entwicklung<\/h2><p  ><span>Wir erweitern unser Wissen, um unsere Produkte zu verbessern<\/span><\/p><\/div>\n\t\t\t\t\t\t\t\t<\/div><!--\/container--><div class=\"video-texture \"> <span class=\"ie-fix\"><\/span> <\/div><\/div> <!--\/swiper-slide--><\/div><div class=\"nectar-slider-loading \"> <span class=\"loading-icon none\">   <\/span> <\/div> <\/div> \n\t\t\t\t\t\n\t\t\t\t\t<\/div>[\/vc_column][\/vc_row][vc_row type=&#8221;full_width_background&#8221; full_screen_row_position=&#8221;middle&#8221; column_margin=&#8221;default&#8221; bg_color=&#8221;#242423&#8243; scene_position=&#8221;center&#8221; text_color=&#8221;light&#8221; text_align=&#8221;left&#8221; top_padding=&#8221;70&#8243; bottom_padding=&#8221;50&#8243; overlay_strength=&#8221;0.3&#8243; shape_divider_position=&#8221;bottom&#8221; bg_image_animation=&#8221;none&#8221; shape_type=&#8221;&#8221;][vc_column column_padding=&#8221;no-extra-padding&#8221; column_padding_position=&#8221;left-right&#8221; background_color_opacity=&#8221;1&#8243; background_hover_color_opacity=&#8221;1&#8243; column_link_target=&#8221;_self&#8221; column_shadow=&#8221;none&#8221; column_border_radius=&#8221;none&#8221; width=&#8221;1\/5&#8243; tablet_width_inherit=&#8221;default&#8221; tablet_text_alignment=&#8221;default&#8221; phone_text_alignment=&#8221;default&#8221; overlay_strength=&#8221;0.3&#8243; column_border_width=&#8221;none&#8221; column_border_style=&#8221;solid&#8221; bg_image_animation=&#8221;none&#8221;][\/vc_column][vc_column column_padding=&#8221;no-extra-padding&#8221; column_padding_position=&#8221;all&#8221; background_color_opacity=&#8221;1&#8243; background_hover_color_opacity=&#8221;1&#8243; column_link_target=&#8221;_self&#8221; column_shadow=&#8221;none&#8221; column_border_radius=&#8221;none&#8221; width=&#8221;3\/5&#8243; tablet_width_inherit=&#8221;default&#8221; tablet_text_alignment=&#8221;default&#8221; phone_text_alignment=&#8221;default&#8221; overlay_strength=&#8221;0.3&#8243; column_border_width=&#8221;none&#8221; column_border_style=&#8221;solid&#8221; bg_image_animation=&#8221;none&#8221;][vc_column_text css=&#8221;.vc_custom_1594731446281{padding-bottom: 20px !important;}&#8221;]\n<h3 style=\"text-align: center;\">Die Marke Diasen ist ein Synonym f\u00fcr Erfolg und Leistung auf dem Markt der Bauchemie.<\/h3>\n[\/vc_column_text][vc_column_text]Dieser Standard ist das Ergebnis eines st\u00e4ndigen Engagements, einer Ethik des Nicht-Erf\u00fcllens. Er veranlasst das Unternehmen, in die Forschung zu investieren, sich mit fortschrittlichen Ger\u00e4ten und Maschinen auszustatten und auf junge Forscher zu setzen, die sich trauen und keine Angst vor dem Unternehmertum haben, denn die Dynamik der Welt braucht diejenigen, die die Zukunft vor sich haben. Forschung und Entwicklung, in diesem st\u00e4ndigen Versuch, den Markt und seine Trends zu antizipieren, ist das schlagende Herz der Innovation, der Grund f\u00fcr ein Unternehmen, das dem Gebot der Differenzierung folgt und seine St\u00e4rke, seinen Atem und seine Zukunftsprojektion erfasst. Diasen investiert etwa 5 % des wachsenden Umsatzes in die Forschung, eine Leistung, die es dem Unternehmen erm\u00f6glicht, das hervorragende Innovationsniveau in einem Kontext aufrechtzuerhalten, in dem Nachhaltigkeit und geringe Umweltauswirkungen das Unternehmen zwingen, neue und unerforschte Grenzen zu \u00fcberschreiten. Um die gr\u00f6\u00dfte Wirkung zu erzielen, brauchen Forschung und Entwicklung ein System von Perspektiven, eine Synergie, die es versteht, \u00fcber das Unternehmen hinauszugehen und sich f\u00fcr Kooperationen zu \u00f6ffnen, die in der Lage sind, Universit\u00e4ten und nationale und internationale Forschungszentren einzubeziehen. Es gibt keine Forschung und Entwicklung, wenn Ideen und Standpunkte nicht zirkulieren. Aus diesem Grund hat Diasen im Jahr 2018 die GREEN FUTURE ACADEMY er\u00f6ffnet, einen Raum, der sich an Fachleute, Schulen, die akademische Welt und die Forschung richtet, mit dem Ziel, sich als Zentrum f\u00fcr den Austausch neuer Ideen, umweltfreundliches Bewusstsein, Forschung und Synonym f\u00fcr Kreislaufwirtschaft zu charakterisieren. Diasen hat sich auch zum Ziel gesetzt, ein echtes Netzwerk f\u00fcr die Produktion und den Austausch von nachhaltigem Know-how zu werden. Nachhaltigkeit braucht ein Unternehmen, das in der Lage ist, das Beste aus der vergangenen Tradition des mediterranen Bauens zu \u00fcbernehmen und in die Zukunft zu projizieren. Der Wunsch, sein Wissen an all jene weiterzugeben, die daran interessiert sind, Entdecker und Interpreten zu werden. Diasen ist da.[\/vc_column_text][vc_row_inner column_margin=&#8221;default&#8221; top_padding=&#8221;30&#8243; text_align=&#8221;left&#8221;][vc_column_inner column_padding=&#8221;no-extra-padding&#8221; column_padding_position=&#8221;all&#8221; centered_text=&#8221;true&#8221; background_color_opacity=&#8221;1&#8243; background_hover_color_opacity=&#8221;1&#8243; column_shadow=&#8221;none&#8221; column_border_radius=&#8221;none&#8221; column_link_target=&#8221;_self&#8221; width=&#8221;1\/4&#8243; tablet_width_inherit=&#8221;default&#8221; overlay_strength=&#8221;0.3&#8243; column_border_width=&#8221;none&#8221; column_border_style=&#8221;solid&#8221; bg_image_animation=&#8221;none&#8221;][vc_column_text el_class=&#8221;green&#8221; max_width=&#8221;80&#8243; css=&#8221;.vc_custom_1595521807063{margin-bottom: 0px !important;padding-bottom: 0px !important;}&#8221;]\n<p style=\"text-align: center;\"><img loading=\"lazy\" decoding=\"async\" class=\"size-full wp-image-83 alignnone\" src=\"https:\/\/www.diasen.com\/wp-content\/uploads\/2020\/07\/icons-ricerca-e-sviluppo.png\" alt=\"\" width=\"260\" height=\"270\" \/><\/p>\n[\/vc_column_text][vc_column_text el_class=&#8221;green&#8221;]\n<p style=\"text-align: center;\"><span style=\"color: #809f49;\">Forschung<\/span><\/p>\n[\/vc_column_text][\/vc_column_inner][vc_column_inner column_padding=&#8221;no-extra-padding&#8221; column_padding_position=&#8221;all&#8221; centered_text=&#8221;true&#8221; background_color_opacity=&#8221;1&#8243; background_hover_color_opacity=&#8221;1&#8243; column_shadow=&#8221;none&#8221; column_border_radius=&#8221;none&#8221; column_link_target=&#8221;_self&#8221; width=&#8221;1\/4&#8243; tablet_width_inherit=&#8221;default&#8221; overlay_strength=&#8221;0.3&#8243; column_border_width=&#8221;none&#8221; column_border_style=&#8221;solid&#8221; bg_image_animation=&#8221;none&#8221;][vc_column_text el_class=&#8221;green&#8221; max_width=&#8221;80&#8243; css=&#8221;.vc_custom_1595521686270{margin-bottom: 0px !important;padding-bottom: 0px !important;}&#8221;]\n<p style=\"text-align: center;\"><img loading=\"lazy\" decoding=\"async\" class=\"alignnone wp-image-85 size-full\" src=\"https:\/\/www.diasen.com\/wp-content\/uploads\/2020\/07\/icons-rs-sperimentazione.png\" alt=\"\" width=\"260\" height=\"270\" \/><\/p>\n[\/vc_column_text][vc_column_text el_class=&#8221;green&#8221;]\n<p style=\"text-align: center;\"><span style=\"color: #809f49;\">Erprobung<\/span><\/p>\n[\/vc_column_text][\/vc_column_inner][vc_column_inner column_padding=&#8221;no-extra-padding&#8221; column_padding_position=&#8221;all&#8221; centered_text=&#8221;true&#8221; background_color_opacity=&#8221;1&#8243; background_hover_color_opacity=&#8221;1&#8243; column_shadow=&#8221;none&#8221; column_border_radius=&#8221;none&#8221; column_link_target=&#8221;_self&#8221; width=&#8221;1\/4&#8243; tablet_width_inherit=&#8221;default&#8221; overlay_strength=&#8221;0.3&#8243; column_border_width=&#8221;none&#8221; column_border_style=&#8221;solid&#8221; bg_image_animation=&#8221;none&#8221;][vc_column_text el_class=&#8221;green&#8221; max_width=&#8221;80&#8243; css=&#8221;.vc_custom_1595521702627{margin-bottom: 0px !important;padding-bottom: 0px !important;}&#8221;]\n<p style=\"text-align: center;\"><img loading=\"lazy\" decoding=\"async\" class=\"alignnone wp-image-86 size-full\" src=\"https:\/\/www.diasen.com\/wp-content\/uploads\/2020\/07\/icons-rs-sviluppo.png\" alt=\"\" width=\"260\" height=\"270\" \/><\/p>\n[\/vc_column_text][vc_column_text el_class=&#8221;green&#8221;]\n<p style=\"text-align: center;\"><span style=\"color: #809f49;\">Entwicklung<\/span><\/p>\n[\/vc_column_text][\/vc_column_inner][vc_column_inner column_padding=&#8221;no-extra-padding&#8221; column_padding_position=&#8221;all&#8221; centered_text=&#8221;true&#8221; background_color_opacity=&#8221;1&#8243; background_hover_color_opacity=&#8221;1&#8243; column_shadow=&#8221;none&#8221; column_border_radius=&#8221;none&#8221; column_link_target=&#8221;_self&#8221; width=&#8221;1\/4&#8243; tablet_width_inherit=&#8221;default&#8221; overlay_strength=&#8221;0.3&#8243; column_border_width=&#8221;none&#8221; column_border_style=&#8221;solid&#8221; bg_image_animation=&#8221;none&#8221;][vc_column_text el_class=&#8221;green&#8221; max_width=&#8221;80&#8243; css=&#8221;.vc_custom_1595521718342{margin-bottom: 0px !important;padding-bottom: 0px !important;}&#8221;]\n<p style=\"text-align: center;\"><img loading=\"lazy\" decoding=\"async\" class=\"alignnone wp-image-87 size-full\" src=\"https:\/\/www.diasen.com\/wp-content\/uploads\/2020\/07\/icons-rs-produzione.png\" alt=\"\" width=\"260\" height=\"270\" \/><\/p>\n[\/vc_column_text][vc_column_text el_class=&#8221;green&#8221;]\n<p style=\"text-align: center;\"><span style=\"color: #809f49;\">Produktion<\/span><\/p>\n[\/vc_column_text][\/vc_column_inner][\/vc_row_inner][\/vc_column][vc_column column_padding=&#8221;no-extra-padding&#8221; column_padding_position=&#8221;all&#8221; background_color_opacity=&#8221;1&#8243; background_hover_color_opacity=&#8221;1&#8243; column_link_target=&#8221;_self&#8221; column_shadow=&#8221;none&#8221; column_border_radius=&#8221;none&#8221; width=&#8221;1\/5&#8243; tablet_width_inherit=&#8221;default&#8221; tablet_text_alignment=&#8221;default&#8221; phone_text_alignment=&#8221;default&#8221; overlay_strength=&#8221;0.3&#8243; column_border_width=&#8221;none&#8221; column_border_style=&#8221;solid&#8221; bg_image_animation=&#8221;none&#8221;][\/vc_column][\/vc_row][vc_row type=&#8221;full_width_content&#8221; full_screen_row_position=&#8221;middle&#8221; column_margin=&#8221;default&#8221; bg_color=&#8221;#242423&#8243; scene_position=&#8221;center&#8221; text_color=&#8221;light&#8221; text_align=&#8221;center&#8221; overlay_strength=&#8221;0.3&#8243; shape_divider_position=&#8221;bottom&#8221; bg_image_animation=&#8221;none&#8221; shape_type=&#8221;&#8221;][vc_column column_padding=&#8221;no-extra-padding&#8221; column_padding_position=&#8221;all&#8221; background_color_opacity=&#8221;1&#8243; background_hover_color_opacity=&#8221;1&#8243; column_link_target=&#8221;_self&#8221; column_shadow=&#8221;none&#8221; column_border_radius=&#8221;none&#8221; width=&#8221;1\/1&#8243; tablet_width_inherit=&#8221;default&#8221; tablet_text_alignment=&#8221;default&#8221; phone_text_alignment=&#8221;default&#8221; overlay_strength=&#8221;0.3&#8243; column_border_width=&#8221;none&#8221; column_border_style=&#8221;solid&#8221; bg_image_animation=&#8221;none&#8221;][image_with_animation image_url=&#8221;81&#8243; alignment=&#8221;center&#8221; animation=&#8221;Fade In&#8221; hover_animation=&#8221;none&#8221; border_radius=&#8221;none&#8221; box_shadow=&#8221;none&#8221; image_loading=&#8221;default&#8221; max_width=&#8221;100%&#8221; max_width_mobile=&#8221;default&#8221;][\/vc_column][\/vc_row]\n","protected":false},"excerpt":{"rendered":"<p>[vc_row type=&#8221;in_container&#8221; full_screen_row_position=&#8221;middle&#8221; column_margin=&#8221;default&#8221; scene_position=&#8221;center&#8221; text_color=&#8221;dark&#8221; text_align=&#8221;left&#8221; overlay_strength=&#8221;0.3&#8243; shape_divider_position=&#8221;bottom&#8221; bg_image_animation=&#8221;none&#8221;][vc_column column_padding=&#8221;no-extra-padding&#8221; column_padding_position=&#8221;all&#8221; background_color_opacity=&#8221;1&#8243; background_hover_color_opacity=&#8221;1&#8243; column_link_target=&#8221;_self&#8221; column_shadow=&#8221;none&#8221; column_border_radius=&#8221;none&#8221; width=&#8221;1\/1&#8243; tablet_width_inherit=&#8221;default&#8221; tablet_text_alignment=&#8221;default&#8221; phone_text_alignment=&#8221;default&#8221; overlay_strength=&#8221;0.3&#8243; column_border_width=&#8221;none&#8221; column_border_style=&#8221;solid&#8221; bg_image_animation=&#8221;none&#8221;][\/vc_column][\/vc_row][vc_row type=&#8221;full_width_background&#8221; full_screen_row_position=&#8221;middle&#8221; column_margin=&#8221;default&#8221; bg_color=&#8221;#242423&#8243; scene_position=&#8221;center&#8221;&#8230;<\/p>\n","protected":false},"author":3,"featured_media":0,"parent":0,"menu_order":0,"comment_status":"closed","ping_status":"closed","template":"","meta":{"_acf_changed":false,"content-type":"","inline_featured_image":false,"_price":"","_stock":"","_tribe_ticket_header":"","_tribe_default_ticket_provider":"","_tribe_ticket_capacity":"0","_ticket_start_date":"","_ticket_end_date":"","_tribe_ticket_show_description":"","_tribe_ticket_show_not_going":false,"_tribe_ticket_use_global_stock":"","_tribe_ticket_global_stock_level":"","_global_stock_mode":"","_global_stock_cap":"","_tribe_rsvp_for_event":"","_tribe_ticket_going_count":"","_tribe_ticket_not_going_count":"","_tribe_tickets_list":"[]","_tribe_ticket_has_attendee_info_fields":false,"footnotes":"","_tec_slr_enabled":"","_tec_slr_layout":""},"class_list":["post-22483","page","type-page","status-publish"],"acf":[],"yoast_head":"<!-- This site is optimized with the Yoast SEO plugin v27.3 - https:\/\/yoast.com\/product\/yoast-seo-wordpress\/ -->\n<title>Forschung und Entwicklung - Diasen<\/title>\n<meta name=\"description\" content=\"Die Marke Diasen ist ein Synonym f\u00fcr Erfolg und Leistung auf dem Markt der Bauchemie.\" \/>\n<meta name=\"robots\" content=\"index, follow, max-snippet:-1, max-image-preview:large, max-video-preview:-1\" \/>\n<link rel=\"canonical\" href=\"https:\/\/diasen.com\/de\/forschung-und-entwicklung\/\" \/>\n<meta property=\"og:locale\" content=\"de_DE\" \/>\n<meta property=\"og:type\" content=\"article\" \/>\n<meta property=\"og:title\" content=\"Forschung und Entwicklung - Diasen\" \/>\n<meta property=\"og:description\" content=\"Die Marke Diasen ist ein Synonym f\u00fcr Erfolg und Leistung auf dem Markt der Bauchemie.\" \/>\n<meta property=\"og:url\" content=\"https:\/\/diasen.com\/de\/forschung-und-entwicklung\/\" \/>\n<meta property=\"og:site_name\" content=\"Diasen\" \/>\n<meta property=\"article:modified_time\" content=\"2022-07-24T16:34:16+00:00\" \/>\n<meta property=\"og:image\" content=\"https:\/\/diasen.com\/wp-content\/uploads\/2020\/07\/icons-ricerca-e-sviluppo.png\" \/>\n<meta name=\"twitter:card\" content=\"summary_large_image\" \/>\n<meta name=\"twitter:label1\" content=\"Gesch\u00e4tzte Lesezeit\" \/>\n\t<meta name=\"twitter:data1\" content=\"6\u00a0Minuten\" \/>\n<script type=\"application\/ld+json\" class=\"yoast-schema-graph\">{\"@context\":\"https:\\\/\\\/schema.org\",\"@graph\":[{\"@type\":\"WebPage\",\"@id\":\"https:\\\/\\\/diasen.com\\\/de\\\/forschung-und-entwicklung\\\/\",\"url\":\"https:\\\/\\\/diasen.com\\\/de\\\/forschung-und-entwicklung\\\/\",\"name\":\"Forschung und Entwicklung - Diasen\",\"isPartOf\":{\"@id\":\"https:\\\/\\\/diasen.com\\\/#website\"},\"primaryImageOfPage\":{\"@id\":\"https:\\\/\\\/diasen.com\\\/de\\\/forschung-und-entwicklung\\\/#primaryimage\"},\"image\":{\"@id\":\"https:\\\/\\\/diasen.com\\\/de\\\/forschung-und-entwicklung\\\/#primaryimage\"},\"thumbnailUrl\":\"https:\\\/\\\/www.diasen.com\\\/wp-content\\\/uploads\\\/2020\\\/07\\\/icons-ricerca-e-sviluppo.png\",\"datePublished\":\"2022-07-24T16:34:12+00:00\",\"dateModified\":\"2022-07-24T16:34:16+00:00\",\"description\":\"Die Marke Diasen ist ein Synonym f\u00fcr Erfolg und Leistung auf dem Markt der Bauchemie.\",\"breadcrumb\":{\"@id\":\"https:\\\/\\\/diasen.com\\\/de\\\/forschung-und-entwicklung\\\/#breadcrumb\"},\"inLanguage\":\"de\",\"potentialAction\":[{\"@type\":\"ReadAction\",\"target\":[\"https:\\\/\\\/diasen.com\\\/de\\\/forschung-und-entwicklung\\\/\"]}]},{\"@type\":\"ImageObject\",\"inLanguage\":\"de\",\"@id\":\"https:\\\/\\\/diasen.com\\\/de\\\/forschung-und-entwicklung\\\/#primaryimage\",\"url\":\"https:\\\/\\\/www.diasen.com\\\/wp-content\\\/uploads\\\/2020\\\/07\\\/icons-ricerca-e-sviluppo.png\",\"contentUrl\":\"https:\\\/\\\/www.diasen.com\\\/wp-content\\\/uploads\\\/2020\\\/07\\\/icons-ricerca-e-sviluppo.png\"},{\"@type\":\"BreadcrumbList\",\"@id\":\"https:\\\/\\\/diasen.com\\\/de\\\/forschung-und-entwicklung\\\/#breadcrumb\",\"itemListElement\":[{\"@type\":\"ListItem\",\"position\":1,\"name\":\"Home\",\"item\":\"https:\\\/\\\/www.diasen.com\\\/es\\\/\"},{\"@type\":\"ListItem\",\"position\":2,\"name\":\"Forschung und Entwicklung\"}]},{\"@type\":\"WebSite\",\"@id\":\"https:\\\/\\\/diasen.com\\\/#website\",\"url\":\"https:\\\/\\\/diasen.com\\\/\",\"name\":\"Diasen\",\"description\":\"\",\"publisher\":{\"@id\":\"https:\\\/\\\/diasen.com\\\/#organization\"},\"potentialAction\":[{\"@type\":\"SearchAction\",\"target\":{\"@type\":\"EntryPoint\",\"urlTemplate\":\"https:\\\/\\\/diasen.com\\\/?s={search_term_string}\"},\"query-input\":{\"@type\":\"PropertyValueSpecification\",\"valueRequired\":true,\"valueName\":\"search_term_string\"}}],\"inLanguage\":\"de\"},{\"@type\":\"Organization\",\"@id\":\"https:\\\/\\\/diasen.com\\\/#organization\",\"name\":\"Diasen\",\"url\":\"https:\\\/\\\/diasen.com\\\/\",\"logo\":{\"@type\":\"ImageObject\",\"inLanguage\":\"de\",\"@id\":\"https:\\\/\\\/diasen.com\\\/#\\\/schema\\\/logo\\\/image\\\/\",\"url\":\"https:\\\/\\\/www.diasen.com\\\/wp-content\\\/uploads\\\/2026\\\/04\\\/logo_diasen.png\",\"contentUrl\":\"https:\\\/\\\/www.diasen.com\\\/wp-content\\\/uploads\\\/2026\\\/04\\\/logo_diasen.png\",\"width\":300,\"height\":160,\"caption\":\"Diasen\"},\"image\":{\"@id\":\"https:\\\/\\\/diasen.com\\\/#\\\/schema\\\/logo\\\/image\\\/\"}}]}<\/script>\n<!-- \/ Yoast SEO plugin. -->","yoast_head_json":{"title":"Forschung und Entwicklung - Diasen","description":"Die Marke Diasen ist ein Synonym f\u00fcr Erfolg und Leistung auf dem Markt der Bauchemie.","robots":{"index":"index","follow":"follow","max-snippet":"max-snippet:-1","max-image-preview":"max-image-preview:large","max-video-preview":"max-video-preview:-1"},"canonical":"https:\/\/diasen.com\/de\/forschung-und-entwicklung\/","og_locale":"de_DE","og_type":"article","og_title":"Forschung und Entwicklung - Diasen","og_description":"Die Marke Diasen ist ein Synonym f\u00fcr Erfolg und Leistung auf dem Markt der Bauchemie.","og_url":"https:\/\/diasen.com\/de\/forschung-und-entwicklung\/","og_site_name":"Diasen","article_modified_time":"2022-07-24T16:34:16+00:00","og_image":[{"url":"https:\/\/diasen.com\/wp-content\/uploads\/2020\/07\/icons-ricerca-e-sviluppo.png","type":"","width":"","height":""}],"twitter_card":"summary_large_image","twitter_misc":{"Gesch\u00e4tzte Lesezeit":"6\u00a0Minuten"},"schema":{"@context":"https:\/\/schema.org","@graph":[{"@type":"WebPage","@id":"https:\/\/diasen.com\/de\/forschung-und-entwicklung\/","url":"https:\/\/diasen.com\/de\/forschung-und-entwicklung\/","name":"Forschung und Entwicklung - Diasen","isPartOf":{"@id":"https:\/\/diasen.com\/#website"},"primaryImageOfPage":{"@id":"https:\/\/diasen.com\/de\/forschung-und-entwicklung\/#primaryimage"},"image":{"@id":"https:\/\/diasen.com\/de\/forschung-und-entwicklung\/#primaryimage"},"thumbnailUrl":"https:\/\/www.diasen.com\/wp-content\/uploads\/2020\/07\/icons-ricerca-e-sviluppo.png","datePublished":"2022-07-24T16:34:12+00:00","dateModified":"2022-07-24T16:34:16+00:00","description":"Die Marke Diasen ist ein Synonym f\u00fcr Erfolg und Leistung auf dem Markt der Bauchemie.","breadcrumb":{"@id":"https:\/\/diasen.com\/de\/forschung-und-entwicklung\/#breadcrumb"},"inLanguage":"de","potentialAction":[{"@type":"ReadAction","target":["https:\/\/diasen.com\/de\/forschung-und-entwicklung\/"]}]},{"@type":"ImageObject","inLanguage":"de","@id":"https:\/\/diasen.com\/de\/forschung-und-entwicklung\/#primaryimage","url":"https:\/\/www.diasen.com\/wp-content\/uploads\/2020\/07\/icons-ricerca-e-sviluppo.png","contentUrl":"https:\/\/www.diasen.com\/wp-content\/uploads\/2020\/07\/icons-ricerca-e-sviluppo.png"},{"@type":"BreadcrumbList","@id":"https:\/\/diasen.com\/de\/forschung-und-entwicklung\/#breadcrumb","itemListElement":[{"@type":"ListItem","position":1,"name":"Home","item":"https:\/\/www.diasen.com\/es\/"},{"@type":"ListItem","position":2,"name":"Forschung und Entwicklung"}]},{"@type":"WebSite","@id":"https:\/\/diasen.com\/#website","url":"https:\/\/diasen.com\/","name":"Diasen","description":"","publisher":{"@id":"https:\/\/diasen.com\/#organization"},"potentialAction":[{"@type":"SearchAction","target":{"@type":"EntryPoint","urlTemplate":"https:\/\/diasen.com\/?s={search_term_string}"},"query-input":{"@type":"PropertyValueSpecification","valueRequired":true,"valueName":"search_term_string"}}],"inLanguage":"de"},{"@type":"Organization","@id":"https:\/\/diasen.com\/#organization","name":"Diasen","url":"https:\/\/diasen.com\/","logo":{"@type":"ImageObject","inLanguage":"de","@id":"https:\/\/diasen.com\/#\/schema\/logo\/image\/","url":"https:\/\/www.diasen.com\/wp-content\/uploads\/2026\/04\/logo_diasen.png","contentUrl":"https:\/\/www.diasen.com\/wp-content\/uploads\/2026\/04\/logo_diasen.png","width":300,"height":160,"caption":"Diasen"},"image":{"@id":"https:\/\/diasen.com\/#\/schema\/logo\/image\/"}}]}},"ticketed":false,"_links":{"self":[{"href":"https:\/\/www.diasen.com\/de\/wp-json\/wp\/v2\/pages\/22483","targetHints":{"allow":["GET"]}}],"collection":[{"href":"https:\/\/www.diasen.com\/de\/wp-json\/wp\/v2\/pages"}],"about":[{"href":"https:\/\/www.diasen.com\/de\/wp-json\/wp\/v2\/types\/page"}],"author":[{"embeddable":true,"href":"https:\/\/www.diasen.com\/de\/wp-json\/wp\/v2\/users\/3"}],"replies":[{"embeddable":true,"href":"https:\/\/www.diasen.com\/de\/wp-json\/wp\/v2\/comments?post=22483"}],"version-history":[{"count":1,"href":"https:\/\/www.diasen.com\/de\/wp-json\/wp\/v2\/pages\/22483\/revisions"}],"predecessor-version":[{"id":22484,"href":"https:\/\/www.diasen.com\/de\/wp-json\/wp\/v2\/pages\/22483\/revisions\/22484"}],"wp:attachment":[{"href":"https:\/\/www.diasen.com\/de\/wp-json\/wp\/v2\/media?parent=22483"}],"curies":[{"name":"wp","href":"https:\/\/api.w.org\/{rel}","templated":true}]}}